{"id":58708,"date":"2025-12-08T17:13:55","date_gmt":"2025-12-08T16:13:55","guid":{"rendered":"https:\/\/www.insuco.com\/intelligence-artificielle\/"},"modified":"2026-01-20T20:22:56","modified_gmt":"2026-01-20T19:22:56","slug":"inteligencia_artificial","status":"publish","type":"page","link":"https:\/\/www.insuco.com\/es\/inteligencia_artificial\/","title":{"rendered":"Nuestro uso de la Inteligencia Artificial"},"content":{"rendered":"<p>[et_pb_section fb_built=\u00bb1&#8243; _builder_version=\u00bb4.16&#8243; use_background_color_gradient=\u00bbon\u00bb background_color_gradient_stops=\u00bb#00818b 0%|rgba(0,129,139,0.99) 100%\u00bb background_color_gradient_overlays_image=\u00bbon\u00bb background_color_gradient_start=\u00bb#00818b\u00bb background_color_gradient_end=\u00bbrgba(0,129,139,0.99)\u00bb background_image=\u00bbhttps:\/\/www.insuco.com\/wp-content\/uploads\/2019\/04\/insuco-slider2.jpg\u00bb custom_padding=\u00bb65px|0px|23px|0px|false|false\u00bb global_colors_info=\u00bb{}\u00bb][et_pb_row _builder_version=\u00bb4.16&#8243; custom_padding=\u00bb27px|0px|0|0px|false|false\u00bb global_colors_info=\u00bb{}\u00bb][et_pb_column type=\u00bb4_4&#8243; _builder_version=\u00bb4.16&#8243; custom_padding=\u00bb|||\u00bb global_colors_info=\u00bb{}\u00bb custom_padding__hover=\u00bb|||\u00bb][et_pb_text _builder_version=\u00bb4.27.4&#8243; header_font=\u00bb|300|||||||\u00bb header_text_color=\u00bb#ffffff\u00bb header_font_size=\u00bb70px\u00bb header_2_font=\u00bb||||||||\u00bb header_2_text_color=\u00bb#ffffff\u00bb header_2_font_size=\u00bb60px\u00bb custom_padding=\u00bb|100px||\u00bb animation_style=\u00bbslide\u00bb animation_direction=\u00bbright\u00bb animation_delay=\u00bb500ms\u00bb link_option_url=\u00bb#\u00bb header_font_size_tablet=\u00bb\u00bb header_font_size_phone=\u00bb50px\u00bb header_font_size_last_edited=\u00bbon|phone\u00bb global_colors_info=\u00bb{}\u00bb header_2_text_color__hover_enabled=\u00bbon\u00bb header_2_text_color__hover=\u00bb#b1e3e3&#8243;]<\/p>\n<h1><span style=\"font-weight: 400;\">Nuestro uso de la Inteligencia Artificial<\/span><\/h1>\n<p>[\/et_pb_text][\/et_pb_column][\/et_pb_row][\/et_pb_section][et_pb_section fb_built=\u00bb1&#8243; _builder_version=\u00bb4.16&#8243; global_colors_info=\u00bb{}\u00bb][et_pb_row _builder_version=\u00bb4.16&#8243; background_size=\u00bbinitial\u00bb background_position=\u00bbtop_left\u00bb background_repeat=\u00bbrepeat\u00bb global_colors_info=\u00bb{}\u00bb][et_pb_column type=\u00bb4_4&#8243; _builder_version=\u00bb4.16&#8243; custom_padding=\u00bb|||\u00bb global_colors_info=\u00bb{}\u00bb custom_padding__hover=\u00bb|||\u00bb][et_pb_text _builder_version=\u00bb4.27.4&#8243; header_font=\u00bb||||||||\u00bb header_2_font=\u00bb||||||||\u00bb header_2_font_size=\u00bb30px\u00bb header_3_font=\u00bb||||||||\u00bb header_3_font_size=\u00bb24px\u00bb background_size=\u00bbinitial\u00bb background_position=\u00bbtop_left\u00bb background_repeat=\u00bbrepeat\u00bb global_colors_info=\u00bb{}\u00bb]<\/p>\n<h2>1. Introducci\u00f3n<\/h2>\n<p><span style=\"font-weight: 400;\">En nuestra calidad de consultor\u00eda a la vanguardia de la innovaci\u00f3n, Insuco desea optimizar la calidad y el rendimiento de su experiencia integrando la Inteligencia Artificial (IA) de manera responsable en sus procesos internos.<\/span><\/p>\n<p><span style=\"font-weight: 400;\">Dado que nuestro enfoque est\u00e1 centrado en la sostenibilidad social, nuestro uso de herramientas que recurren a la IA debe contribuir a nuestros valores y a los est\u00e1ndares de calidad de nuestra experiencia.<\/span><\/p>\n<p><span style=\"font-weight: 400;\">Como miembro de la Asociaci\u00f3n Internacional para la Evaluaci\u00f3n de Impacto (IAIA), Insuco se adhiere plenamente a sus Principios para el uso de la inteligencia artificial en la evaluaci\u00f3n de impacto (<\/span><a href=\"https:\/\/iaia.org\/wp-content\/uploads\/2025\/06\/SP16_AI-in-IA.pdf\"><span style=\"font-weight: 400;\">SP n\u00b016, Feb. 2026<\/span><\/a><span style=\"font-weight: 400;\">). Estos principios tienen como objetivo establecer salvaguardias para un uso \u00e9tico y responsable de la IA en el sector de la evaluaci\u00f3n de impacto.<\/span><\/p>\n<p><span style=\"font-weight: 400;\">M\u00e1s generalmente, Insuco se adhiere al reglamento europeo sobre Inteligencia Artificial (<\/span><a href=\"https:\/\/www.europarl.europa.eu\/doceo\/document\/TA-9-2024-0138-FNL-COR01_FR.pdf\"><span style=\"font-weight: 400;\">AI Act<\/span><\/a><span style=\"font-weight: 400;\">), promulgado en 2024, que tiene como objetivo, entre otras cosas, responsabilizar y enmarcar el uso de la IA por parte de las empresas en relaci\u00f3n con la protecci\u00f3n de sus partes interesadas y los ciudadanos.<\/span><\/p>\n<h2>2. Transparencia en el uso de la IA y Protecci\u00f3n de datos personales<\/h2>\n<p><span style=\"font-weight: 400;\">Insuco se compromete a una transparencia completa en cuanto al uso de la inteligencia artificial (IA) por parte de sus colaboradores y expertos externos.<\/span><\/p>\n<p><span style=\"font-weight: 400;\">Todos nuestros informes relacionados con la evaluaci\u00f3n de impacto mencionan claramente el uso de la IA (denominaci\u00f3n de la herramienta, tipo de uso, m\u00e9todo de control, fecha), as\u00ed como la conformidad con las pol\u00edticas, normas o reglamentos vigentes que rigen el uso de la IA.<\/span><\/p>\n<p><span style=\"font-weight: 400;\">En esta perspectiva, todos los datos recopilados de las partes interesadas (individuos, comunidades, organizaciones) que procesamos con la ayuda de herramientas de IA, se realizan en estricto cumplimiento del<\/span><a href=\"https:\/\/www.legifrance.gouv.fr\/jorf\/id\/JORFTEXT000037085952\"><span style=\"font-weight: 400;\"> Reglamento General de Protecci\u00f3n de Datos (RGPD)<\/span><\/a><span style=\"font-weight: 400;\"> europeo, y del principio de revocabilidad\/correcci\u00f3n de datos.<\/span><\/p>\n<h2>3. La experiencia sigue siendo la piedra angular de nuestros estudios<\/h2>\n<p><span style=\"font-weight: 400;\">La inteligencia artificial (IA) es un instrumento al servicio de nuestros colaboradores y expertos. No es un sustituto. La implicaci\u00f3n de las partes interesadas y el trabajo de campo, que son los pilares de nuestras intervenciones, siguen siendo actividades dirigidas por nuestros expertos y colaboradores.<\/span><\/p>\n<p><span style=\"font-weight: 400;\">La IA puede enriquecer u optimizar los estudios de campo, las evaluaciones de impacto, el procesamiento de un gran n\u00famero de datos, el seguimiento y la evaluaci\u00f3n de los planes de <\/span><span style=\"font-weight: 400;\">acci\u00f3n. Sin embargo, nuestra supervisi\u00f3n profesional sigue siendo imperativa: nuestros colaboradores, expertos e investigadores proceden a una verificaci\u00f3n independiente de los resultados generados por las herramientas de IA autorizadas por Insuco a las que recurren.<\/span><\/p>\n<p><span style=\"font-weight: 400;\">La responsabilidad de la aplicaci\u00f3n de la IA en la totalidad de los procesos de evaluaci\u00f3n de impacto, desde la concepci\u00f3n hasta la finalizaci\u00f3n, recae enteramente en nuestros equipos. Esto incluye la decisi\u00f3n de integrar la IA, la supervisi\u00f3n y gesti\u00f3n de su aplicaci\u00f3n, la validaci\u00f3n del contenido y los an\u00e1lisis, la verificaci\u00f3n de las fuentes y los datos, la exactitud de la informaci\u00f3n, la revisi\u00f3n de nuestros informes por parte de las autoridades reguladoras, la gesti\u00f3n de los comentarios p\u00fablicos, las respuestas proporcionadas, as\u00ed como la formulaci\u00f3n de las conclusiones y las recomendaciones de acciones.<\/span><\/p>\n<h2>4. La IA al servicio de metodolog\u00edas probadas<\/h2>\n<p><span style=\"font-weight: 400;\">Nuestros estudios se basan en m\u00e9todos, protocolos y herramientas validados por la comunidad de expertos y autoridades del sector de la evaluaci\u00f3n de impacto.<\/span><\/p>\n<p><span style=\"font-weight: 400;\">Utilizamos las herramientas de IA de manera controlada para complementar y mejorar nuestros procesos, sin reemplazar, suplantar o infringir los m\u00e9todos, protocolos y herramientas recomendadas<\/span><span style=\"font-weight: 400;\"> o reglamentarias: los principios cient\u00edficos, las t\u00e9cnicas de evaluaci\u00f3n, c\u00e1lculo y modelado estandarizadas, las reglas de protecci\u00f3n de datos sociales y ambientales.<\/span><\/p>\n<p><span style=\"font-weight: 400;\">Todo proceso de evaluaci\u00f3n de impacto debe cumplir con las pol\u00edticas y requisitos en materia de IA del pa\u00eds donde se realiza la evaluaci\u00f3n, as\u00ed como con las pol\u00edticas y normas de cualquier organizaci\u00f3n que financie o apoye dicha evaluaci\u00f3n, seg\u00fan el principio de la norma m\u00e1s exigente. As\u00ed, nuestros m\u00e9todos, protocolos y herramientas no integran los sistemas de IA clasificados como inaceptables y de alto riesgo seg\u00fan la<\/span><a href=\"https:\/\/www.europarl.europa.eu\/doceo\/document\/TA-9-2024-0138-FNL-COR01_FR.pdf\"><span style=\"font-weight: 400;\"> AI Act<\/span><\/a><span style=\"font-weight: 400;\">.<\/span><\/p>\n<h2>5. Consideraci\u00f3n de los sesgos y la inclusividad<\/h2>\n<p><span style=\"font-weight: 400;\">Implementamos una gesti\u00f3n cuidadosa de los sesgos de la IA y un proceso de control de calidad de las entradas (prompts) y los resultados.<\/span><\/p>\n<p><span style=\"font-weight: 400;\">La informaci\u00f3n y los datos proporcionados por las herramientas de IA pueden ser insuficientes o no representar fielmente a los grupos ind\u00edgenas, vulnerables, afectados por conflictos o marginados. <\/span><\/p>\n<p><span style=\"font-weight: 400;\">Por ello, la IA no debe reemplazar la comunicaci\u00f3n directa con las personas afectadas o el juicio de los expertos.<\/span><\/p>\n<p><span style=\"font-weight: 400;\">Los usuarios de la IA deben ejercer una supervisi\u00f3n humana para prevenir errores y asegurar una representaci\u00f3n precisa. Es crucial buscar y tratar las limitaciones de las herramientas y sistemas de IA, tales como:<\/span><\/p>\n<ul>\n<li style=\"font-weight: 400;\" aria-level=\"1\"><span style=\"font-weight: 400;\">los sesgos;<\/span><\/li>\n<li style=\"font-weight: 400;\" aria-level=\"1\"><span style=\"font-weight: 400;\">las \u00abalucinaciones\u00bb de la IA (informaci\u00f3n falsa o enga\u00f1osa);<\/span><\/li>\n<li style=\"font-weight: 400;\" aria-level=\"1\"><span style=\"font-weight: 400;\">los datos incompletos, especialmente para lugares y contextos remotos;<\/span><\/li>\n<li style=\"font-weight: 400;\" aria-level=\"1\"><span style=\"font-weight: 400;\">los temas y lugares con poco conocimiento no digitalizado;<\/span><\/li>\n<li style=\"font-weight: 400;\" aria-level=\"1\"><span style=\"font-weight: 400;\">la falta de atenci\u00f3n a los valores culturales, creencias o conocimientos t\u00e1citos;<\/span><\/li>\n<li style=\"font-weight: 400;\" aria-level=\"1\"><span style=\"font-weight: 400;\">los criterios ambiguos para juzgar la importancia del impacto;<\/span><\/li>\n<\/ul>\n<h2>6. Concienciaci\u00f3n, gesti\u00f3n de riesgos e impactos E&amp;S<\/h2>\n<p><span style=\"font-weight: 400;\">Nos comprometemos a sensibilizar a nuestro personal y expertos externos sobre los l\u00edmites, riesgos e impactos de la IA, especialmente a trav\u00e9s de formaciones internas iniciales y la difusi\u00f3n de una Nota de buenas pr\u00e1cticas entre nuestros expertos externos.<\/span><\/p>\n<p><span style=\"font-weight: 400;\">Este enfoque incluye un an\u00e1lisis comparativo de los diferentes tipos de IA y sus desaf\u00edos ambientales y sociales. Clasificamos los sistemas de IA que utilizamos seg\u00fan el enfoque de las categor\u00edas de riesgo ciudadano de la Ley de IA (inaceptable, alto, limitado, m\u00ednimo o nulo) a la que a\u00f1adimos nuestra evaluaci\u00f3n de los riesgos ambientales y sociales.<\/span><\/p>\n<p><span style=\"font-weight: 400;\">As\u00ed, conscientes de los impactos sociales y ambientales que genera el desarrollo y uso de la IA, limitamos su uso seg\u00fan el principio de necesidad real, es decir, solo cuando una herramienta de IA permite un valor a\u00f1adido real a nuestro trabajo y en comparaci\u00f3n con otras herramientas inform\u00e1ticas o manuales preexistentes.<\/span><\/p>\n<p><span style=\"font-weight: 400;\">Para garantizar la conformidad con la Ley de IA, nuestro plan de acci\u00f3n incluye las siguientes actividades:<\/span><\/p>\n<ul>\n<li style=\"font-weight: 400;\" aria-level=\"1\"><span style=\"font-weight: 400;\">Mapeo de los usos de los sistemas de IA: identificaci\u00f3n de las herramientas y sistemas de IA internos y externos, as\u00ed como sus \u00e1reas de aplicaci\u00f3n;<\/span><\/li>\n<li style=\"font-weight: 400;\" aria-level=\"1\"><span style=\"font-weight: 400;\">Clasificaci\u00f3n de los sistemas de IA utilizados seg\u00fan su nivel de riesgo: evaluaci\u00f3n y documentaci\u00f3n de cada sistema seg\u00fan la tipolog\u00eda de la Ley de IA;<\/span><\/li>\n<li style=\"font-weight: 400;\" aria-level=\"1\"><span style=\"font-weight: 400;\">Pol\u00edtica de control de las IA: pol\u00edtica de IA, Carta de uso de IA, revisi\u00f3n de la carta inform\u00e1tica;<\/span><\/li>\n<li style=\"font-weight: 400;\" aria-level=\"1\"><span style=\"font-weight: 400;\">Formaci\u00f3n de los equipos: sensibilizaci\u00f3n sobre la Ley de IA, la \u00e9tica de la IA, la ciberseguridad y los impactos de los sistemas de IA;<\/span><\/li>\n<li style=\"font-weight: 400;\" aria-level=\"1\"><span style=\"font-weight: 400;\">Seguimiento y auditor\u00eda: establecimiento de un control continuo de la conformidad y realizaci\u00f3n de auditor\u00edas internas regulares.<\/span><\/li>\n<\/ul>\n<p><span style=\"font-weight: 400;\">Dentro de Insuco, el uso eficaz, eficiente y \u00e9tico de los sistemas de IA requiere una sensibilizaci\u00f3n y formaci\u00f3n previas en nuestra pol\u00edtica de IA.<\/span><\/p>\n<h2>7. Responsabilidad<\/h2>\n<p><span style=\"font-weight: 400;\">Insuco asume la responsabilidad total del uso de la IA (decisiones, contenido, exactitud) y se compromete a observar rigurosamente los principios propuestos por la IAIA, la Ley de IA y el RGPD europeos en materia de uso profesional de las herramientas de IA y protecci\u00f3n de datos personales.<\/span><\/p>\n<p><span style=\"font-weight: 400;\">Esto implica para nosotros la necesidad de mapear y clasificar las IA que utilizamos, ser transparentes sobre los usos que hacemos de ellas, sensibilizar y formar a nuestros equipos y asegurar un seguimiento continuo.<\/span><\/p>\n<p>&nbsp;<\/p>\n<p>[\/et_pb_text][\/et_pb_column][\/et_pb_row][\/et_pb_section]<\/p>\n","protected":false},"excerpt":{"rendered":"<p>Nuestro uso de la Inteligencia Artificial1. Introducci\u00f3n En nuestra calidad de consultor\u00eda a la vanguardia de la innovaci\u00f3n, Insuco desea optimizar la calidad y el rendimiento de su experiencia integrando la Inteligencia Artificial (IA) de manera responsable en sus procesos internos. Dado que nuestro enfoque est\u00e1 centrado en la sostenibilidad social, nuestro uso de herramientas [&hellip;]<\/p>\n","protected":false},"author":9,"featured_media":0,"parent":0,"menu_order":0,"comment_status":"closed","ping_status":"closed","template":"","meta":{"_acf_changed":false,"_et_pb_use_builder":"on","_et_pb_old_content":"","_et_gb_content_width":"","footnotes":""},"class_list":["post-58708","page","type-page","status-publish","hentry"],"acf":[],"yoast_head":"<!-- This site is optimized with the Yoast SEO plugin v26.0 - https:\/\/yoast.com\/wordpress\/plugins\/seo\/ -->\n<title>Nuestro uso de la Inteligencia Artificial - Insuco<\/title>\n<meta name=\"robots\" content=\"index, follow, max-snippet:-1, max-image-preview:large, max-video-preview:-1\" \/>\n<link rel=\"canonical\" href=\"https:\/\/www.insuco.com\/es\/inteligencia_artificial\/\" \/>\n<meta property=\"og:locale\" content=\"es_ES\" \/>\n<meta property=\"og:type\" content=\"article\" \/>\n<meta property=\"og:title\" content=\"Nuestro uso de la Inteligencia Artificial - Insuco\" \/>\n<meta property=\"og:description\" content=\"Nuestro uso de la Inteligencia Artificial1. Introducci\u00f3n En nuestra calidad de consultor\u00eda a la vanguardia de la innovaci\u00f3n, Insuco desea optimizar la calidad y el rendimiento de su experiencia integrando la Inteligencia Artificial (IA) de manera responsable en sus procesos internos. Dado que nuestro enfoque est\u00e1 centrado en la sostenibilidad social, nuestro uso de herramientas [&hellip;]\" \/>\n<meta property=\"og:url\" content=\"https:\/\/www.insuco.com\/es\/inteligencia_artificial\/\" \/>\n<meta property=\"og:site_name\" content=\"Insuco\" \/>\n<meta property=\"article:modified_time\" content=\"2026-01-20T19:22:56+00:00\" \/>\n<meta name=\"twitter:card\" content=\"summary_large_image\" \/>\n<meta name=\"twitter:label1\" content=\"Tiempo de lectura\" \/>\n\t<meta name=\"twitter:data1\" content=\"8 minutos\" \/>\n<script type=\"application\/ld+json\" class=\"yoast-schema-graph\">{\"@context\":\"https:\/\/schema.org\",\"@graph\":[{\"@type\":\"WebPage\",\"@id\":\"https:\/\/www.insuco.com\/es\/inteligencia_artificial\/\",\"url\":\"https:\/\/www.insuco.com\/es\/inteligencia_artificial\/\",\"name\":\"Nuestro uso de la Inteligencia Artificial - Insuco\",\"isPartOf\":{\"@id\":\"https:\/\/www.insuco.com\/es\/#website\"},\"datePublished\":\"2025-12-08T16:13:55+00:00\",\"dateModified\":\"2026-01-20T19:22:56+00:00\",\"breadcrumb\":{\"@id\":\"https:\/\/www.insuco.com\/es\/inteligencia_artificial\/#breadcrumb\"},\"inLanguage\":\"es\",\"potentialAction\":[{\"@type\":\"ReadAction\",\"target\":[\"https:\/\/www.insuco.com\/es\/inteligencia_artificial\/\"]}]},{\"@type\":\"BreadcrumbList\",\"@id\":\"https:\/\/www.insuco.com\/es\/inteligencia_artificial\/#breadcrumb\",\"itemListElement\":[{\"@type\":\"ListItem\",\"position\":1,\"name\":\"Accueil\",\"item\":\"https:\/\/www.insuco.com\/es\/\"},{\"@type\":\"ListItem\",\"position\":2,\"name\":\"Nuestro uso de la Inteligencia Artificial\"}]},{\"@type\":\"WebSite\",\"@id\":\"https:\/\/www.insuco.com\/es\/#website\",\"url\":\"https:\/\/www.insuco.com\/es\/\",\"name\":\"Insuco\",\"description\":\"Local understanding for sustainable solutions\",\"potentialAction\":[{\"@type\":\"SearchAction\",\"target\":{\"@type\":\"EntryPoint\",\"urlTemplate\":\"https:\/\/www.insuco.com\/es\/?s={search_term_string}\"},\"query-input\":{\"@type\":\"PropertyValueSpecification\",\"valueRequired\":true,\"valueName\":\"search_term_string\"}}],\"inLanguage\":\"es\"}]}<\/script>\n<!-- \/ Yoast SEO plugin. -->","yoast_head_json":{"title":"Nuestro uso de la Inteligencia Artificial - Insuco","robots":{"index":"index","follow":"follow","max-snippet":"max-snippet:-1","max-image-preview":"max-image-preview:large","max-video-preview":"max-video-preview:-1"},"canonical":"https:\/\/www.insuco.com\/es\/inteligencia_artificial\/","og_locale":"es_ES","og_type":"article","og_title":"Nuestro uso de la Inteligencia Artificial - Insuco","og_description":"Nuestro uso de la Inteligencia Artificial1. Introducci\u00f3n En nuestra calidad de consultor\u00eda a la vanguardia de la innovaci\u00f3n, Insuco desea optimizar la calidad y el rendimiento de su experiencia integrando la Inteligencia Artificial (IA) de manera responsable en sus procesos internos. Dado que nuestro enfoque est\u00e1 centrado en la sostenibilidad social, nuestro uso de herramientas [&hellip;]","og_url":"https:\/\/www.insuco.com\/es\/inteligencia_artificial\/","og_site_name":"Insuco","article_modified_time":"2026-01-20T19:22:56+00:00","twitter_card":"summary_large_image","twitter_misc":{"Tiempo de lectura":"8 minutos"},"schema":{"@context":"https:\/\/schema.org","@graph":[{"@type":"WebPage","@id":"https:\/\/www.insuco.com\/es\/inteligencia_artificial\/","url":"https:\/\/www.insuco.com\/es\/inteligencia_artificial\/","name":"Nuestro uso de la Inteligencia Artificial - Insuco","isPartOf":{"@id":"https:\/\/www.insuco.com\/es\/#website"},"datePublished":"2025-12-08T16:13:55+00:00","dateModified":"2026-01-20T19:22:56+00:00","breadcrumb":{"@id":"https:\/\/www.insuco.com\/es\/inteligencia_artificial\/#breadcrumb"},"inLanguage":"es","potentialAction":[{"@type":"ReadAction","target":["https:\/\/www.insuco.com\/es\/inteligencia_artificial\/"]}]},{"@type":"BreadcrumbList","@id":"https:\/\/www.insuco.com\/es\/inteligencia_artificial\/#breadcrumb","itemListElement":[{"@type":"ListItem","position":1,"name":"Accueil","item":"https:\/\/www.insuco.com\/es\/"},{"@type":"ListItem","position":2,"name":"Nuestro uso de la Inteligencia Artificial"}]},{"@type":"WebSite","@id":"https:\/\/www.insuco.com\/es\/#website","url":"https:\/\/www.insuco.com\/es\/","name":"Insuco","description":"Local understanding for sustainable solutions","potentialAction":[{"@type":"SearchAction","target":{"@type":"EntryPoint","urlTemplate":"https:\/\/www.insuco.com\/es\/?s={search_term_string}"},"query-input":{"@type":"PropertyValueSpecification","valueRequired":true,"valueName":"search_term_string"}}],"inLanguage":"es"}]}},"_links":{"self":[{"href":"https:\/\/www.insuco.com\/es\/wp-json\/wp\/v2\/pages\/58708","targetHints":{"allow":["GET"]}}],"collection":[{"href":"https:\/\/www.insuco.com\/es\/wp-json\/wp\/v2\/pages"}],"about":[{"href":"https:\/\/www.insuco.com\/es\/wp-json\/wp\/v2\/types\/page"}],"author":[{"embeddable":true,"href":"https:\/\/www.insuco.com\/es\/wp-json\/wp\/v2\/users\/9"}],"replies":[{"embeddable":true,"href":"https:\/\/www.insuco.com\/es\/wp-json\/wp\/v2\/comments?post=58708"}],"version-history":[{"count":4,"href":"https:\/\/www.insuco.com\/es\/wp-json\/wp\/v2\/pages\/58708\/revisions"}],"predecessor-version":[{"id":59248,"href":"https:\/\/www.insuco.com\/es\/wp-json\/wp\/v2\/pages\/58708\/revisions\/59248"}],"wp:attachment":[{"href":"https:\/\/www.insuco.com\/es\/wp-json\/wp\/v2\/media?parent=58708"}],"curies":[{"name":"wp","href":"https:\/\/api.w.org\/{rel}","templated":true}]}}