{"id":23462,"date":"2019-08-12T15:01:10","date_gmt":"2019-08-12T13:01:10","guid":{"rendered":"https:\/\/www.insuco.com\/?page_id=23462"},"modified":"2024-08-07T15:15:17","modified_gmt":"2024-08-07T13:15:17","slug":"monitoreo-evaluacion-de-proyectos","status":"publish","type":"page","link":"https:\/\/www.insuco.com\/es\/monitoreo-evaluacion-de-proyectos\/","title":{"rendered":"Monitoreo y evaluaci\u00f3n de proyectos"},"content":{"rendered":"<p>[et_pb_section fb_built=\u00bb1&#8243; disabled_on=\u00bboff|off|off\u00bb _builder_version=\u00bb4.16&#8243; use_background_color_gradient=\u00bbon\u00bb background_color_gradient_stops=\u00bb#00818b 0%|rgba(0,129,139,0.99) 100%\u00bb background_color_gradient_overlays_image=\u00bbon\u00bb background_color_gradient_start=\u00bb#00818b\u00bb background_color_gradient_end=\u00bbrgba(0,129,139,0.99)\u00bb background_image=\u00bbhttps:\/\/www.insuco.com\/wp-content\/uploads\/2019\/04\/insuco-slider2.jpg\u00bb custom_padding=\u00bb65px|0px|23px|0px|false|false\u00bb global_colors_info=\u00bb{}\u00bb][et_pb_row _builder_version=\u00bb4.16&#8243; custom_padding=\u00bb27px|0px|0|0px|false|false\u00bb global_colors_info=\u00bb{}\u00bb][et_pb_column type=\u00bb4_4&#8243; _builder_version=\u00bb4.16&#8243; custom_padding=\u00bb|||\u00bb global_colors_info=\u00bb{}\u00bb custom_padding__hover=\u00bb|||\u00bb][et_pb_text _builder_version=\u00bb4.16&#8243; header_font=\u00bb|300|||||||\u00bb header_text_color=\u00bb#ffffff\u00bb header_font_size=\u00bb70px\u00bb header_2_font=\u00bb||||||||\u00bb header_2_text_color=\u00bb#ffffff\u00bb header_2_font_size=\u00bb60px\u00bb custom_padding=\u00bb|||\u00bb animation_style=\u00bbslide\u00bb animation_direction=\u00bbright\u00bb animation_delay=\u00bb500ms\u00bb header_font_size_tablet=\u00bb\u00bb header_font_size_phone=\u00bb50px\u00bb header_font_size_last_edited=\u00bbon|phone\u00bb global_colors_info=\u00bb{}\u00bb header_2_text_color__hover_enabled=\u00bbon\u00bb header_2_text_color__hover=\u00bb#b1e3e3&#8243;]<\/p>\n<h1>Servicios<\/h1>\n<p>[\/et_pb_text][\/et_pb_column][\/et_pb_row][\/et_pb_section][et_pb_section fb_built=\u00bb1&#8243; _builder_version=\u00bb4.16&#8243; custom_padding=\u00bb21px|0px|37px|0px|false|false\u00bb global_colors_info=\u00bb{}\u00bb][et_pb_row make_equal=\u00bbon\u00bb _builder_version=\u00bb3.22.7&#8243; custom_margin=\u00bb16px|auto||auto||\u00bb custom_padding=\u00bb||17px|||\u00bb global_module=\u00bb14104&#8243; saved_tabs=\u00bball\u00bb global_colors_info=\u00bb{}\u00bb][et_pb_column type=\u00bb4_4&#8243; _builder_version=\u00bb4.16&#8243; custom_padding=\u00bb|||\u00bb global_colors_info=\u00bb{}\u00bb custom_padding__hover=\u00bb|||\u00bb][et_pb_post_title meta=\u00bboff\u00bb _builder_version=\u00bb4.16&#8243; title_level=\u00bbh2&#8243; title_font=\u00bb||||||||\u00bb title_text_color=\u00bb#00818b\u00bb title_font_size=\u00bb55px\u00bb title_font_size_tablet=\u00bb\u00bb title_font_size_phone=\u00bb40px\u00bb title_font_size_last_edited=\u00bbon|desktop\u00bb global_colors_info=\u00bb{}\u00bb][\/et_pb_post_title][\/et_pb_column][\/et_pb_row][et_pb_row column_structure=\u00bb1_2,1_2&#8243; use_custom_gutter=\u00bbon\u00bb gutter_width=\u00bb2&#8243; _builder_version=\u00bb4.16&#8243; custom_padding=\u00bb||16px|||\u00bb global_colors_info=\u00bb{}\u00bb][et_pb_column type=\u00bb1_2&#8243; _builder_version=\u00bb4.16&#8243; custom_padding=\u00bb|||\u00bb global_colors_info=\u00bb{}\u00bb custom_padding__hover=\u00bb|||\u00bb][et_pb_image src=\u00bbhttps:\/\/www.insuco.com\/wp-content\/uploads\/2019\/06\/Support-dev-5-Suivi-eval.jpg\u00bb align_tablet=\u00bbcenter\u00bb align_phone=\u00bb\u00bb align_last_edited=\u00bbon|desktop\u00bb _builder_version=\u00bb4.16&#8243; global_colors_info=\u00bb{}\u00bb][\/et_pb_image][\/et_pb_column][et_pb_column type=\u00bb1_2&#8243; _builder_version=\u00bb4.16&#8243; custom_padding=\u00bb|||\u00bb global_colors_info=\u00bb{}\u00bb custom_padding__hover=\u00bb|||\u00bb][et_pb_text _builder_version=\u00bb4.27.0&#8243; header_font=\u00bb||||||||\u00bb header_2_font=\u00bb||||||||\u00bb header_2_font_size=\u00bb40px\u00bb header_3_font=\u00bb|300|on||||||\u00bb header_3_font_size=\u00bb32px\u00bb hover_enabled=\u00bb0&#8243; global_colors_info=\u00bb{}\u00bb sticky_enabled=\u00bb0&#8243;]<\/p>\n<p>Acompa\u00f1amos a nuestros clientes en el monitoreo y evaluaci\u00f3n de sus operaciones a nivel de sus recursos, implementaci\u00f3n, resultados e impactos en el territorio, ya sea con proyectos p\u00fablicos o privados, o programas de cooperaci\u00f3n. Este monitoreo y evaluaci\u00f3n est\u00e1 enfocado tanto en los beneficiarios del proyecto (impacto del proyecto en las poblaciones), como en el desempe\u00f1o real del mismo (indicadores internos del cliente). <\/p>\n<p>Elaboramos metodolog\u00edas combinando enfoques cuantitativos y cualitativos, con el fin de generar estad\u00edsticas relevantes para nuestros clientes a lo largo del proyecto, teniendo en cuenta las representaciones y percepciones de las distintas partes interesadas. Nuestro compromiso es promover la participaci\u00f3n, la comunicaci\u00f3n y la transparencia para asegurar la sostenibilidad del proyecto. <\/p>\n<p>Creamos herramientas operativas, tales como planes de monitoreo y evaluaci\u00f3n, cuadros de indicadores y bases de datos, dise\u00f1ados para permitir a nuestros clientes ser r\u00e1pidamente aut\u00f3nomos. Dependiendo de sus necesidades, proporcionamos tambi\u00e9n asistencia t\u00e9cnica para la implementaci\u00f3n de estos dispositivos o bien los operamos directamente, con el fin de garantizar la producci\u00f3n de datos confiables y relevantes en el tiempo. <\/p>\n<p>[\/et_pb_text][\/et_pb_column][\/et_pb_row][\/et_pb_section][et_pb_section fb_built=\u00bb1&#8243; _builder_version=\u00bb4.16&#8243; background_color=\u00bbrgba(177,227,227,0.25)\u00bb custom_padding=\u00bb0|0px|0|0px|false|false\u00bb global_colors_info=\u00bb{}\u00bb][et_pb_row column_structure=\u00bb1_2,1_2&#8243; use_custom_gutter=\u00bbon\u00bb gutter_width=\u00bb1&#8243; make_equal=\u00bbon\u00bb module_class=\u00bb et_pb_row_fullwidth\u00bb _builder_version=\u00bb4.16&#8243; background_color=\u00bb#00818b\u00bb use_background_color_gradient=\u00bbon\u00bb background_color_gradient_overlays_image=\u00bbon\u00bb width=\u00bb100%\u00bb width_tablet=\u00bb100%\u00bb width_phone=\u00bb\u00bb width_last_edited=\u00bbon|desktop\u00bb max_width=\u00bb100%\u00bb max_width_tablet=\u00bb100%\u00bb max_width_phone=\u00bb\u00bb max_width_last_edited=\u00bbon|desktop\u00bb custom_padding=\u00bb0|0px|0|0px|false|false\u00bb make_fullwidth=\u00bbon\u00bb global_colors_info=\u00bb{}\u00bb][et_pb_column type=\u00bb1_2&#8243; _builder_version=\u00bb4.16&#8243; background_color=\u00bb#00818b\u00bb custom_padding=\u00bb50px||50px|\u00bb global_colors_info=\u00bb{}\u00bb custom_padding__hover=\u00bb|||\u00bb][et_pb_cta title=\u00bbNuestros sectores de intervenci\u00f3n\u00bb button_url=\u00bbhttps:\/\/www.insuco.com\/es\/sectores\/\u00bb button_text=\u00bbDescubra nuestros sectores\u00bb _builder_version=\u00bb4.27.0&#8243; header_font=\u00bb||||||||\u00bb header_text_color=\u00bb#ffffff\u00bb header_font_size=\u00bb34px\u00bb body_font=\u00bb||||||||\u00bb body_text_color=\u00bb#ffffff\u00bb background_color=\u00bbrgba(89,175,181,0)\u00bb custom_button=\u00bbon\u00bb button_bg_color=\u00bb#59afb5&#8243; button_border_color=\u00bb#59afb5&#8243; button_font=\u00bb||||||||\u00bb background_layout=\u00bblight\u00bb max_width=\u00bb600px\u00bb module_alignment=\u00bbcenter\u00bb animation_style=\u00bbzoom\u00bb link_option_url=\u00bbhttps:\/\/www.insuco.com\/es\/sectores\/\u00bb global_module=\u00bb13784&#8243; saved_tabs=\u00bball\u00bb global_colors_info=\u00bb{}\u00bb]<\/p>\n<p>Nous intervenons aupr\u00e8s de nombreux secteurs pour la ma\u00eetrise des enjeux sociaux et la compr\u00e9hension des contextes locaux. Depuis 13 ans, d\u00e9j\u00e0 pr\u00e8s de 350 organisations nous ont fait confiance.<\/p>\n<p>[\/et_pb_cta][\/et_pb_column][et_pb_column type=\u00bb1_2&#8243; _builder_version=\u00bb4.16&#8243; background_color=\u00bbrgba(0,129,139,0)\u00bb use_background_color_gradient=\u00bbon\u00bb background_color_gradient_stops=\u00bbrgba(0,129,139,0.69) 0%|rgba(0,129,139,0.58) 100%\u00bb background_color_gradient_overlays_image=\u00bbon\u00bb background_color_gradient_start=\u00bbrgba(0,129,139,0.69)\u00bb background_color_gradient_end=\u00bbrgba(0,129,139,0.58)\u00bb background_image=\u00bbhttps:\/\/www.insuco.com\/wp-content\/uploads\/2019\/05\/Terrain_BF.jpg\u00bb custom_padding=\u00bb50px||50px|\u00bb global_colors_info=\u00bb{}\u00bb custom_padding__hover=\u00bb|||\u00bb][et_pb_cta title=\u00bb\u00a1Cu\u00e9ntenos sobre su proyecto!\u00bb button_url=\u00bbhttps:\/\/www.insuco.com\/es\/contacto\/\u00bb button_text=\u00bbCont\u00e1ctenos\u00bb _builder_version=\u00bb3.26&#8243; header_font=\u00bb||||||||\u00bb header_text_color=\u00bb#ffffff\u00bb header_font_size=\u00bb34px\u00bb body_font=\u00bb||||||||\u00bb body_text_color=\u00bb#ffffff\u00bb background_color=\u00bbrgba(89,175,181,0)\u00bb custom_button=\u00bbon\u00bb button_bg_color=\u00bb#59afb5&#8243; button_border_color=\u00bb#59afb5&#8243; button_font=\u00bb||||||||\u00bb background_layout=\u00bblight\u00bb max_width=\u00bb600px\u00bb module_alignment=\u00bbcenter\u00bb animation_style=\u00bbslide\u00bb link_option_url=\u00bbhttps:\/\/www.insuco.com\/es\/contacto\/\u00bb z_index_tablet=\u00bb500&#8243; global_module=\u00bb13524&#8243; global_colors_info=\u00bb{}\u00bb]<\/p>\n<p>Vous souhaitez \u00e9changer sur votre projet et ses enjeux ? En savoir plus sur Insuco et nos expertises ? Nous rencontrer ?<\/p>\n<p>[\/et_pb_cta][\/et_pb_column][\/et_pb_row][\/et_pb_section][et_pb_section fb_built=\u00bb1&#8243; _builder_version=\u00bb4.16&#8243; background_color=\u00bb#59afb5&#8243; custom_padding=\u00bb59px||0px|||\u00bb global_colors_info=\u00bb{}\u00bb][et_pb_row use_custom_gutter=\u00bbon\u00bb gutter_width=\u00bb2&#8243; _builder_version=\u00bb4.16&#8243; width=\u00bb100%\u00bb min_height=\u00bb405px\u00bb custom_margin_tablet=\u00bb\u00bb custom_margin_phone=\u00bb\u00bb custom_margin_last_edited=\u00bbon|phone\u00bb custom_padding=\u00bb|20px|6px|20px||\u00bb global_colors_info=\u00bb{}\u00bb][et_pb_column type=\u00bb4_4&#8243; _builder_version=\u00bb4.16&#8243; custom_padding=\u00bb|||\u00bb global_colors_info=\u00bb{}\u00bb custom_padding__hover=\u00bb|||\u00bb][et_pb_portfolio fullwidth=\u00bboff\u00bb posts_number=\u00bb3&#8243; include_categories=\u00bb241&#8243; show_categories=\u00bboff\u00bb show_pagination=\u00bboff\u00bb module_class=\u00bbprojets-associes\u00bb _builder_version=\u00bb4.16&#8243; title_font=\u00bb|600|||||||\u00bb title_text_color=\u00bb#00818b\u00bb title_font_size=\u00bb19px\u00bb title_line_height=\u00bb1.2em\u00bb background_color=\u00bbrgba(255,255,255,0.87)\u00bb custom_padding=\u00bb||||false|false\u00bb title_font_size_tablet=\u00bb\u00bb title_font_size_phone=\u00bb16px\u00bb title_font_size_last_edited=\u00bbon|desktop\u00bb custom_css_portfolio_image=\u00bbmargin:-1px;\u00bb border_width_all=\u00bb1px\u00bb border_color_all=\u00bbrgba(0,129,139,0.29)\u00bb global_colors_info=\u00bb{}\u00bb][\/et_pb_portfolio][\/et_pb_column][\/et_pb_row][\/et_pb_section][et_pb_section fb_built=\u00bb1&#8243; _builder_version=\u00bb4.16&#8243; background_color=\u00bb#59afb5&#8243; custom_padding=\u00bb26px|||||\u00bb link_option_url=\u00bbhttps:\/\/www.insuco.com\/projets-recents-ou-en-cours\/\u00bb global_colors_info=\u00bb{}\u00bb][et_pb_row _builder_version=\u00bb4.16&#8243; custom_padding=\u00bb0|0px|1px|0px|false|false\u00bb global_colors_info=\u00bb{}\u00bb][et_pb_column type=\u00bb4_4&#8243; _builder_version=\u00bb4.16&#8243; custom_padding=\u00bb|||\u00bb global_colors_info=\u00bb{}\u00bb custom_padding__hover=\u00bb|||\u00bb][et_pb_text _builder_version=\u00bb4.16&#8243; header_font=\u00bb||||||||\u00bb header_2_font=\u00bb||||||||\u00bb header_2_text_align=\u00bbcenter\u00bb header_2_text_color=\u00bb#ffffff\u00bb header_2_font_size=\u00bb34px\u00bb header_2_font_size_tablet=\u00bb\u00bb header_2_font_size_phone=\u00bb30px\u00bb header_2_font_size_last_edited=\u00bbon|phone\u00bb global_colors_info=\u00bb{}\u00bb]<\/p>\n<h2>Descubra nuestros proyectos<\/h2>\n<p>[\/et_pb_text][et_pb_button button_url=\u00bbhttps:\/\/www.insuco.com\/es\/proyectos-recientes-y-en-curso\/\u00bb button_text=\u00bbTodos nuestros proyectos\u00bb button_alignment=\u00bbcenter\u00bb _builder_version=\u00bb4.16&#8243; custom_button=\u00bbon\u00bb button_text_color=\u00bb#ffffff\u00bb button_bg_color=\u00bb#00818b\u00bb button_border_color=\u00bb#00818b\u00bb button_font=\u00bb||||||||\u00bb custom_margin=\u00bb30px|50px|30px|50px\u00bb global_colors_info=\u00bb{}\u00bb][\/et_pb_button][\/et_pb_column][\/et_pb_row][\/et_pb_section]<\/p>\n","protected":false},"excerpt":{"rendered":"<p>ServiciosAcompa\u00f1amos a nuestros clientes en el monitoreo y evaluaci\u00f3n de sus operaciones a nivel de sus recursos, implementaci\u00f3n, resultados e impactos en el territorio, ya sea con proyectos p\u00fablicos o privados, o programas de cooperaci\u00f3n. Este monitoreo y evaluaci\u00f3n est\u00e1 enfocado tanto en los beneficiarios del proyecto (impacto del proyecto en las poblaciones), como en [&hellip;]<\/p>\n","protected":false},"author":1,"featured_media":0,"parent":0,"menu_order":0,"comment_status":"closed","ping_status":"closed","template":"","meta":{"_acf_changed":false,"_et_pb_use_builder":"on","_et_pb_old_content":"","_et_gb_content_width":"","footnotes":""},"class_list":["post-23462","page","type-page","status-publish","hentry"],"acf":[],"yoast_head":"<!-- This site is optimized with the Yoast SEO plugin v26.0 - https:\/\/yoast.com\/wordpress\/plugins\/seo\/ -->\n<title>Monitoreo y evaluaci\u00f3n de proyectos - Insuco<\/title>\n<meta name=\"robots\" content=\"index, follow, max-snippet:-1, max-image-preview:large, max-video-preview:-1\" \/>\n<link rel=\"canonical\" href=\"https:\/\/www.insuco.com\/es\/monitoreo-evaluacion-de-proyectos\/\" \/>\n<meta property=\"og:locale\" content=\"es_ES\" \/>\n<meta property=\"og:type\" content=\"article\" \/>\n<meta property=\"og:title\" content=\"Monitoreo y evaluaci\u00f3n de proyectos - Insuco\" \/>\n<meta property=\"og:description\" content=\"ServiciosAcompa\u00f1amos a nuestros clientes en el monitoreo y evaluaci\u00f3n de sus operaciones a nivel de sus recursos, implementaci\u00f3n, resultados e impactos en el territorio, ya sea con proyectos p\u00fablicos o privados, o programas de cooperaci\u00f3n. Este monitoreo y evaluaci\u00f3n est\u00e1 enfocado tanto en los beneficiarios del proyecto (impacto del proyecto en las poblaciones), como en [&hellip;]\" \/>\n<meta property=\"og:url\" content=\"https:\/\/www.insuco.com\/es\/monitoreo-evaluacion-de-proyectos\/\" \/>\n<meta property=\"og:site_name\" content=\"Insuco\" \/>\n<meta property=\"article:modified_time\" content=\"2024-08-07T13:15:17+00:00\" \/>\n<meta name=\"twitter:card\" content=\"summary_large_image\" \/>\n<meta name=\"twitter:label1\" content=\"Tiempo de lectura\" \/>\n\t<meta name=\"twitter:data1\" content=\"7 minutos\" \/>\n<script type=\"application\/ld+json\" class=\"yoast-schema-graph\">{\"@context\":\"https:\/\/schema.org\",\"@graph\":[{\"@type\":\"WebPage\",\"@id\":\"https:\/\/www.insuco.com\/es\/monitoreo-evaluacion-de-proyectos\/\",\"url\":\"https:\/\/www.insuco.com\/es\/monitoreo-evaluacion-de-proyectos\/\",\"name\":\"Monitoreo y evaluaci\u00f3n de proyectos - Insuco\",\"isPartOf\":{\"@id\":\"https:\/\/www.insuco.com\/es\/#website\"},\"datePublished\":\"2019-08-12T13:01:10+00:00\",\"dateModified\":\"2024-08-07T13:15:17+00:00\",\"breadcrumb\":{\"@id\":\"https:\/\/www.insuco.com\/es\/monitoreo-evaluacion-de-proyectos\/#breadcrumb\"},\"inLanguage\":\"es\",\"potentialAction\":[{\"@type\":\"ReadAction\",\"target\":[\"https:\/\/www.insuco.com\/es\/monitoreo-evaluacion-de-proyectos\/\"]}]},{\"@type\":\"BreadcrumbList\",\"@id\":\"https:\/\/www.insuco.com\/es\/monitoreo-evaluacion-de-proyectos\/#breadcrumb\",\"itemListElement\":[{\"@type\":\"ListItem\",\"position\":1,\"name\":\"Accueil\",\"item\":\"https:\/\/www.insuco.com\/es\/\"},{\"@type\":\"ListItem\",\"position\":2,\"name\":\"Monitoreo y evaluaci\u00f3n de proyectos\"}]},{\"@type\":\"WebSite\",\"@id\":\"https:\/\/www.insuco.com\/es\/#website\",\"url\":\"https:\/\/www.insuco.com\/es\/\",\"name\":\"Insuco\",\"description\":\"Local understanding for sustainable solutions\",\"potentialAction\":[{\"@type\":\"SearchAction\",\"target\":{\"@type\":\"EntryPoint\",\"urlTemplate\":\"https:\/\/www.insuco.com\/es\/?s={search_term_string}\"},\"query-input\":{\"@type\":\"PropertyValueSpecification\",\"valueRequired\":true,\"valueName\":\"search_term_string\"}}],\"inLanguage\":\"es\"}]}<\/script>\n<!-- \/ Yoast SEO plugin. -->","yoast_head_json":{"title":"Monitoreo y evaluaci\u00f3n de proyectos - Insuco","robots":{"index":"index","follow":"follow","max-snippet":"max-snippet:-1","max-image-preview":"max-image-preview:large","max-video-preview":"max-video-preview:-1"},"canonical":"https:\/\/www.insuco.com\/es\/monitoreo-evaluacion-de-proyectos\/","og_locale":"es_ES","og_type":"article","og_title":"Monitoreo y evaluaci\u00f3n de proyectos - Insuco","og_description":"ServiciosAcompa\u00f1amos a nuestros clientes en el monitoreo y evaluaci\u00f3n de sus operaciones a nivel de sus recursos, implementaci\u00f3n, resultados e impactos en el territorio, ya sea con proyectos p\u00fablicos o privados, o programas de cooperaci\u00f3n. Este monitoreo y evaluaci\u00f3n est\u00e1 enfocado tanto en los beneficiarios del proyecto (impacto del proyecto en las poblaciones), como en [&hellip;]","og_url":"https:\/\/www.insuco.com\/es\/monitoreo-evaluacion-de-proyectos\/","og_site_name":"Insuco","article_modified_time":"2024-08-07T13:15:17+00:00","twitter_card":"summary_large_image","twitter_misc":{"Tiempo de lectura":"7 minutos"},"schema":{"@context":"https:\/\/schema.org","@graph":[{"@type":"WebPage","@id":"https:\/\/www.insuco.com\/es\/monitoreo-evaluacion-de-proyectos\/","url":"https:\/\/www.insuco.com\/es\/monitoreo-evaluacion-de-proyectos\/","name":"Monitoreo y evaluaci\u00f3n de proyectos - Insuco","isPartOf":{"@id":"https:\/\/www.insuco.com\/es\/#website"},"datePublished":"2019-08-12T13:01:10+00:00","dateModified":"2024-08-07T13:15:17+00:00","breadcrumb":{"@id":"https:\/\/www.insuco.com\/es\/monitoreo-evaluacion-de-proyectos\/#breadcrumb"},"inLanguage":"es","potentialAction":[{"@type":"ReadAction","target":["https:\/\/www.insuco.com\/es\/monitoreo-evaluacion-de-proyectos\/"]}]},{"@type":"BreadcrumbList","@id":"https:\/\/www.insuco.com\/es\/monitoreo-evaluacion-de-proyectos\/#breadcrumb","itemListElement":[{"@type":"ListItem","position":1,"name":"Accueil","item":"https:\/\/www.insuco.com\/es\/"},{"@type":"ListItem","position":2,"name":"Monitoreo y evaluaci\u00f3n de proyectos"}]},{"@type":"WebSite","@id":"https:\/\/www.insuco.com\/es\/#website","url":"https:\/\/www.insuco.com\/es\/","name":"Insuco","description":"Local understanding for sustainable solutions","potentialAction":[{"@type":"SearchAction","target":{"@type":"EntryPoint","urlTemplate":"https:\/\/www.insuco.com\/es\/?s={search_term_string}"},"query-input":{"@type":"PropertyValueSpecification","valueRequired":true,"valueName":"search_term_string"}}],"inLanguage":"es"}]}},"_links":{"self":[{"href":"https:\/\/www.insuco.com\/es\/wp-json\/wp\/v2\/pages\/23462","targetHints":{"allow":["GET"]}}],"collection":[{"href":"https:\/\/www.insuco.com\/es\/wp-json\/wp\/v2\/pages"}],"about":[{"href":"https:\/\/www.insuco.com\/es\/wp-json\/wp\/v2\/types\/page"}],"author":[{"embeddable":true,"href":"https:\/\/www.insuco.com\/es\/wp-json\/wp\/v2\/users\/1"}],"replies":[{"embeddable":true,"href":"https:\/\/www.insuco.com\/es\/wp-json\/wp\/v2\/comments?post=23462"}],"version-history":[{"count":17,"href":"https:\/\/www.insuco.com\/es\/wp-json\/wp\/v2\/pages\/23462\/revisions"}],"predecessor-version":[{"id":53570,"href":"https:\/\/www.insuco.com\/es\/wp-json\/wp\/v2\/pages\/23462\/revisions\/53570"}],"wp:attachment":[{"href":"https:\/\/www.insuco.com\/es\/wp-json\/wp\/v2\/media?parent=23462"}],"curies":[{"name":"wp","href":"https:\/\/api.w.org\/{rel}","templated":true}]}}