{"id":23446,"date":"2019-08-12T09:27:29","date_gmt":"2019-08-12T07:27:29","guid":{"rendered":"https:\/\/www.insuco.com\/?page_id=23446"},"modified":"2024-08-07T15:13:41","modified_gmt":"2024-08-07T13:13:41","slug":"auditoria","status":"publish","type":"page","link":"https:\/\/www.insuco.com\/es\/auditoria\/","title":{"rendered":"Auditor\u00eda"},"content":{"rendered":"<p>[et_pb_section fb_built=\u00bb1&#8243; disabled_on=\u00bboff|off|off\u00bb _builder_version=\u00bb4.16&#8243; use_background_color_gradient=\u00bbon\u00bb background_color_gradient_stops=\u00bb#00818b 0%|rgba(0,129,139,0.99) 100%\u00bb background_color_gradient_overlays_image=\u00bbon\u00bb background_color_gradient_start=\u00bb#00818b\u00bb background_color_gradient_end=\u00bbrgba(0,129,139,0.99)\u00bb background_image=\u00bbhttps:\/\/www.insuco.com\/wp-content\/uploads\/2019\/04\/insuco-slider2.jpg\u00bb custom_padding=\u00bb65px|0px|23px|0px|false|false\u00bb global_colors_info=\u00bb{}\u00bb][et_pb_row _builder_version=\u00bb4.16&#8243; custom_padding=\u00bb27px|0px|0|0px|false|false\u00bb global_colors_info=\u00bb{}\u00bb][et_pb_column type=\u00bb4_4&#8243; _builder_version=\u00bb4.16&#8243; custom_padding=\u00bb|||\u00bb global_colors_info=\u00bb{}\u00bb custom_padding__hover=\u00bb|||\u00bb][et_pb_text _builder_version=\u00bb4.16&#8243; header_font=\u00bb|300|||||||\u00bb header_text_color=\u00bb#ffffff\u00bb header_font_size=\u00bb70px\u00bb header_2_font=\u00bb||||||||\u00bb header_2_text_color=\u00bb#ffffff\u00bb header_2_font_size=\u00bb60px\u00bb custom_padding=\u00bb|||\u00bb animation_style=\u00bbslide\u00bb animation_direction=\u00bbright\u00bb animation_delay=\u00bb500ms\u00bb header_font_size_tablet=\u00bb\u00bb header_font_size_phone=\u00bb50px\u00bb header_font_size_last_edited=\u00bbon|phone\u00bb global_colors_info=\u00bb{}\u00bb header_2_text_color__hover_enabled=\u00bbon\u00bb header_2_text_color__hover=\u00bb#b1e3e3&#8243;]<\/p>\n<h1>Servicios<\/h1>\n<p>[\/et_pb_text][\/et_pb_column][\/et_pb_row][\/et_pb_section][et_pb_section fb_built=\u00bb1&#8243; _builder_version=\u00bb4.16&#8243; custom_padding=\u00bb21px|0px|37px|0px|false|false\u00bb global_colors_info=\u00bb{}\u00bb][et_pb_row make_equal=\u00bbon\u00bb _builder_version=\u00bb3.22.7&#8243; custom_margin=\u00bb16px|auto||auto||\u00bb custom_padding=\u00bb||17px|||\u00bb global_module=\u00bb14104&#8243; saved_tabs=\u00bball\u00bb global_colors_info=\u00bb{}\u00bb][et_pb_column type=\u00bb4_4&#8243; _builder_version=\u00bb4.16&#8243; custom_padding=\u00bb|||\u00bb global_colors_info=\u00bb{}\u00bb custom_padding__hover=\u00bb|||\u00bb][et_pb_post_title meta=\u00bboff\u00bb _builder_version=\u00bb4.16&#8243; title_level=\u00bbh2&#8243; title_font=\u00bb||||||||\u00bb title_text_color=\u00bb#00818b\u00bb title_font_size=\u00bb55px\u00bb title_font_size_tablet=\u00bb\u00bb title_font_size_phone=\u00bb40px\u00bb title_font_size_last_edited=\u00bbon|desktop\u00bb global_colors_info=\u00bb{}\u00bb][\/et_pb_post_title][\/et_pb_column][\/et_pb_row][et_pb_row column_structure=\u00bb1_2,1_2&#8243; use_custom_gutter=\u00bbon\u00bb gutter_width=\u00bb2&#8243; _builder_version=\u00bb4.16&#8243; custom_padding=\u00bb||16px|||\u00bb global_colors_info=\u00bb{}\u00bb][et_pb_column type=\u00bb1_2&#8243; _builder_version=\u00bb4.16&#8243; custom_padding=\u00bb|||\u00bb global_colors_info=\u00bb{}\u00bb custom_padding__hover=\u00bb|||\u00bb][et_pb_image src=\u00bbhttps:\/\/www.insuco.com\/wp-content\/uploads\/2019\/06\/Suivi-eval-2-audit.jpg\u00bb align_tablet=\u00bbcenter\u00bb align_phone=\u00bb\u00bb align_last_edited=\u00bbon|desktop\u00bb _builder_version=\u00bb4.16&#8243; global_colors_info=\u00bb{}\u00bb][\/et_pb_image][\/et_pb_column][et_pb_column type=\u00bb1_2&#8243; _builder_version=\u00bb4.16&#8243; custom_padding=\u00bb|||\u00bb global_colors_info=\u00bb{}\u00bb custom_padding__hover=\u00bb|||\u00bb][et_pb_text _builder_version=\u00bb4.27.0&#8243; header_font=\u00bb||||||||\u00bb header_2_font=\u00bb||||||||\u00bb header_2_font_size=\u00bb40px\u00bb header_3_font=\u00bb|300|on||||||\u00bb header_3_font_size=\u00bb32px\u00bb hover_enabled=\u00bb0&#8243; global_colors_info=\u00bb{}\u00bb sticky_enabled=\u00bb0&#8243;]<\/p>\n<p>Nuestra experiencia y conocimiento de los contextos locales nos permiten actuar como expertos independientes en la realizaci\u00f3n de diferentes tipos de auditor\u00edas: conformidad con las normas internacionales y la legislaci\u00f3n local, cierre de un Plan de Acci\u00f3n para el Reasentamiento\u2026 Ya sea que se trate de un proceso informativo o de un requerimiento por parte de los grupos de inter\u00e9s \u2013 especialmente financieros \u2013 concebimos esta herramienta como un instrumento de gobernanza que permite gestionar los riesgos e impactos sociales asociados a las operaciones de nuestros clientes, optimizar su desempe\u00f1o y construir su sostenibilidad a largo plazo. <\/p>\n<p>Contamos con equipos multidisciplinarios con experiencia y conocimiento de los contextos y normas locales, as\u00ed como de los est\u00e1ndares internacionales y su puesta en pr\u00e1ctica en los pa\u00edses del Sur. Elaboramos an\u00e1lisis detallados y recomendaciones operativas, priorizadas y orientadas a apoyar la toma de decisiones. Tambi\u00e9n acompa\u00f1amos a nuestros clientes en la construcci\u00f3n de los planes de acci\u00f3n que se requieren para la implementaci\u00f3n efectiva de las medidas identificadas.  <\/p>\n<p>[\/et_pb_text][\/et_pb_column][\/et_pb_row][\/et_pb_section][et_pb_section fb_built=\u00bb1&#8243; _builder_version=\u00bb4.16&#8243; background_color=\u00bbrgba(177,227,227,0.25)\u00bb custom_padding=\u00bb0|0px|0|0px|false|false\u00bb global_colors_info=\u00bb{}\u00bb][et_pb_row column_structure=\u00bb1_2,1_2&#8243; use_custom_gutter=\u00bbon\u00bb gutter_width=\u00bb1&#8243; make_equal=\u00bbon\u00bb module_class=\u00bb et_pb_row_fullwidth\u00bb _builder_version=\u00bb4.16&#8243; background_color=\u00bb#00818b\u00bb use_background_color_gradient=\u00bbon\u00bb background_color_gradient_overlays_image=\u00bbon\u00bb width=\u00bb100%\u00bb width_tablet=\u00bb100%\u00bb width_phone=\u00bb\u00bb width_last_edited=\u00bbon|desktop\u00bb max_width=\u00bb100%\u00bb max_width_tablet=\u00bb100%\u00bb max_width_phone=\u00bb\u00bb max_width_last_edited=\u00bbon|desktop\u00bb custom_padding=\u00bb0|0px|0|0px|false|false\u00bb make_fullwidth=\u00bbon\u00bb global_colors_info=\u00bb{}\u00bb][et_pb_column type=\u00bb1_2&#8243; _builder_version=\u00bb4.16&#8243; background_color=\u00bb#00818b\u00bb custom_padding=\u00bb50px||50px|\u00bb global_colors_info=\u00bb{}\u00bb custom_padding__hover=\u00bb|||\u00bb][et_pb_cta title=\u00bbNuestros sectores de intervenci\u00f3n\u00bb button_url=\u00bbhttps:\/\/www.insuco.com\/es\/sectores\/\u00bb button_text=\u00bbDescubra nuestros sectores\u00bb _builder_version=\u00bb4.27.0&#8243; header_font=\u00bb||||||||\u00bb header_text_color=\u00bb#ffffff\u00bb header_font_size=\u00bb34px\u00bb body_font=\u00bb||||||||\u00bb body_text_color=\u00bb#ffffff\u00bb background_color=\u00bbrgba(89,175,181,0)\u00bb custom_button=\u00bbon\u00bb button_bg_color=\u00bb#59afb5&#8243; button_border_color=\u00bb#59afb5&#8243; button_font=\u00bb||||||||\u00bb background_layout=\u00bblight\u00bb max_width=\u00bb600px\u00bb module_alignment=\u00bbcenter\u00bb animation_style=\u00bbzoom\u00bb link_option_url=\u00bbhttps:\/\/www.insuco.com\/es\/sectores\/\u00bb global_module=\u00bb13784&#8243; saved_tabs=\u00bball\u00bb global_colors_info=\u00bb{}\u00bb]<\/p>\n<p>Nous intervenons aupr\u00e8s de nombreux secteurs pour la ma\u00eetrise des enjeux sociaux et la compr\u00e9hension des contextes locaux. Depuis 13 ans, d\u00e9j\u00e0 pr\u00e8s de 350 organisations nous ont fait confiance.<\/p>\n<p>[\/et_pb_cta][\/et_pb_column][et_pb_column type=\u00bb1_2&#8243; _builder_version=\u00bb4.16&#8243; background_color=\u00bbrgba(0,129,139,0)\u00bb use_background_color_gradient=\u00bbon\u00bb background_color_gradient_stops=\u00bbrgba(0,129,139,0.69) 0%|rgba(0,129,139,0.58) 100%\u00bb background_color_gradient_overlays_image=\u00bbon\u00bb background_color_gradient_start=\u00bbrgba(0,129,139,0.69)\u00bb background_color_gradient_end=\u00bbrgba(0,129,139,0.58)\u00bb background_image=\u00bbhttps:\/\/www.insuco.com\/wp-content\/uploads\/2019\/05\/Terrain_BF.jpg\u00bb custom_padding=\u00bb50px||50px|\u00bb global_colors_info=\u00bb{}\u00bb custom_padding__hover=\u00bb|||\u00bb][et_pb_cta title=\u00bb\u00a1Cu\u00e9ntenos sobre su proyecto!\u00bb button_url=\u00bbhttps:\/\/www.insuco.com\/es\/contacto\/\u00bb button_text=\u00bbCont\u00e1ctenos\u00bb _builder_version=\u00bb3.26&#8243; header_font=\u00bb||||||||\u00bb header_text_color=\u00bb#ffffff\u00bb header_font_size=\u00bb34px\u00bb body_font=\u00bb||||||||\u00bb body_text_color=\u00bb#ffffff\u00bb background_color=\u00bbrgba(89,175,181,0)\u00bb custom_button=\u00bbon\u00bb button_bg_color=\u00bb#59afb5&#8243; button_border_color=\u00bb#59afb5&#8243; button_font=\u00bb||||||||\u00bb background_layout=\u00bblight\u00bb max_width=\u00bb600px\u00bb module_alignment=\u00bbcenter\u00bb animation_style=\u00bbslide\u00bb link_option_url=\u00bbhttps:\/\/www.insuco.com\/es\/contacto\/\u00bb z_index_tablet=\u00bb500&#8243; global_module=\u00bb13524&#8243; global_colors_info=\u00bb{}\u00bb]<\/p>\n<p>Vous souhaitez \u00e9changer sur votre projet et ses enjeux ? En savoir plus sur Insuco et nos expertises ? Nous rencontrer ?<\/p>\n<p>[\/et_pb_cta][\/et_pb_column][\/et_pb_row][\/et_pb_section][et_pb_section fb_built=\u00bb1&#8243; _builder_version=\u00bb4.16&#8243; background_color=\u00bb#59afb5&#8243; custom_padding=\u00bb59px||0px|||\u00bb global_colors_info=\u00bb{}\u00bb][et_pb_row use_custom_gutter=\u00bbon\u00bb gutter_width=\u00bb2&#8243; _builder_version=\u00bb4.16&#8243; width=\u00bb100%\u00bb min_height=\u00bb405px\u00bb custom_margin_tablet=\u00bb\u00bb custom_margin_phone=\u00bb\u00bb custom_margin_last_edited=\u00bbon|phone\u00bb custom_padding=\u00bb|20px|6px|20px||\u00bb global_colors_info=\u00bb{}\u00bb][et_pb_column type=\u00bb4_4&#8243; _builder_version=\u00bb4.16&#8243; custom_padding=\u00bb|||\u00bb global_colors_info=\u00bb{}\u00bb custom_padding__hover=\u00bb|||\u00bb][et_pb_portfolio fullwidth=\u00bboff\u00bb posts_number=\u00bb3&#8243; include_categories=\u00bb243&#8243; show_categories=\u00bboff\u00bb show_pagination=\u00bboff\u00bb module_class=\u00bbprojets-associes\u00bb _builder_version=\u00bb4.16&#8243; title_font=\u00bb|600|||||||\u00bb title_text_color=\u00bb#00818b\u00bb title_font_size=\u00bb19px\u00bb title_line_height=\u00bb1.2em\u00bb background_color=\u00bbrgba(255,255,255,0.87)\u00bb custom_padding=\u00bb||||false|false\u00bb title_font_size_tablet=\u00bb\u00bb title_font_size_phone=\u00bb16px\u00bb title_font_size_last_edited=\u00bbon|desktop\u00bb custom_css_portfolio_image=\u00bbmargin:-1px;\u00bb border_width_all=\u00bb1px\u00bb border_color_all=\u00bbrgba(0,129,139,0.29)\u00bb global_colors_info=\u00bb{}\u00bb][\/et_pb_portfolio][\/et_pb_column][\/et_pb_row][\/et_pb_section][et_pb_section fb_built=\u00bb1&#8243; _builder_version=\u00bb4.16&#8243; background_color=\u00bb#59afb5&#8243; custom_padding=\u00bb26px|||||\u00bb link_option_url=\u00bbhttps:\/\/www.insuco.com\/projets-recents-ou-en-cours\/\u00bb global_colors_info=\u00bb{}\u00bb][et_pb_row _builder_version=\u00bb4.16&#8243; custom_padding=\u00bb0|0px|1px|0px|false|false\u00bb global_colors_info=\u00bb{}\u00bb][et_pb_column type=\u00bb4_4&#8243; _builder_version=\u00bb4.16&#8243; custom_padding=\u00bb|||\u00bb global_colors_info=\u00bb{}\u00bb custom_padding__hover=\u00bb|||\u00bb][et_pb_text _builder_version=\u00bb4.16&#8243; header_font=\u00bb||||||||\u00bb header_2_font=\u00bb||||||||\u00bb header_2_text_align=\u00bbcenter\u00bb header_2_text_color=\u00bb#ffffff\u00bb header_2_font_size=\u00bb34px\u00bb header_2_font_size_tablet=\u00bb\u00bb header_2_font_size_phone=\u00bb30px\u00bb header_2_font_size_last_edited=\u00bbon|phone\u00bb global_colors_info=\u00bb{}\u00bb]<\/p>\n<h2>Descubra nuestros proyectos<\/h2>\n<p>[\/et_pb_text][et_pb_button button_url=\u00bbhttps:\/\/www.insuco.com\/es\/proyectos-recientes-y-en-curso\/\u00bb button_text=\u00bbTodos nuestros proyectos\u00bb button_alignment=\u00bbcenter\u00bb _builder_version=\u00bb4.16&#8243; custom_button=\u00bbon\u00bb button_text_color=\u00bb#ffffff\u00bb button_bg_color=\u00bb#00818b\u00bb button_border_color=\u00bb#00818b\u00bb button_font=\u00bb||||||||\u00bb custom_margin=\u00bb30px|50px|30px|50px\u00bb global_colors_info=\u00bb{}\u00bb][\/et_pb_button][\/et_pb_column][\/et_pb_row][\/et_pb_section]<\/p>\n","protected":false},"excerpt":{"rendered":"<p>ServiciosNuestra experiencia y conocimiento de los contextos locales nos permiten actuar como expertos independientes en la realizaci\u00f3n de diferentes tipos de auditor\u00edas: conformidad con las normas internacionales y la legislaci\u00f3n local, cierre de un Plan de Acci\u00f3n para el Reasentamiento\u2026 Ya sea que se trate de un proceso informativo o de un requerimiento por parte [&hellip;]<\/p>\n","protected":false},"author":1,"featured_media":0,"parent":0,"menu_order":0,"comment_status":"closed","ping_status":"closed","template":"","meta":{"_acf_changed":false,"_et_pb_use_builder":"on","_et_pb_old_content":"","_et_gb_content_width":"","footnotes":""},"class_list":["post-23446","page","type-page","status-publish","hentry"],"acf":[],"yoast_head":"<!-- This site is optimized with the Yoast SEO plugin v26.0 - https:\/\/yoast.com\/wordpress\/plugins\/seo\/ -->\n<title>Auditor\u00eda - Insuco<\/title>\n<meta name=\"robots\" content=\"index, follow, max-snippet:-1, max-image-preview:large, max-video-preview:-1\" \/>\n<link rel=\"canonical\" href=\"https:\/\/www.insuco.com\/es\/auditoria\/\" \/>\n<meta property=\"og:locale\" content=\"es_ES\" \/>\n<meta property=\"og:type\" content=\"article\" \/>\n<meta property=\"og:title\" content=\"Auditor\u00eda - Insuco\" \/>\n<meta property=\"og:description\" content=\"ServiciosNuestra experiencia y conocimiento de los contextos locales nos permiten actuar como expertos independientes en la realizaci\u00f3n de diferentes tipos de auditor\u00edas: conformidad con las normas internacionales y la legislaci\u00f3n local, cierre de un Plan de Acci\u00f3n para el Reasentamiento\u2026 Ya sea que se trate de un proceso informativo o de un requerimiento por parte [&hellip;]\" \/>\n<meta property=\"og:url\" content=\"https:\/\/www.insuco.com\/es\/auditoria\/\" \/>\n<meta property=\"og:site_name\" content=\"Insuco\" \/>\n<meta property=\"article:modified_time\" content=\"2024-08-07T13:13:41+00:00\" \/>\n<meta name=\"twitter:card\" content=\"summary_large_image\" \/>\n<meta name=\"twitter:label1\" content=\"Tiempo de lectura\" \/>\n\t<meta name=\"twitter:data1\" content=\"6 minutos\" \/>\n<script type=\"application\/ld+json\" class=\"yoast-schema-graph\">{\"@context\":\"https:\/\/schema.org\",\"@graph\":[{\"@type\":\"WebPage\",\"@id\":\"https:\/\/www.insuco.com\/es\/auditoria\/\",\"url\":\"https:\/\/www.insuco.com\/es\/auditoria\/\",\"name\":\"Auditor\u00eda - Insuco\",\"isPartOf\":{\"@id\":\"https:\/\/www.insuco.com\/es\/#website\"},\"datePublished\":\"2019-08-12T07:27:29+00:00\",\"dateModified\":\"2024-08-07T13:13:41+00:00\",\"breadcrumb\":{\"@id\":\"https:\/\/www.insuco.com\/es\/auditoria\/#breadcrumb\"},\"inLanguage\":\"es\",\"potentialAction\":[{\"@type\":\"ReadAction\",\"target\":[\"https:\/\/www.insuco.com\/es\/auditoria\/\"]}]},{\"@type\":\"BreadcrumbList\",\"@id\":\"https:\/\/www.insuco.com\/es\/auditoria\/#breadcrumb\",\"itemListElement\":[{\"@type\":\"ListItem\",\"position\":1,\"name\":\"Accueil\",\"item\":\"https:\/\/www.insuco.com\/es\/\"},{\"@type\":\"ListItem\",\"position\":2,\"name\":\"Auditor\u00eda\"}]},{\"@type\":\"WebSite\",\"@id\":\"https:\/\/www.insuco.com\/es\/#website\",\"url\":\"https:\/\/www.insuco.com\/es\/\",\"name\":\"Insuco\",\"description\":\"Local understanding for sustainable solutions\",\"potentialAction\":[{\"@type\":\"SearchAction\",\"target\":{\"@type\":\"EntryPoint\",\"urlTemplate\":\"https:\/\/www.insuco.com\/es\/?s={search_term_string}\"},\"query-input\":{\"@type\":\"PropertyValueSpecification\",\"valueRequired\":true,\"valueName\":\"search_term_string\"}}],\"inLanguage\":\"es\"}]}<\/script>\n<!-- \/ Yoast SEO plugin. -->","yoast_head_json":{"title":"Auditor\u00eda - Insuco","robots":{"index":"index","follow":"follow","max-snippet":"max-snippet:-1","max-image-preview":"max-image-preview:large","max-video-preview":"max-video-preview:-1"},"canonical":"https:\/\/www.insuco.com\/es\/auditoria\/","og_locale":"es_ES","og_type":"article","og_title":"Auditor\u00eda - Insuco","og_description":"ServiciosNuestra experiencia y conocimiento de los contextos locales nos permiten actuar como expertos independientes en la realizaci\u00f3n de diferentes tipos de auditor\u00edas: conformidad con las normas internacionales y la legislaci\u00f3n local, cierre de un Plan de Acci\u00f3n para el Reasentamiento\u2026 Ya sea que se trate de un proceso informativo o de un requerimiento por parte [&hellip;]","og_url":"https:\/\/www.insuco.com\/es\/auditoria\/","og_site_name":"Insuco","article_modified_time":"2024-08-07T13:13:41+00:00","twitter_card":"summary_large_image","twitter_misc":{"Tiempo de lectura":"6 minutos"},"schema":{"@context":"https:\/\/schema.org","@graph":[{"@type":"WebPage","@id":"https:\/\/www.insuco.com\/es\/auditoria\/","url":"https:\/\/www.insuco.com\/es\/auditoria\/","name":"Auditor\u00eda - Insuco","isPartOf":{"@id":"https:\/\/www.insuco.com\/es\/#website"},"datePublished":"2019-08-12T07:27:29+00:00","dateModified":"2024-08-07T13:13:41+00:00","breadcrumb":{"@id":"https:\/\/www.insuco.com\/es\/auditoria\/#breadcrumb"},"inLanguage":"es","potentialAction":[{"@type":"ReadAction","target":["https:\/\/www.insuco.com\/es\/auditoria\/"]}]},{"@type":"BreadcrumbList","@id":"https:\/\/www.insuco.com\/es\/auditoria\/#breadcrumb","itemListElement":[{"@type":"ListItem","position":1,"name":"Accueil","item":"https:\/\/www.insuco.com\/es\/"},{"@type":"ListItem","position":2,"name":"Auditor\u00eda"}]},{"@type":"WebSite","@id":"https:\/\/www.insuco.com\/es\/#website","url":"https:\/\/www.insuco.com\/es\/","name":"Insuco","description":"Local understanding for sustainable solutions","potentialAction":[{"@type":"SearchAction","target":{"@type":"EntryPoint","urlTemplate":"https:\/\/www.insuco.com\/es\/?s={search_term_string}"},"query-input":{"@type":"PropertyValueSpecification","valueRequired":true,"valueName":"search_term_string"}}],"inLanguage":"es"}]}},"_links":{"self":[{"href":"https:\/\/www.insuco.com\/es\/wp-json\/wp\/v2\/pages\/23446","targetHints":{"allow":["GET"]}}],"collection":[{"href":"https:\/\/www.insuco.com\/es\/wp-json\/wp\/v2\/pages"}],"about":[{"href":"https:\/\/www.insuco.com\/es\/wp-json\/wp\/v2\/types\/page"}],"author":[{"embeddable":true,"href":"https:\/\/www.insuco.com\/es\/wp-json\/wp\/v2\/users\/1"}],"replies":[{"embeddable":true,"href":"https:\/\/www.insuco.com\/es\/wp-json\/wp\/v2\/comments?post=23446"}],"version-history":[{"count":9,"href":"https:\/\/www.insuco.com\/es\/wp-json\/wp\/v2\/pages\/23446\/revisions"}],"predecessor-version":[{"id":53558,"href":"https:\/\/www.insuco.com\/es\/wp-json\/wp\/v2\/pages\/23446\/revisions\/53558"}],"wp:attachment":[{"href":"https:\/\/www.insuco.com\/es\/wp-json\/wp\/v2\/media?parent=23446"}],"curies":[{"name":"wp","href":"https:\/\/api.w.org\/{rel}","templated":true}]}}