{"id":23193,"date":"2019-08-01T22:57:48","date_gmt":"2019-08-01T20:57:48","guid":{"rendered":"https:\/\/www.insuco.com\/?page_id=23193"},"modified":"2025-12-11T15:34:10","modified_gmt":"2025-12-11T14:34:10","slug":"aviso-legal","status":"publish","type":"page","link":"https:\/\/www.insuco.com\/es\/aviso-legal\/","title":{"rendered":"Aviso Legal"},"content":{"rendered":"<p>[et_pb_section fb_built=\u00bb1&#8243; _builder_version=\u00bb4.16&#8243; use_background_color_gradient=\u00bbon\u00bb background_color_gradient_stops=\u00bb#00818b 0%|rgba(0,129,139,0.99) 100%\u00bb background_color_gradient_overlays_image=\u00bbon\u00bb background_color_gradient_start=\u00bb#00818b\u00bb background_color_gradient_end=\u00bbrgba(0,129,139,0.99)\u00bb background_image=\u00bbhttps:\/\/www.insuco.com\/wp-content\/uploads\/2019\/04\/insuco-slider2.jpg\u00bb custom_padding=\u00bb65px|0px|23px|0px|false|false\u00bb global_colors_info=\u00bb{}\u00bb][et_pb_row _builder_version=\u00bb4.16&#8243; custom_padding=\u00bb27px|0px|0|0px|false|false\u00bb global_colors_info=\u00bb{}\u00bb][et_pb_column type=\u00bb4_4&#8243; _builder_version=\u00bb4.16&#8243; custom_padding=\u00bb|||\u00bb global_colors_info=\u00bb{}\u00bb custom_padding__hover=\u00bb|||\u00bb][et_pb_text _builder_version=\u00bb4.27.0&#8243; header_font=\u00bb|300|||||||\u00bb header_text_color=\u00bb#ffffff\u00bb header_font_size=\u00bb70px\u00bb header_2_font=\u00bb||||||||\u00bb header_2_text_color=\u00bb#ffffff\u00bb header_2_font_size=\u00bb60px\u00bb custom_padding=\u00bb|100px||\u00bb animation_style=\u00bbslide\u00bb animation_direction=\u00bbright\u00bb animation_delay=\u00bb500ms\u00bb link_option_url=\u00bb#\u00bb header_font_size_tablet=\u00bb\u00bb header_font_size_phone=\u00bb50px\u00bb header_font_size_last_edited=\u00bbon|phone\u00bb global_colors_info=\u00bb{}\u00bb header_2_text_color__hover_enabled=\u00bbon\u00bb header_2_text_color__hover=\u00bb#b1e3e3&#8243;]<\/p>\n<h1>Aviso Legal <\/h1>\n<p>[\/et_pb_text][\/et_pb_column][\/et_pb_row][\/et_pb_section][et_pb_section fb_built=\u00bb1&#8243; _builder_version=\u00bb4.16&#8243; global_colors_info=\u00bb{}\u00bb][et_pb_row _builder_version=\u00bb4.16&#8243; background_size=\u00bbinitial\u00bb background_position=\u00bbtop_left\u00bb background_repeat=\u00bbrepeat\u00bb global_colors_info=\u00bb{}\u00bb][et_pb_column type=\u00bb4_4&#8243; _builder_version=\u00bb4.16&#8243; custom_padding=\u00bb|||\u00bb global_colors_info=\u00bb{}\u00bb custom_padding__hover=\u00bb|||\u00bb][et_pb_text _builder_version=\u00bb4.27.4&#8243; header_font=\u00bb||||||||\u00bb header_2_font=\u00bb||||||||\u00bb header_2_font_size=\u00bb30px\u00bb header_3_font=\u00bb||||||||\u00bb header_3_font_size=\u00bb24px\u00bb background_size=\u00bbinitial\u00bb background_position=\u00bbtop_left\u00bb background_repeat=\u00bbrepeat\u00bb hover_enabled=\u00bb0&#8243; global_colors_info=\u00bb{}\u00bb sticky_enabled=\u00bb0&#8243;]<\/p>\n<p><strong>Direcci\u00f3n del sitio web:<\/strong> https:\/\/www.insuco.com\/<br \/><strong>Editor del sitio\/nombre de la empresa:<\/strong> INSUCO INTL<br \/><strong>Sede central:<\/strong> <span>GL56 0QE Moreton in Marsh<\/span> &#8211; Reino Unido<br \/><strong>N\u00famero DUNS:<\/strong> <b>211721245<\/b><br \/><strong>Director de publicaci\u00f3n:<\/strong> Pascal Rey<br \/><strong>Detalles de contacto :<\/strong><br \/>contacto@insuco.com<br \/><strong>Detalles del anfitri\u00f3n:<\/strong><br \/>OVH SAS, 2 rue Kellermann- 59100 Roubaix \u2013 Francia<br \/>SAS con capital de 500.000\u20ac<br \/>Tel\u00e9fono: 1007<\/p>\n<p>El sitio web https:\/\/www.insuco.com\/ (el Sitio) es propiedad exclusiva de INSUCO INTL.<\/p>\n<p>La consulta del Sitio est\u00e1 sujeta a la plena aceptaci\u00f3n y cumplimiento por parte de los usuarios de Internet de las siguientes condiciones de uso.<\/p>\n<p>El usuario de Internet se compromete a hacer un uso personal y no comercial de la informaci\u00f3n contenida en el Sitio. En caso de incumplimiento de lo dispuesto en estos avisos legales, por parte del usuario de Internet, podr\u00e1 incurrir en responsabilidad civil y\/o penal.<\/p>\n<h2>1. Contenido del sitio<\/h2>\n<p>El Sitio es operado por INSUCO INTL. Presenta los servicios y productos que ofrece.<\/p>\n<h2>2. Propiedad intelectual<\/h2>\n<p>En general, los datos, programas, muestras musicales, textos, informaciones, logotipos, identidades visuales, im\u00e1genes animadas o no animadas y su formato, videos, que aparecen en el Sitio son propiedad de INSUCO INTL y est\u00e1n protegidos como tales por las disposiciones del C\u00f3digo de Propiedad Intelectual.<\/p>\n<p>Todos los usuarios de Internet se comprometen a utilizarlos \u00fanicamente dentro del estricto marco ofrecido por el Sitio.<\/p>\n<p><span style=\"color: #000000; font-size: 30px; letter-spacing: -1px;\">3. Galletas<\/span><\/p>\n<p>La navegaci\u00f3n por el Sitio puede dar lugar a la instalaci\u00f3n de cookies en el ordenador del usuario.<\/p>\n<p>Los datos obtenidos a trav\u00e9s de estas cookies tienen como objetivo facilitar la navegaci\u00f3n posterior en el Sitio y est\u00e1n destinados a permitir diversas mediciones del tr\u00e1fico en el Sitio.<\/p>\n<p>El usuario del Sitio tiene la opci\u00f3n de desactivar las cookies accediendo a las opciones de su navegador como se indica a continuaci\u00f3n:<\/p>\n<ul>\n<li><a href=\"https:\/\/support.google.com\/chrome\/answer\/95647?hl=fr\">Google Chrome<\/a><\/li>\n<li><a href=\"https:\/\/support.mozilla.org\/fr\/kb\/activer-desactiver-cookies-preferences?redirectlocale=fr&amp;redirectslug=activer-desactiver-cookies\">Mozilla Firefox<\/a><\/li>\n<li><a href=\"https:\/\/support.apple.com\/kb\/PH17191?viewlocale=fr_FR&amp;locale=en_US\">Safari<\/a><\/li>\n<li><a href=\"http:\/\/help.opera.com\/Windows\/10.20\/fr\/cookies.html\">\u00d3pera<\/a><\/li>\n<li><a href=\"https:\/\/support.microsoft.com\/fr-fr\/help\/17442\/windows-internet-explorer-delete-manage-cookies#ie=ie-11\">explorador de Internet<\/a><\/li>\n<li><a href=\"https:\/\/privacy.microsoft.com\/fr-fr\/windows-10-microsoft-edge-and-privacy\">Borde<\/a><\/li>\n<\/ul>\n<h2>4. Google Analytics<\/h2>\n<p>INSUCO INTL utiliza Google Analytics para rastrear a los usuarios de Internet en este Sitio.<\/p>\n<p>Google Analytics utiliza cookies para recopilar estos datos.<\/p>\n<p>Para cumplir con la nueva normativa, Google ha incluido un cambio en el tratamiento de datos que los internautas pueden consultar en <a href=\"https:\/\/www.google.com\/analytics\/terms\/dpa\/dataprocessingamendment_20130906.html\" target=\"_blank\" rel=\"noopener noreferrer\">la siguiente p\u00e1gina<\/a> .<\/p>\n<p>INSUCO INTL se compromete a tratar los datos recopilados de forma an\u00f3nima y a desactivar el \u201cintercambio de datos\u201d.<\/p>\n<h2>5. Comentarios<\/h2>\n<p>INSUCO INTL alienta a los usuarios de Internet a publicar comentarios en el Sitio. Sin embargo, los comentarios no relacionados con el contenido del Sitio se considerar\u00e1n spam y, por lo tanto, se eliminar\u00e1n. Tambi\u00e9n se eliminar\u00e1n los comentarios que sean ofensivos o tengan connotaciones racistas, violentas o sexuales.<\/p>\n<h2>6. Responsabilidad<\/h2>\n<p>INSUCO INTL declina toda responsabilidad por el mal funcionamiento que pueda ocurrir en el Sitio y que resulte en la p\u00e9rdida de datos o la imposibilidad de acceso a la informaci\u00f3n producida en el mismo. INSUCO INTL no puede garantizar la integridad y veracidad de la informaci\u00f3n presente en el Sitio, as\u00ed como la ausencia de modificaciones por parte de un tercero (intrusi\u00f3n, virus). El usuario de Internet es el \u00fanico responsable del uso que hace del contenido del Sitio.<\/p>\n<p>Los elementos presentados en el Sitio est\u00e1n sujetos a modificaciones sin previo aviso y se ponen a disposici\u00f3n de los usuarios de Internet, sin garant\u00eda de ning\u00fan tipo, expresa o t\u00e1cita.<\/p>\n<p>La presencia de enlaces de hipertexto en el Sitio no crea responsabilidad solidaria entre INSUCO INTL y los propietarios de otros sitios, en cuanto al contenido de los sitios a los que es redirigido el internauta. S\u00f3lo se podr\u00e1 responsabilizar a dichos sitios.<\/p>\n<p>[\/et_pb_text][\/et_pb_column][\/et_pb_row][\/et_pb_section]<\/p>\n","protected":false},"excerpt":{"rendered":"<p>Aviso Legal Direcci\u00f3n del sitio web: https:\/\/www.insuco.com\/Editor del sitio\/nombre de la empresa: INSUCO INTLSede central: GL56 0QE Moreton in Marsh &#8211; Reino UnidoN\u00famero DUNS: 211721245Director de publicaci\u00f3n: Pascal ReyDetalles de contacto :contacto@insuco.comDetalles del anfitri\u00f3n:OVH SAS, 2 rue Kellermann- 59100 Roubaix \u2013 FranciaSAS con capital de 500.000\u20acTel\u00e9fono: 1007 El sitio web https:\/\/www.insuco.com\/ (el Sitio) es propiedad [&hellip;]<\/p>\n","protected":false},"author":1,"featured_media":0,"parent":0,"menu_order":0,"comment_status":"closed","ping_status":"open","template":"","meta":{"_acf_changed":false,"_et_pb_use_builder":"on","_et_pb_old_content":"","_et_gb_content_width":"","footnotes":""},"class_list":["post-23193","page","type-page","status-publish","hentry"],"acf":[],"yoast_head":"<!-- This site is optimized with the Yoast SEO plugin v26.0 - https:\/\/yoast.com\/wordpress\/plugins\/seo\/ -->\n<title>Aviso Legal - Insuco<\/title>\n<meta name=\"robots\" content=\"index, follow, max-snippet:-1, max-image-preview:large, max-video-preview:-1\" \/>\n<link rel=\"canonical\" href=\"https:\/\/www.insuco.com\/es\/aviso-legal\/\" \/>\n<meta property=\"og:locale\" content=\"es_ES\" \/>\n<meta property=\"og:type\" content=\"article\" \/>\n<meta property=\"og:title\" content=\"Aviso Legal - Insuco\" \/>\n<meta property=\"og:description\" content=\"Aviso Legal Direcci\u00f3n del sitio web: https:\/\/www.insuco.com\/Editor del sitio\/nombre de la empresa: INSUCO INTLSede central: GL56 0QE Moreton in Marsh - Reino UnidoN\u00famero DUNS: 211721245Director de publicaci\u00f3n: Pascal ReyDetalles de contacto :contacto@insuco.comDetalles del anfitri\u00f3n:OVH SAS, 2 rue Kellermann- 59100 Roubaix \u2013 FranciaSAS con capital de 500.000\u20acTel\u00e9fono: 1007 El sitio web https:\/\/www.insuco.com\/ (el Sitio) es propiedad [&hellip;]\" \/>\n<meta property=\"og:url\" content=\"https:\/\/www.insuco.com\/es\/aviso-legal\/\" \/>\n<meta property=\"og:site_name\" content=\"Insuco\" \/>\n<meta property=\"article:modified_time\" content=\"2025-12-11T14:34:10+00:00\" \/>\n<meta name=\"twitter:card\" content=\"summary_large_image\" \/>\n<meta name=\"twitter:label1\" content=\"Tiempo de lectura\" \/>\n\t<meta name=\"twitter:data1\" content=\"4 minutos\" \/>\n<script type=\"application\/ld+json\" class=\"yoast-schema-graph\">{\"@context\":\"https:\/\/schema.org\",\"@graph\":[{\"@type\":\"WebPage\",\"@id\":\"https:\/\/www.insuco.com\/es\/aviso-legal\/\",\"url\":\"https:\/\/www.insuco.com\/es\/aviso-legal\/\",\"name\":\"Aviso Legal - Insuco\",\"isPartOf\":{\"@id\":\"https:\/\/www.insuco.com\/es\/#website\"},\"datePublished\":\"2019-08-01T20:57:48+00:00\",\"dateModified\":\"2025-12-11T14:34:10+00:00\",\"breadcrumb\":{\"@id\":\"https:\/\/www.insuco.com\/es\/aviso-legal\/#breadcrumb\"},\"inLanguage\":\"es\",\"potentialAction\":[{\"@type\":\"ReadAction\",\"target\":[\"https:\/\/www.insuco.com\/es\/aviso-legal\/\"]}]},{\"@type\":\"BreadcrumbList\",\"@id\":\"https:\/\/www.insuco.com\/es\/aviso-legal\/#breadcrumb\",\"itemListElement\":[{\"@type\":\"ListItem\",\"position\":1,\"name\":\"Accueil\",\"item\":\"https:\/\/www.insuco.com\/es\/\"},{\"@type\":\"ListItem\",\"position\":2,\"name\":\"Aviso Legal\"}]},{\"@type\":\"WebSite\",\"@id\":\"https:\/\/www.insuco.com\/es\/#website\",\"url\":\"https:\/\/www.insuco.com\/es\/\",\"name\":\"Insuco\",\"description\":\"Local understanding for sustainable solutions\",\"potentialAction\":[{\"@type\":\"SearchAction\",\"target\":{\"@type\":\"EntryPoint\",\"urlTemplate\":\"https:\/\/www.insuco.com\/es\/?s={search_term_string}\"},\"query-input\":{\"@type\":\"PropertyValueSpecification\",\"valueRequired\":true,\"valueName\":\"search_term_string\"}}],\"inLanguage\":\"es\"}]}<\/script>\n<!-- \/ Yoast SEO plugin. -->","yoast_head_json":{"title":"Aviso Legal - Insuco","robots":{"index":"index","follow":"follow","max-snippet":"max-snippet:-1","max-image-preview":"max-image-preview:large","max-video-preview":"max-video-preview:-1"},"canonical":"https:\/\/www.insuco.com\/es\/aviso-legal\/","og_locale":"es_ES","og_type":"article","og_title":"Aviso Legal - Insuco","og_description":"Aviso Legal Direcci\u00f3n del sitio web: https:\/\/www.insuco.com\/Editor del sitio\/nombre de la empresa: INSUCO INTLSede central: GL56 0QE Moreton in Marsh - Reino UnidoN\u00famero DUNS: 211721245Director de publicaci\u00f3n: Pascal ReyDetalles de contacto :contacto@insuco.comDetalles del anfitri\u00f3n:OVH SAS, 2 rue Kellermann- 59100 Roubaix \u2013 FranciaSAS con capital de 500.000\u20acTel\u00e9fono: 1007 El sitio web https:\/\/www.insuco.com\/ (el Sitio) es propiedad [&hellip;]","og_url":"https:\/\/www.insuco.com\/es\/aviso-legal\/","og_site_name":"Insuco","article_modified_time":"2025-12-11T14:34:10+00:00","twitter_card":"summary_large_image","twitter_misc":{"Tiempo de lectura":"4 minutos"},"schema":{"@context":"https:\/\/schema.org","@graph":[{"@type":"WebPage","@id":"https:\/\/www.insuco.com\/es\/aviso-legal\/","url":"https:\/\/www.insuco.com\/es\/aviso-legal\/","name":"Aviso Legal - Insuco","isPartOf":{"@id":"https:\/\/www.insuco.com\/es\/#website"},"datePublished":"2019-08-01T20:57:48+00:00","dateModified":"2025-12-11T14:34:10+00:00","breadcrumb":{"@id":"https:\/\/www.insuco.com\/es\/aviso-legal\/#breadcrumb"},"inLanguage":"es","potentialAction":[{"@type":"ReadAction","target":["https:\/\/www.insuco.com\/es\/aviso-legal\/"]}]},{"@type":"BreadcrumbList","@id":"https:\/\/www.insuco.com\/es\/aviso-legal\/#breadcrumb","itemListElement":[{"@type":"ListItem","position":1,"name":"Accueil","item":"https:\/\/www.insuco.com\/es\/"},{"@type":"ListItem","position":2,"name":"Aviso Legal"}]},{"@type":"WebSite","@id":"https:\/\/www.insuco.com\/es\/#website","url":"https:\/\/www.insuco.com\/es\/","name":"Insuco","description":"Local understanding for sustainable solutions","potentialAction":[{"@type":"SearchAction","target":{"@type":"EntryPoint","urlTemplate":"https:\/\/www.insuco.com\/es\/?s={search_term_string}"},"query-input":{"@type":"PropertyValueSpecification","valueRequired":true,"valueName":"search_term_string"}}],"inLanguage":"es"}]}},"_links":{"self":[{"href":"https:\/\/www.insuco.com\/es\/wp-json\/wp\/v2\/pages\/23193","targetHints":{"allow":["GET"]}}],"collection":[{"href":"https:\/\/www.insuco.com\/es\/wp-json\/wp\/v2\/pages"}],"about":[{"href":"https:\/\/www.insuco.com\/es\/wp-json\/wp\/v2\/types\/page"}],"author":[{"embeddable":true,"href":"https:\/\/www.insuco.com\/es\/wp-json\/wp\/v2\/users\/1"}],"replies":[{"embeddable":true,"href":"https:\/\/www.insuco.com\/es\/wp-json\/wp\/v2\/comments?post=23193"}],"version-history":[{"count":8,"href":"https:\/\/www.insuco.com\/es\/wp-json\/wp\/v2\/pages\/23193\/revisions"}],"predecessor-version":[{"id":58794,"href":"https:\/\/www.insuco.com\/es\/wp-json\/wp\/v2\/pages\/23193\/revisions\/58794"}],"wp:attachment":[{"href":"https:\/\/www.insuco.com\/es\/wp-json\/wp\/v2\/media?parent=23193"}],"curies":[{"name":"wp","href":"https:\/\/api.w.org\/{rel}","templated":true}]}}