{"id":22939,"date":"2019-08-01T21:20:51","date_gmt":"2019-08-01T19:20:51","guid":{"rendered":"https:\/\/www.insuco.com\/?page_id=22939"},"modified":"2024-08-07T13:24:12","modified_gmt":"2024-08-07T11:24:12","slug":"estudios-de-impacto-social","status":"publish","type":"page","link":"https:\/\/www.insuco.com\/es\/estudios-de-impacto-social\/","title":{"rendered":"Estudios de impacto social"},"content":{"rendered":"<p>[et_pb_section fb_built=\u00bb1&#8243; disabled_on=\u00bboff|off|off\u00bb _builder_version=\u00bb3.22.7&#8243; use_background_color_gradient=\u00bbon\u00bb background_color_gradient_start=\u00bb#00818b\u00bb background_color_gradient_end=\u00bbrgba(0,129,139,0.99)\u00bb background_color_gradient_overlays_image=\u00bbon\u00bb background_image=\u00bbhttps:\/\/www.insuco.com\/wp-content\/uploads\/2019\/04\/insuco-slider2.jpg\u00bb custom_padding=\u00bb65px|0px|23px|0px|false|false\u00bb][et_pb_row custom_padding=\u00bb27px|0px|0|0px|false|false\u00bb _builder_version=\u00bb3.25&#8243;][et_pb_column type=\u00bb4_4&#8243; _builder_version=\u00bb3.25&#8243; custom_padding=\u00bb|||\u00bb custom_padding__hover=\u00bb|||\u00bb][et_pb_text _builder_version=\u00bb3.22.7&#8243; header_font=\u00bb|300|||||||\u00bb header_text_color=\u00bb#ffffff\u00bb header_font_size=\u00bb70px\u00bb header_2_font=\u00bb||||||||\u00bb header_2_text_color=\u00bb#ffffff\u00bb header_2_font_size=\u00bb60px\u00bb custom_padding=\u00bb|||\u00bb animation_style=\u00bbslide\u00bb animation_direction=\u00bbright\u00bb animation_delay=\u00bb500ms\u00bb header_font_size_phone=\u00bb50px\u00bb header_font_size_last_edited=\u00bbon|phone\u00bb header_2_text_color__hover_enabled=\u00bbon\u00bb header_2_text_color__hover=\u00bb#b1e3e3&#8243;]<\/p>\n<h1>Servicios<\/h1>\n<p>[\/et_pb_text][\/et_pb_column][\/et_pb_row][\/et_pb_section][et_pb_section fb_built=\u00bb1&#8243; _builder_version=\u00bb3.22.7&#8243; custom_padding=\u00bb21px|0px|37px|0px|false|false\u00bb][et_pb_row custom_margin=\u00bb16px|auto||auto||\u00bb make_equal=\u00bbon\u00bb _builder_version=\u00bb3.25&#8243;][et_pb_column type=\u00bb4_4&#8243; _builder_version=\u00bb3.25&#8243; custom_padding=\u00bb|||\u00bb custom_padding__hover=\u00bb|||\u00bb][et_pb_text _builder_version=\u00bb3.22.7&#8243; text_font=\u00bb||||||||\u00bb header_font=\u00bb||||||||\u00bb header_2_font=\u00bb||||||||\u00bb header_2_text_color=\u00bb#00818b\u00bb header_2_font_size=\u00bb55px\u00bb module_alignment=\u00bbcenter\u00bb custom_padding=\u00bb0px|||||\u00bb header_2_font_size_phone=\u00bb40px\u00bb header_2_font_size_last_edited=\u00bbon|phone\u00bb]<\/p>\n<h2>Etudes d&#8217;impact social<\/h2>\n<p>[\/et_pb_text][\/et_pb_column][\/et_pb_row][et_pb_row use_custom_gutter=\u00bbon\u00bb gutter_width=\u00bb2&#8243; custom_padding=\u00bb||16px|||\u00bb _builder_version=\u00bb3.25&#8243; column_structure=\u00bb1_2,1_2&#8243;][et_pb_column type=\u00bb1_2&#8243; _builder_version=\u00bb3.25&#8243; custom_padding=\u00bb|||\u00bb custom_padding__hover=\u00bb|||\u00bb][et_pb_image src=\u00bbhttps:\/\/www.insuco.com\/wp-content\/uploads\/2019\/06\/Etudes-3-EIS.jpg\u00bb align_tablet=\u00bbcenter\u00bb align_last_edited=\u00bbon|desktop\u00bb _builder_version=\u00bb3.23&#8243;][\/et_pb_image][\/et_pb_column][et_pb_column type=\u00bb1_2&#8243; _builder_version=\u00bb3.25&#8243; custom_padding=\u00bb|||\u00bb custom_padding__hover=\u00bb|||\u00bb][et_pb_text _builder_version=\u00bb3.22.7&#8243; header_font=\u00bb||||||||\u00bb header_2_font=\u00bb||||||||\u00bb header_2_font_size=\u00bb40px\u00bb header_3_font=\u00bb|300|on||||||\u00bb header_3_font_size=\u00bb32px\u00bb]<\/p>\n<p>Nuestros estudios permiten identificar los riesgos y las oportunidades asociados con un proyecto para prevenir o mitigar los impactos negativos, maximizando, a la vez, los impactos positivos. Nuestro enfoque se basa en un s\u00f3lido trabajo de campo y un proceso participativo que tiene en cuenta las especificidades locales, percepciones, expectativas e inquietudes de las partes interesadas. <\/p>\n<p>Esta metodolog\u00eda permite desarrollar una visi\u00f3n proactiva y generar soluciones pragm\u00e1ticas, integradas a nivel local, de manera a fomentar una fuerte legitimidad social hacia las mismas y que se conviertan en garant\u00eda de la sostenibilidad del proyecto. Todos nuestros estudios y planes conexos se llevan a cabo de conformidad con las normas y est\u00e1ndares internacionales, as\u00ed como con la legislaci\u00f3n nacional. <\/p>\n<p>M\u00e1s que simples obligaciones legales, estas herramientas son para nosotros valiosos instrumentos de gobernanza local que permiten promover un desarrollo sostenible y equitativo para el cliente y la comunidad.<\/p>\n<p>[\/et_pb_text][\/et_pb_column][\/et_pb_row][\/et_pb_section][et_pb_section fb_built=\u00bb1&#8243; _builder_version=\u00bb3.22.3&#8243; background_color=\u00bbrgba(177,227,227,0.25)\u00bb custom_padding=\u00bb0|0px|0|0px|false|false\u00bb][et_pb_row use_custom_gutter=\u00bbon\u00bb gutter_width=\u00bb1&#8243; custom_padding=\u00bb0|0px|0|0px|false|false\u00bb make_equal=\u00bbon\u00bb module_class=\u00bb et_pb_row_fullwidth\u00bb _builder_version=\u00bb3.25&#8243; background_color=\u00bb#00818b\u00bb use_background_color_gradient=\u00bbon\u00bb background_color_gradient_overlays_image=\u00bbon\u00bb width=\u00bb100%\u00bb width_tablet=\u00bb100%\u00bb width_last_edited=\u00bbon|desktop\u00bb max_width=\u00bb100%\u00bb max_width_tablet=\u00bb100%\u00bb max_width_last_edited=\u00bbon|desktop\u00bb make_fullwidth=\u00bbon\u00bb column_structure=\u00bb1_2,1_2&#8243;][et_pb_column type=\u00bb1_2&#8243; _builder_version=\u00bb3.25&#8243; background_color=\u00bb#00818b\u00bb custom_padding=\u00bb50px||50px|\u00bb custom_padding__hover=\u00bb|||\u00bb][et_pb_cta title=\u00bbNuestros sectores de intervenci\u00f3n\u00bb button_url=\u00bbhttps:\/\/www.insuco.com\/es\/sectores\/\u00bb button_text=\u00bbDescubra nuestros sectores\u00bb _builder_version=\u00bb3.22.7&#8243; header_font=\u00bb||||||||\u00bb header_text_color=\u00bb#ffffff\u00bb header_font_size=\u00bb34px\u00bb body_font=\u00bb||||||||\u00bb body_text_color=\u00bb#ffffff\u00bb background_color=\u00bbrgba(89,175,181,0)\u00bb custom_button=\u00bbon\u00bb button_text_size=\u00bb17&#8243; button_bg_color=\u00bb#59afb5&#8243; button_border_color=\u00bb#59afb5&#8243; button_font=\u00bb||||||||\u00bb background_layout=\u00bblight\u00bb max_width=\u00bb600px\u00bb module_alignment=\u00bbcenter\u00bb animation_style=\u00bbzoom\u00bb link_option_url=\u00bbhttps:\/\/www.insuco.com\/es\/sectores\/\u00bb global_module=\u00bb13784&#8243; saved_tabs=\u00bball\u00bb]<\/p>\n<p>Nous intervenons aupr\u00e8s de nombreux secteurs pour la ma\u00eetrise des enjeux sociaux et la compr\u00e9hension des contextes locaux. Depuis pr\u00e8s de 10 ans, d\u00e9j\u00e0 plus de 100 organisations nous ont fait confiance.<\/p>\n<p>[\/et_pb_cta][\/et_pb_column][et_pb_column type=\u00bb1_2&#8243; _builder_version=\u00bb3.25&#8243; background_color=\u00bbrgba(0,129,139,0)\u00bb use_background_color_gradient=\u00bbon\u00bb background_color_gradient_start=\u00bbrgba(0,129,139,0.69)\u00bb background_color_gradient_end=\u00bbrgba(0,129,139,0.58)\u00bb background_color_gradient_overlays_image=\u00bbon\u00bb background_image=\u00bbhttps:\/\/www.insuco.com\/wp-content\/uploads\/2019\/05\/Terrain_BF.jpg\u00bb custom_padding=\u00bb50px||50px|\u00bb custom_padding__hover=\u00bb|||\u00bb][et_pb_cta title=\u00bb\u00a1Cu\u00e9ntenos sobre su proyecto!\u00bb button_url=\u00bbhttps:\/\/www.insuco.com\/es\/contacto\/\u00bb button_text=\u00bbCont\u00e1ctenos\u00bb _builder_version=\u00bb3.22.7&#8243; header_font=\u00bb||||||||\u00bb header_text_color=\u00bb#ffffff\u00bb header_font_size=\u00bb34px\u00bb body_font=\u00bb||||||||\u00bb body_text_color=\u00bb#ffffff\u00bb background_color=\u00bbrgba(89,175,181,0)\u00bb custom_button=\u00bbon\u00bb button_text_size=\u00bb17&#8243; button_bg_color=\u00bb#59afb5&#8243; button_border_color=\u00bb#59afb5&#8243; button_font=\u00bb||||||||\u00bb background_layout=\u00bblight\u00bb max_width=\u00bb600px\u00bb module_alignment=\u00bbcenter\u00bb animation_style=\u00bbslide\u00bb link_option_url=\u00bbhttps:\/\/www.insuco.com\/es\/contacto\/\u00bb global_module=\u00bb13524&#8243;]<\/p>\n<p>Vous souhaitez \u00e9changer sur votre projet et ses enjeux ? En savoir plus sur Insuco et nos expertises ? Nous rencontrer ?<\/p>\n<p>[\/et_pb_cta][\/et_pb_column][\/et_pb_row][\/et_pb_section][et_pb_section fb_built=\u00bb1&#8243; _builder_version=\u00bb3.22.7&#8243; background_color=\u00bb#59afb5&#8243; custom_padding=\u00bb59px||0px|||\u00bb][et_pb_row use_custom_gutter=\u00bbon\u00bb gutter_width=\u00bb2&#8243; custom_padding=\u00bb|20px|6px|20px||\u00bb _builder_version=\u00bb3.25&#8243; width=\u00bb100%\u00bb min_height=\u00bb405px\u00bb custom_margin_last_edited=\u00bbon|phone\u00bb][et_pb_column type=\u00bb4_4&#8243; _builder_version=\u00bb3.25&#8243; custom_padding=\u00bb|||\u00bb custom_padding__hover=\u00bb|||\u00bb][et_pb_portfolio fullwidth=\u00bboff\u00bb posts_number=\u00bb3&#8243; include_categories=\u00bb223&#8243; show_categories=\u00bboff\u00bb show_pagination=\u00bboff\u00bb module_class=\u00bbprojets-associes\u00bb _builder_version=\u00bb3.26&#8243; title_font=\u00bb|600|||||||\u00bb title_text_color=\u00bb#00818b\u00bb title_font_size=\u00bb19px\u00bb title_line_height=\u00bb1.2em\u00bb background_color=\u00bbrgba(255,255,255,0.87)\u00bb border_width_all=\u00bb1px\u00bb border_color_all=\u00bbrgba(0,129,139,0.29)\u00bb custom_padding=\u00bb||||false|false\u00bb title_font_size_phone=\u00bb16px\u00bb title_font_size_last_edited=\u00bbon|desktop\u00bb custom_css_portfolio_image=\u00bbmargin:-1px;\u00bb][\/et_pb_portfolio][\/et_pb_column][\/et_pb_row][\/et_pb_section][et_pb_section fb_built=\u00bb1&#8243; _builder_version=\u00bb3.22.7&#8243; background_color=\u00bb#59afb5&#8243; custom_padding=\u00bb26px|||||\u00bb link_option_url=\u00bbhttps:\/\/www.insuco.com\/projets-recents-ou-en-cours\/\u00bb][et_pb_row custom_padding=\u00bb0|0px|1px|0px|false|false\u00bb _builder_version=\u00bb3.25&#8243;][et_pb_column type=\u00bb4_4&#8243; _builder_version=\u00bb3.25&#8243; custom_padding=\u00bb|||\u00bb custom_padding__hover=\u00bb|||\u00bb][et_pb_text _builder_version=\u00bb3.22.7&#8243; header_font=\u00bb||||||||\u00bb header_2_font=\u00bb||||||||\u00bb header_2_text_align=\u00bbcenter\u00bb header_2_text_color=\u00bb#ffffff\u00bb header_2_font_size=\u00bb34px\u00bb header_2_font_size_phone=\u00bb30px\u00bb header_2_font_size_last_edited=\u00bbon|phone\u00bb]<\/p>\n<h2>Descubra nuestros proyectos<\/h2>\n<p>[\/et_pb_text][et_pb_button button_url=\u00bbhttps:\/\/www.insuco.com\/es\/proyectos-recientes-y-en-curso\/\u00bb button_text=\u00bbTodos nuestros proyectos\u00bb button_alignment=\u00bbcenter\u00bb _builder_version=\u00bb3.22.7&#8243; custom_button=\u00bbon\u00bb button_text_color=\u00bb#ffffff\u00bb button_bg_color=\u00bb#00818b\u00bb button_border_color=\u00bb#00818b\u00bb button_font=\u00bb||||||||\u00bb custom_margin=\u00bb30px|50px|30px|50px\u00bb][\/et_pb_button][\/et_pb_column][\/et_pb_row][\/et_pb_section]<\/p>\n","protected":false},"excerpt":{"rendered":"<p>ServiciosEtudes d&#8217;impact socialNuestros estudios permiten identificar los riesgos y las oportunidades asociados con un proyecto para prevenir o mitigar los impactos negativos, maximizando, a la vez, los impactos positivos. Nuestro enfoque se basa en un s\u00f3lido trabajo de campo y un proceso participativo que tiene en cuenta las especificidades locales, percepciones, expectativas e inquietudes de [&hellip;]<\/p>\n","protected":false},"author":1,"featured_media":0,"parent":0,"menu_order":0,"comment_status":"closed","ping_status":"closed","template":"","meta":{"_acf_changed":false,"_et_pb_use_builder":"on","_et_pb_old_content":"","_et_gb_content_width":"","footnotes":""},"class_list":["post-22939","page","type-page","status-publish","hentry"],"acf":[],"yoast_head":"<!-- This site is optimized with the Yoast SEO plugin v26.0 - https:\/\/yoast.com\/wordpress\/plugins\/seo\/ -->\n<title>Estudios de impacto social - Insuco<\/title>\n<meta name=\"robots\" content=\"index, follow, max-snippet:-1, max-image-preview:large, max-video-preview:-1\" \/>\n<link rel=\"canonical\" href=\"https:\/\/www.insuco.com\/es\/estudios-de-impacto-social\/\" \/>\n<meta property=\"og:locale\" content=\"es_ES\" \/>\n<meta property=\"og:type\" content=\"article\" \/>\n<meta property=\"og:title\" content=\"Estudios de impacto social - Insuco\" \/>\n<meta property=\"og:description\" content=\"ServiciosEtudes d&#039;impact socialNuestros estudios permiten identificar los riesgos y las oportunidades asociados con un proyecto para prevenir o mitigar los impactos negativos, maximizando, a la vez, los impactos positivos. Nuestro enfoque se basa en un s\u00f3lido trabajo de campo y un proceso participativo que tiene en cuenta las especificidades locales, percepciones, expectativas e inquietudes de [&hellip;]\" \/>\n<meta property=\"og:url\" content=\"https:\/\/www.insuco.com\/es\/estudios-de-impacto-social\/\" \/>\n<meta property=\"og:site_name\" content=\"Insuco\" \/>\n<meta property=\"article:modified_time\" content=\"2024-08-07T11:24:12+00:00\" \/>\n<meta name=\"twitter:card\" content=\"summary_large_image\" \/>\n<meta name=\"twitter:label1\" content=\"Tiempo de lectura\" \/>\n\t<meta name=\"twitter:data1\" content=\"6 minutos\" \/>\n<script type=\"application\/ld+json\" class=\"yoast-schema-graph\">{\"@context\":\"https:\/\/schema.org\",\"@graph\":[{\"@type\":\"WebPage\",\"@id\":\"https:\/\/www.insuco.com\/es\/estudios-de-impacto-social\/\",\"url\":\"https:\/\/www.insuco.com\/es\/estudios-de-impacto-social\/\",\"name\":\"Estudios de impacto social - Insuco\",\"isPartOf\":{\"@id\":\"https:\/\/www.insuco.com\/es\/#website\"},\"datePublished\":\"2019-08-01T19:20:51+00:00\",\"dateModified\":\"2024-08-07T11:24:12+00:00\",\"breadcrumb\":{\"@id\":\"https:\/\/www.insuco.com\/es\/estudios-de-impacto-social\/#breadcrumb\"},\"inLanguage\":\"es\",\"potentialAction\":[{\"@type\":\"ReadAction\",\"target\":[\"https:\/\/www.insuco.com\/es\/estudios-de-impacto-social\/\"]}]},{\"@type\":\"BreadcrumbList\",\"@id\":\"https:\/\/www.insuco.com\/es\/estudios-de-impacto-social\/#breadcrumb\",\"itemListElement\":[{\"@type\":\"ListItem\",\"position\":1,\"name\":\"Accueil\",\"item\":\"https:\/\/www.insuco.com\/es\/\"},{\"@type\":\"ListItem\",\"position\":2,\"name\":\"Estudios de impacto social\"}]},{\"@type\":\"WebSite\",\"@id\":\"https:\/\/www.insuco.com\/es\/#website\",\"url\":\"https:\/\/www.insuco.com\/es\/\",\"name\":\"Insuco\",\"description\":\"Local understanding for sustainable solutions\",\"potentialAction\":[{\"@type\":\"SearchAction\",\"target\":{\"@type\":\"EntryPoint\",\"urlTemplate\":\"https:\/\/www.insuco.com\/es\/?s={search_term_string}\"},\"query-input\":{\"@type\":\"PropertyValueSpecification\",\"valueRequired\":true,\"valueName\":\"search_term_string\"}}],\"inLanguage\":\"es\"}]}<\/script>\n<!-- \/ Yoast SEO plugin. -->","yoast_head_json":{"title":"Estudios de impacto social - Insuco","robots":{"index":"index","follow":"follow","max-snippet":"max-snippet:-1","max-image-preview":"max-image-preview:large","max-video-preview":"max-video-preview:-1"},"canonical":"https:\/\/www.insuco.com\/es\/estudios-de-impacto-social\/","og_locale":"es_ES","og_type":"article","og_title":"Estudios de impacto social - Insuco","og_description":"ServiciosEtudes d'impact socialNuestros estudios permiten identificar los riesgos y las oportunidades asociados con un proyecto para prevenir o mitigar los impactos negativos, maximizando, a la vez, los impactos positivos. Nuestro enfoque se basa en un s\u00f3lido trabajo de campo y un proceso participativo que tiene en cuenta las especificidades locales, percepciones, expectativas e inquietudes de [&hellip;]","og_url":"https:\/\/www.insuco.com\/es\/estudios-de-impacto-social\/","og_site_name":"Insuco","article_modified_time":"2024-08-07T11:24:12+00:00","twitter_card":"summary_large_image","twitter_misc":{"Tiempo de lectura":"6 minutos"},"schema":{"@context":"https:\/\/schema.org","@graph":[{"@type":"WebPage","@id":"https:\/\/www.insuco.com\/es\/estudios-de-impacto-social\/","url":"https:\/\/www.insuco.com\/es\/estudios-de-impacto-social\/","name":"Estudios de impacto social - Insuco","isPartOf":{"@id":"https:\/\/www.insuco.com\/es\/#website"},"datePublished":"2019-08-01T19:20:51+00:00","dateModified":"2024-08-07T11:24:12+00:00","breadcrumb":{"@id":"https:\/\/www.insuco.com\/es\/estudios-de-impacto-social\/#breadcrumb"},"inLanguage":"es","potentialAction":[{"@type":"ReadAction","target":["https:\/\/www.insuco.com\/es\/estudios-de-impacto-social\/"]}]},{"@type":"BreadcrumbList","@id":"https:\/\/www.insuco.com\/es\/estudios-de-impacto-social\/#breadcrumb","itemListElement":[{"@type":"ListItem","position":1,"name":"Accueil","item":"https:\/\/www.insuco.com\/es\/"},{"@type":"ListItem","position":2,"name":"Estudios de impacto social"}]},{"@type":"WebSite","@id":"https:\/\/www.insuco.com\/es\/#website","url":"https:\/\/www.insuco.com\/es\/","name":"Insuco","description":"Local understanding for sustainable solutions","potentialAction":[{"@type":"SearchAction","target":{"@type":"EntryPoint","urlTemplate":"https:\/\/www.insuco.com\/es\/?s={search_term_string}"},"query-input":{"@type":"PropertyValueSpecification","valueRequired":true,"valueName":"search_term_string"}}],"inLanguage":"es"}]}},"_links":{"self":[{"href":"https:\/\/www.insuco.com\/es\/wp-json\/wp\/v2\/pages\/22939","targetHints":{"allow":["GET"]}}],"collection":[{"href":"https:\/\/www.insuco.com\/es\/wp-json\/wp\/v2\/pages"}],"about":[{"href":"https:\/\/www.insuco.com\/es\/wp-json\/wp\/v2\/types\/page"}],"author":[{"embeddable":true,"href":"https:\/\/www.insuco.com\/es\/wp-json\/wp\/v2\/users\/1"}],"replies":[{"embeddable":true,"href":"https:\/\/www.insuco.com\/es\/wp-json\/wp\/v2\/comments?post=22939"}],"version-history":[{"count":8,"href":"https:\/\/www.insuco.com\/es\/wp-json\/wp\/v2\/pages\/22939\/revisions"}],"predecessor-version":[{"id":53206,"href":"https:\/\/www.insuco.com\/es\/wp-json\/wp\/v2\/pages\/22939\/revisions\/53206"}],"wp:attachment":[{"href":"https:\/\/www.insuco.com\/es\/wp-json\/wp\/v2\/media?parent=22939"}],"curies":[{"name":"wp","href":"https:\/\/api.w.org\/{rel}","templated":true}]}}