{"id":22547,"date":"2019-08-01T12:02:30","date_gmt":"2019-08-01T10:02:30","guid":{"rendered":"https:\/\/www.insuco.com\/?page_id=22547"},"modified":"2025-02-26T14:05:21","modified_gmt":"2025-02-26T13:05:21","slug":"secteurs","status":"publish","type":"page","link":"https:\/\/www.insuco.com\/es\/secteurs\/","title":{"rendered":"Sectores"},"content":{"rendered":"<p>[et_pb_section fb_built=\u00bb1&#8243; disabled_on=\u00bboff|off|off\u00bb _builder_version=\u00bb4.16&#8243; use_background_color_gradient=\u00bbon\u00bb background_color_gradient_stops=\u00bb#00818b 0%|rgba(0,129,139,0.99) 100%\u00bb background_color_gradient_overlays_image=\u00bbon\u00bb background_color_gradient_start=\u00bb#00818b\u00bb background_color_gradient_end=\u00bbrgba(0,129,139,0.99)\u00bb background_image=\u00bbhttps:\/\/www.insuco.com\/wp-content\/uploads\/2019\/04\/insuco-slider2.jpg\u00bb custom_padding=\u00bb65px|0px|23px|0px|false|false\u00bb global_colors_info=\u00bb{}\u00bb][et_pb_row _builder_version=\u00bb4.16&#8243; custom_padding=\u00bb27px|0px|0|0px|false|false\u00bb global_colors_info=\u00bb{}\u00bb][et_pb_column type=\u00bb4_4&#8243; _builder_version=\u00bb4.16&#8243; custom_padding=\u00bb|||\u00bb global_colors_info=\u00bb{}\u00bb custom_padding__hover=\u00bb|||\u00bb][et_pb_text _builder_version=\u00bb4.16&#8243; header_font=\u00bb|300|||||||\u00bb header_text_color=\u00bb#ffffff\u00bb header_font_size=\u00bb70px\u00bb header_2_font=\u00bb||||||||\u00bb header_2_text_color=\u00bb#ffffff\u00bb header_2_font_size=\u00bb60px\u00bb custom_padding=\u00bb|||\u00bb animation_style=\u00bbslide\u00bb animation_direction=\u00bbright\u00bb animation_delay=\u00bb500ms\u00bb header_font_size_tablet=\u00bb\u00bb header_font_size_phone=\u00bb50px\u00bb header_font_size_last_edited=\u00bbon|phone\u00bb global_colors_info=\u00bb{}\u00bb header_2_text_color__hover_enabled=\u00bbon\u00bb header_2_text_color__hover=\u00bb#b1e3e3&#8243;]<\/p>\n<h1>Sectores<\/h1>\n<p>[\/et_pb_text][\/et_pb_column][\/et_pb_row][\/et_pb_section][et_pb_section fb_built=\u00bb1&#8243; _builder_version=\u00bb4.16&#8243; custom_padding=\u00bb21px|0px|47px|0px|false|false\u00bb global_colors_info=\u00bb{}\u00bb][et_pb_row column_structure=\u00bb2_5,3_5&#8243; _builder_version=\u00bb4.16&#8243; custom_padding=\u00bb26px||7px|||\u00bb global_colors_info=\u00bb{}\u00bb][et_pb_column type=\u00bb2_5&#8243; _builder_version=\u00bb4.16&#8243; custom_padding=\u00bb|||\u00bb global_colors_info=\u00bb{}\u00bb custom_padding__hover=\u00bb|||\u00bb][et_pb_image src=\u00bbhttps:\/\/www.insuco.com\/wp-content\/uploads\/2019\/05\/voiture2.jpg\u00bb align_tablet=\u00bbcenter\u00bb align_phone=\u00bb\u00bb align_last_edited=\u00bbon|desktop\u00bb _builder_version=\u00bb4.16&#8243; global_colors_info=\u00bb{}\u00bb][\/et_pb_image][\/et_pb_column][et_pb_column type=\u00bb3_5&#8243; _builder_version=\u00bb4.16&#8243; custom_padding=\u00bb|||\u00bb global_colors_info=\u00bb{}\u00bb custom_padding__hover=\u00bb|||\u00bb][et_pb_text _builder_version=\u00bb4.16&#8243; header_font=\u00bb||||||||\u00bb header_2_font=\u00bb||||||||\u00bb header_2_font_size=\u00bb40px\u00bb header_3_font=\u00bb|300|on||||||\u00bb header_3_font_size=\u00bb32px\u00bb global_colors_info=\u00bb{}\u00bb]<\/p>\n<blockquote>\n<h3>Enfoques eficientes basados en un conocimiento detallado de los retos que enfrentan nuestros clientes<\/h3>\n<\/blockquote>\n<p>[\/et_pb_text][et_pb_text _builder_version=\u00bb4.27.2&#8243; global_colors_info=\u00bb{}\u00bb]<\/p>\n<p>Acompa\u00f1amos a un amplio espectro de actores del sector privado, p\u00fablico, de la cooperaci\u00f3n internacional y de la sociedad civil, en su gesti\u00f3n de los retos sociales y comprensi\u00f3n de los contextos locales.<\/p>\n<p>Desde 2011, m\u00e1s de 350 organizaciones han confiado en nosotros a trav\u00e9s de m\u00e1s de 850 proyectos desarrollados en m\u00e1s de 90 pa\u00edses.<\/p>\n<p>[\/et_pb_text][\/et_pb_column][\/et_pb_row][\/et_pb_section][et_pb_section fb_built=\u00bb1&#8243; module_id=\u00bbsecteurs\u00bb module_class=\u00bbdamier\u00bb _builder_version=\u00bb4.16&#8243; background_color=\u00bb#b1e3e3&#8243; custom_padding=\u00bb75px|0px|33px|0px|false|false\u00bb global_colors_info=\u00bb{}\u00bb][et_pb_row column_structure=\u00bb1_5,1_5,1_5,1_5,1_5&#8243; use_custom_gutter=\u00bbon\u00bb gutter_width=\u00bb2&#8243; make_equal=\u00bbon\u00bb _builder_version=\u00bb4.16&#8243; background_size=\u00bbinitial\u00bb background_position=\u00bbtop_left\u00bb background_repeat=\u00bbrepeat\u00bb max_width=\u00bb1400px\u00bb custom_margin=\u00bb0px||40px\u00bb custom_padding=\u00bb0|0px|0|0px|false|false\u00bb use_custom_width=\u00bbon\u00bb custom_width_px=\u00bb1400px\u00bb global_colors_info=\u00bb{}\u00bb][et_pb_column type=\u00bb1_5&#8243; _builder_version=\u00bb4.16&#8243; background_color=\u00bbrgba(0,129,139,0.76)\u00bb use_background_color_gradient=\u00bbon\u00bb background_color_gradient_direction=\u00bb173deg\u00bb background_color_gradient_stops=\u00bbrgba(89,175,181,0.69) 60%|rgba(89,175,181,0.69) 100%\u00bb background_color_gradient_overlays_image=\u00bbon\u00bb background_color_gradient_start=\u00bbrgba(89,175,181,0.69)\u00bb background_color_gradient_start_position=\u00bb60%\u00bb background_color_gradient_end=\u00bbrgba(89,175,181,0.69)\u00bb background_image=\u00bbhttps:\/\/www.insuco.com\/wp-content\/uploads\/2019\/04\/Siguiri-II-small.jpg\u00bb background_position=\u00bbcenter_right\u00bb custom_padding=\u00bb|||\u00bb global_colors_info=\u00bb{}\u00bb custom_padding__hover=\u00bb|||\u00bb][et_pb_text _builder_version=\u00bb4.16&#8243; header_font=\u00bb||||||||\u00bb header_3_font=\u00bb|600|||||||\u00bb header_3_text_align=\u00bbcenter\u00bb header_3_text_color=\u00bb#ffffff\u00bb custom_margin=\u00bb||\u00bb custom_padding=\u00bb105px|20px|90px|20px\u00bb link_option_url=\u00bbhttps:\/\/www.insuco.com\/es\/mineria\/\u00bb custom_css_main_element=\u00bbheight:100%;\u00bb global_colors_info=\u00bb{}\u00bb background__hover_enabled=\u00bbon\u00bb background_color__hover=\u00bb#005860&#8243;]<\/p>\n<h3>Miner\u00eda<\/h3>\n<p>[\/et_pb_text][\/et_pb_column][et_pb_column type=\u00bb1_5&#8243; _builder_version=\u00bb4.16&#8243; use_background_color_gradient=\u00bbon\u00bb background_color_gradient_stops=\u00bbrgba(0,129,139,0.88) 0%|rgba(0,129,139,0.88) 100%\u00bb background_color_gradient_overlays_image=\u00bbon\u00bb background_color_gradient_start=\u00bbrgba(0,129,139,0.88)\u00bb background_color_gradient_end=\u00bbrgba(0,129,139,0.88)\u00bb background_image=\u00bbhttps:\/\/www.insuco.com\/wp-content\/uploads\/2019\/04\/petrole.jpg\u00bb custom_padding=\u00bb|||\u00bb global_colors_info=\u00bb{}\u00bb custom_padding__hover=\u00bb|||\u00bb][et_pb_text _builder_version=\u00bb4.16&#8243; header_font=\u00bb||||||||\u00bb header_3_font=\u00bb|600|||||||\u00bb header_3_text_align=\u00bbcenter\u00bb header_3_text_color=\u00bb#ffffff\u00bb custom_margin=\u00bb||\u00bb custom_padding=\u00bb105px|20px|90px|20px\u00bb link_option_url=\u00bbhttps:\/\/www.insuco.com\/es\/gas-petroleo\/\u00bb custom_css_main_element=\u00bbheight:100%;\u00bb global_colors_info=\u00bb{}\u00bb background__hover_enabled=\u00bbon\u00bb background_color__hover=\u00bb#005860&#8243;]<\/p>\n<h3>Gas y petr\u00f3leo<\/h3>\n<p>[\/et_pb_text][\/et_pb_column][et_pb_column type=\u00bb1_5&#8243; _builder_version=\u00bb4.16&#8243; use_background_color_gradient=\u00bbon\u00bb background_color_gradient_stops=\u00bbrgba(89,175,181,0.69) 0%|rgba(89,175,181,0.69) 100%\u00bb background_color_gradient_overlays_image=\u00bbon\u00bb background_color_gradient_start=\u00bbrgba(89,175,181,0.69)\u00bb background_color_gradient_end=\u00bbrgba(89,175,181,0.69)\u00bb background_image=\u00bbhttps:\/\/www.insuco.com\/wp-content\/uploads\/2019\/04\/infrastructures.jpg\u00bb custom_padding=\u00bb|||\u00bb global_colors_info=\u00bb{}\u00bb custom_padding__hover=\u00bb|||\u00bb][et_pb_text _builder_version=\u00bb4.16&#8243; header_font=\u00bb||||||||\u00bb header_3_font=\u00bb|600|||||||\u00bb header_3_text_align=\u00bbcenter\u00bb header_3_text_color=\u00bb#ffffff\u00bb custom_margin=\u00bb||\u00bb custom_padding=\u00bb105px|20px|90px|20px\u00bb link_option_url=\u00bbhttps:\/\/www.insuco.com\/es\/infraestructuras\/\u00bb custom_css_main_element=\u00bbheight:100%;\u00bb global_colors_info=\u00bb{}\u00bb background__hover_enabled=\u00bbon\u00bb background_color__hover=\u00bb#005860&#8243;]<\/p>\n<h3>Infraestructuras<\/h3>\n<p>[\/et_pb_text][\/et_pb_column][et_pb_column type=\u00bb1_5&#8243; _builder_version=\u00bb4.16&#8243; use_background_color_gradient=\u00bbon\u00bb background_color_gradient_stops=\u00bbrgba(0,129,139,0.88) 0%|rgba(0,129,139,0.88) 100%\u00bb background_color_gradient_overlays_image=\u00bbon\u00bb background_color_gradient_start=\u00bbrgba(0,129,139,0.88)\u00bb background_color_gradient_end=\u00bbrgba(0,129,139,0.88)\u00bb background_image=\u00bbhttps:\/\/www.insuco.com\/wp-content\/uploads\/2019\/04\/energies.jpg\u00bb custom_padding=\u00bb|||\u00bb global_colors_info=\u00bb{}\u00bb custom_padding__hover=\u00bb|||\u00bb][et_pb_text _builder_version=\u00bb4.16&#8243; header_font=\u00bb||||||||\u00bb header_3_font=\u00bb|600|||||||\u00bb header_3_text_align=\u00bbcenter\u00bb header_3_text_color=\u00bb#ffffff\u00bb custom_margin=\u00bb||\u00bb custom_padding=\u00bb105px|20px|90px|20px\u00bb link_option_url=\u00bbhttps:\/\/www.insuco.com\/es\/energia\/\u00bb custom_css_main_element=\u00bbheight:100%;\u00bb global_colors_info=\u00bb{}\u00bb background__hover_enabled=\u00bbon\u00bb background_color__hover=\u00bb#005860&#8243;]<\/p>\n<h3>Energ\u00eda<\/h3>\n<p>[\/et_pb_text][\/et_pb_column][et_pb_column type=\u00bb1_5&#8243; _builder_version=\u00bb4.16&#8243; use_background_color_gradient=\u00bbon\u00bb background_color_gradient_stops=\u00bbrgba(89,175,181,0.69) 0%|rgba(89,175,181,0.69) 100%\u00bb background_color_gradient_overlays_image=\u00bbon\u00bb background_color_gradient_start=\u00bbrgba(89,175,181,0.69)\u00bb background_color_gradient_end=\u00bbrgba(89,175,181,0.69)\u00bb background_image=\u00bbhttps:\/\/www.insuco.com\/wp-content\/uploads\/2019\/04\/Agriculture.jpg\u00bb custom_padding=\u00bb|||\u00bb global_colors_info=\u00bb{}\u00bb custom_padding__hover=\u00bb|||\u00bb][et_pb_text _builder_version=\u00bb4.16&#8243; header_font=\u00bb||||||||\u00bb header_3_font=\u00bb|600|||||||\u00bb header_3_text_align=\u00bbcenter\u00bb header_3_text_color=\u00bb#ffffff\u00bb custom_margin=\u00bb||\u00bb custom_padding=\u00bb90px|20px|90px|20px\u00bb link_option_url=\u00bbhttps:\/\/www.insuco.com\/es\/agricultura-agroindustria\/\u00bb custom_css_main_element=\u00bbheight:100%;\u00bb global_colors_info=\u00bb{}\u00bb background__hover_enabled=\u00bbon\u00bb background_color__hover=\u00bb#005860&#8243;]<\/p>\n<h3>Agricultura  agroindustria<\/h3>\n<p>[\/et_pb_text][\/et_pb_column][\/et_pb_row][et_pb_row column_structure=\u00bb1_5,1_5,1_5,1_5,1_5&#8243; use_custom_gutter=\u00bbon\u00bb gutter_width=\u00bb2&#8243; make_equal=\u00bbon\u00bb _builder_version=\u00bb4.16&#8243; background_size=\u00bbinitial\u00bb background_position=\u00bbtop_left\u00bb background_repeat=\u00bbrepeat\u00bb max_width=\u00bb1400px\u00bb custom_margin=\u00bb0px||50px\u00bb custom_padding=\u00bb0|0px|0|0px|false|false\u00bb use_custom_width=\u00bbon\u00bb custom_width_px=\u00bb1400px\u00bb global_colors_info=\u00bb{}\u00bb][et_pb_column type=\u00bb1_5&#8243; _builder_version=\u00bb4.16&#8243; use_background_color_gradient=\u00bbon\u00bb background_color_gradient_direction=\u00bb173deg\u00bb background_color_gradient_stops=\u00bbrgba(0,129,139,0.88) 60%|rgba(0,129,139,0.88) 100%\u00bb background_color_gradient_overlays_image=\u00bbon\u00bb background_color_gradient_start=\u00bbrgba(0,129,139,0.88)\u00bb background_color_gradient_start_position=\u00bb60%\u00bb background_color_gradient_end=\u00bbrgba(0,129,139,0.88)\u00bb background_image=\u00bbhttps:\/\/www.insuco.com\/wp-content\/uploads\/2019\/04\/aide.jpg\u00bb custom_padding=\u00bb|||\u00bb global_colors_info=\u00bb{}\u00bb custom_padding__hover=\u00bb|||\u00bb][et_pb_text _builder_version=\u00bb4.16&#8243; header_font=\u00bb||||||||\u00bb header_3_font=\u00bb|600|||||||\u00bb header_3_text_align=\u00bbcenter\u00bb header_3_text_color=\u00bb#ffffff\u00bb custom_margin=\u00bb||\u00bb custom_padding=\u00bb90px|20px|90px|20px\u00bb link_option_url=\u00bbhttps:\/\/www.insuco.com\/es\/cooperacion-apoyo-al-desarrollo\/\u00bb custom_css_main_element=\u00bbheight:100%;\u00bb global_colors_info=\u00bb{}\u00bb background__hover_enabled=\u00bbon\u00bb background_color__hover=\u00bb#005860&#8243;]<\/p>\n<h3>Cooperaci\u00f3n y apoyo al desarrollo<\/h3>\n<p>[\/et_pb_text][\/et_pb_column][et_pb_column type=\u00bb1_5&#8243; _builder_version=\u00bb4.16&#8243; use_background_color_gradient=\u00bbon\u00bb background_color_gradient_stops=\u00bbrgba(89,175,181,0.69) 0%|rgba(89,175,181,0.69) 100%\u00bb background_color_gradient_overlays_image=\u00bbon\u00bb background_color_gradient_start=\u00bbrgba(89,175,181,0.69)\u00bb background_color_gradient_end=\u00bbrgba(89,175,181,0.69)\u00bb background_image=\u00bbhttps:\/\/www.insuco.com\/wp-content\/uploads\/2019\/05\/Amenagement-territoire01.jpg\u00bb custom_padding=\u00bb|||\u00bb global_colors_info=\u00bb{}\u00bb custom_padding__hover=\u00bb|||\u00bb][et_pb_text _builder_version=\u00bb4.16&#8243; header_font=\u00bb||||||||\u00bb header_3_font=\u00bb|600|||||||\u00bb header_3_text_align=\u00bbcenter\u00bb header_3_text_color=\u00bb#ffffff\u00bb custom_margin=\u00bb||\u00bb custom_padding=\u00bb90px|20px|90px|20px\u00bb link_option_url=\u00bbhttps:\/\/www.insuco.com\/es\/ordenamiento-territorial\/\u00bb custom_css_main_element=\u00bbheight:100%;\u00bb global_colors_info=\u00bb{}\u00bb background__hover_enabled=\u00bbon\u00bb background_color__hover=\u00bb#005860&#8243;]<\/p>\n<h3>Ordenamiento territorial<\/h3>\n<p>[\/et_pb_text][\/et_pb_column][et_pb_column type=\u00bb1_5&#8243; _builder_version=\u00bb4.16&#8243; use_background_color_gradient=\u00bbon\u00bb background_color_gradient_stops=\u00bbrgba(0,129,139,0.88) 0%|rgba(0,129,139,0.88) 100%\u00bb background_color_gradient_overlays_image=\u00bbon\u00bb background_color_gradient_start=\u00bbrgba(0,129,139,0.88)\u00bb background_color_gradient_end=\u00bbrgba(0,129,139,0.88)\u00bb background_image=\u00bbhttps:\/\/www.insuco.com\/wp-content\/uploads\/2019\/05\/ressources-nat1.jpg\u00bb custom_padding=\u00bb|||\u00bb global_colors_info=\u00bb{}\u00bb custom_padding__hover=\u00bb|||\u00bb][et_pb_text _builder_version=\u00bb4.16&#8243; header_font=\u00bb||||||||\u00bb header_3_font=\u00bb|600|||||||\u00bb header_3_text_align=\u00bbcenter\u00bb header_3_text_color=\u00bb#ffffff\u00bb max_width=\u00bb100%\u00bb module_alignment=\u00bbcenter\u00bb custom_margin=\u00bb|||||\u00bb custom_padding=\u00bb85px|35px|80px|35px|false|false\u00bb link_option_url=\u00bbhttps:\/\/www.insuco.com\/es\/recursos-naturales\/\u00bb custom_css_main_element=\u00bbheight:100%;\u00bb global_colors_info=\u00bb{}\u00bb background__hover_enabled=\u00bbon\u00bb background_color__hover=\u00bb#005860&#8243;]<\/p>\n<h3>Recursos naturales  sector forestal<\/h3>\n<p>[\/et_pb_text][\/et_pb_column][et_pb_column type=\u00bb1_5&#8243; _builder_version=\u00bb4.16&#8243; use_background_color_gradient=\u00bbon\u00bb background_color_gradient_stops=\u00bbrgba(89,175,181,0.69) 0%|rgba(89,175,181,0.69) 100%\u00bb background_color_gradient_overlays_image=\u00bbon\u00bb background_color_gradient_start=\u00bbrgba(89,175,181,0.69)\u00bb background_color_gradient_end=\u00bbrgba(89,175,181,0.69)\u00bb background_image=\u00bbhttps:\/\/www.insuco.com\/wp-content\/uploads\/2019\/05\/services-de-base2.jpg\u00bb background_position=\u00bbbottom_center\u00bb custom_padding=\u00bb|||\u00bb global_colors_info=\u00bb{}\u00bb custom_padding__hover=\u00bb|||\u00bb][et_pb_text _builder_version=\u00bb4.16&#8243; header_font=\u00bb||||||||\u00bb header_3_font=\u00bb|600|||||||\u00bb header_3_text_align=\u00bbcenter\u00bb header_3_text_color=\u00bb#ffffff\u00bb custom_margin=\u00bb||\u00bb custom_padding=\u00bb105px|20px|90px|20px\u00bb link_option_url=\u00bbhttps:\/\/www.insuco.com\/es\/servicios-basicos\/\u00bb custom_css_main_element=\u00bbheight:100%;\u00bb global_colors_info=\u00bb{}\u00bb background__hover_enabled=\u00bbon\u00bb background_color__hover=\u00bb#005860&#8243;]<\/p>\n<h3>Servicios b\u00e1sicos<\/h3>\n<p>[\/et_pb_text][\/et_pb_column][et_pb_column type=\u00bb1_5&#8243; _builder_version=\u00bb4.16&#8243; use_background_color_gradient=\u00bbon\u00bb background_color_gradient_stops=\u00bbrgba(0,129,139,0.88) 0%|rgba(0,129,139,0.88) 100%\u00bb background_color_gradient_overlays_image=\u00bbon\u00bb background_color_gradient_start=\u00bbrgba(0,129,139,0.88)\u00bb background_color_gradient_end=\u00bbrgba(0,129,139,0.88)\u00bb background_image=\u00bbhttps:\/\/www.insuco.com\/wp-content\/uploads\/2019\/05\/tourisme.jpg\u00bb custom_padding=\u00bb|||\u00bb global_colors_info=\u00bb{}\u00bb custom_padding__hover=\u00bb|||\u00bb][et_pb_text _builder_version=\u00bb4.16&#8243; header_font=\u00bb||||||||\u00bb header_3_font=\u00bb|600|||||||\u00bb header_3_text_align=\u00bbcenter\u00bb header_3_text_color=\u00bb#ffffff\u00bb custom_margin=\u00bb|||||\u00bb custom_padding=\u00bb85px|35px|80px|35px|false|false\u00bb link_option_url=\u00bbhttps:\/\/www.insuco.com\/es\/turismo\/\u00bb custom_css_main_element=\u00bbheight:100%;\u00bb global_colors_info=\u00bb{}\u00bb background__hover_enabled=\u00bbon\u00bb background_color__hover=\u00bb#005860&#8243;]<\/p>\n<h3>Turismo  desarrollo hotelero<\/h3>\n<p>[\/et_pb_text][\/et_pb_column][\/et_pb_row][\/et_pb_section]<\/p>\n","protected":false},"excerpt":{"rendered":"<p>Sectores Enfoques eficientes basados en un conocimiento detallado de los retos que enfrentan nuestros clientes Acompa\u00f1amos a un amplio espectro de actores del sector privado, p\u00fablico, de la cooperaci\u00f3n internacional y de la sociedad civil, en su gesti\u00f3n de los retos sociales y comprensi\u00f3n de los contextos locales. Desde 2011, m\u00e1s de 350 organizaciones han [&hellip;]<\/p>\n","protected":false},"author":1,"featured_media":0,"parent":0,"menu_order":0,"comment_status":"closed","ping_status":"closed","template":"","meta":{"_acf_changed":false,"_et_pb_use_builder":"on","_et_pb_old_content":"","_et_gb_content_width":"","footnotes":""},"class_list":["post-22547","page","type-page","status-publish","hentry"],"acf":[],"yoast_head":"<!-- This site is optimized with the Yoast SEO plugin v26.0 - https:\/\/yoast.com\/wordpress\/plugins\/seo\/ -->\n<title>Sectores - Insuco<\/title>\n<meta name=\"robots\" content=\"index, follow, max-snippet:-1, max-image-preview:large, max-video-preview:-1\" \/>\n<link rel=\"canonical\" href=\"https:\/\/www.insuco.com\/es\/secteurs\/\" \/>\n<meta property=\"og:locale\" content=\"es_ES\" \/>\n<meta property=\"og:type\" content=\"article\" \/>\n<meta property=\"og:title\" content=\"Sectores - Insuco\" \/>\n<meta property=\"og:description\" content=\"Sectores Enfoques eficientes basados en un conocimiento detallado de los retos que enfrentan nuestros clientes Acompa\u00f1amos a un amplio espectro de actores del sector privado, p\u00fablico, de la cooperaci\u00f3n internacional y de la sociedad civil, en su gesti\u00f3n de los retos sociales y comprensi\u00f3n de los contextos locales. Desde 2011, m\u00e1s de 350 organizaciones han [&hellip;]\" \/>\n<meta property=\"og:url\" content=\"https:\/\/www.insuco.com\/es\/secteurs\/\" \/>\n<meta property=\"og:site_name\" content=\"Insuco\" \/>\n<meta property=\"article:modified_time\" content=\"2025-02-26T13:05:21+00:00\" \/>\n<meta name=\"twitter:card\" content=\"summary_large_image\" \/>\n<meta name=\"twitter:label1\" content=\"Tiempo de lectura\" \/>\n\t<meta name=\"twitter:data1\" content=\"8 minutos\" \/>\n<script type=\"application\/ld+json\" class=\"yoast-schema-graph\">{\"@context\":\"https:\/\/schema.org\",\"@graph\":[{\"@type\":\"WebPage\",\"@id\":\"https:\/\/www.insuco.com\/es\/secteurs\/\",\"url\":\"https:\/\/www.insuco.com\/es\/secteurs\/\",\"name\":\"Sectores - Insuco\",\"isPartOf\":{\"@id\":\"https:\/\/www.insuco.com\/es\/#website\"},\"datePublished\":\"2019-08-01T10:02:30+00:00\",\"dateModified\":\"2025-02-26T13:05:21+00:00\",\"breadcrumb\":{\"@id\":\"https:\/\/www.insuco.com\/es\/secteurs\/#breadcrumb\"},\"inLanguage\":\"es\",\"potentialAction\":[{\"@type\":\"ReadAction\",\"target\":[\"https:\/\/www.insuco.com\/es\/secteurs\/\"]}]},{\"@type\":\"BreadcrumbList\",\"@id\":\"https:\/\/www.insuco.com\/es\/secteurs\/#breadcrumb\",\"itemListElement\":[{\"@type\":\"ListItem\",\"position\":1,\"name\":\"Accueil\",\"item\":\"https:\/\/www.insuco.com\/es\/\"},{\"@type\":\"ListItem\",\"position\":2,\"name\":\"Sectores\"}]},{\"@type\":\"WebSite\",\"@id\":\"https:\/\/www.insuco.com\/es\/#website\",\"url\":\"https:\/\/www.insuco.com\/es\/\",\"name\":\"Insuco\",\"description\":\"Local understanding for sustainable solutions\",\"potentialAction\":[{\"@type\":\"SearchAction\",\"target\":{\"@type\":\"EntryPoint\",\"urlTemplate\":\"https:\/\/www.insuco.com\/es\/?s={search_term_string}\"},\"query-input\":{\"@type\":\"PropertyValueSpecification\",\"valueRequired\":true,\"valueName\":\"search_term_string\"}}],\"inLanguage\":\"es\"}]}<\/script>\n<!-- \/ Yoast SEO plugin. -->","yoast_head_json":{"title":"Sectores - Insuco","robots":{"index":"index","follow":"follow","max-snippet":"max-snippet:-1","max-image-preview":"max-image-preview:large","max-video-preview":"max-video-preview:-1"},"canonical":"https:\/\/www.insuco.com\/es\/secteurs\/","og_locale":"es_ES","og_type":"article","og_title":"Sectores - Insuco","og_description":"Sectores Enfoques eficientes basados en un conocimiento detallado de los retos que enfrentan nuestros clientes Acompa\u00f1amos a un amplio espectro de actores del sector privado, p\u00fablico, de la cooperaci\u00f3n internacional y de la sociedad civil, en su gesti\u00f3n de los retos sociales y comprensi\u00f3n de los contextos locales. Desde 2011, m\u00e1s de 350 organizaciones han [&hellip;]","og_url":"https:\/\/www.insuco.com\/es\/secteurs\/","og_site_name":"Insuco","article_modified_time":"2025-02-26T13:05:21+00:00","twitter_card":"summary_large_image","twitter_misc":{"Tiempo de lectura":"8 minutos"},"schema":{"@context":"https:\/\/schema.org","@graph":[{"@type":"WebPage","@id":"https:\/\/www.insuco.com\/es\/secteurs\/","url":"https:\/\/www.insuco.com\/es\/secteurs\/","name":"Sectores - Insuco","isPartOf":{"@id":"https:\/\/www.insuco.com\/es\/#website"},"datePublished":"2019-08-01T10:02:30+00:00","dateModified":"2025-02-26T13:05:21+00:00","breadcrumb":{"@id":"https:\/\/www.insuco.com\/es\/secteurs\/#breadcrumb"},"inLanguage":"es","potentialAction":[{"@type":"ReadAction","target":["https:\/\/www.insuco.com\/es\/secteurs\/"]}]},{"@type":"BreadcrumbList","@id":"https:\/\/www.insuco.com\/es\/secteurs\/#breadcrumb","itemListElement":[{"@type":"ListItem","position":1,"name":"Accueil","item":"https:\/\/www.insuco.com\/es\/"},{"@type":"ListItem","position":2,"name":"Sectores"}]},{"@type":"WebSite","@id":"https:\/\/www.insuco.com\/es\/#website","url":"https:\/\/www.insuco.com\/es\/","name":"Insuco","description":"Local understanding for sustainable solutions","potentialAction":[{"@type":"SearchAction","target":{"@type":"EntryPoint","urlTemplate":"https:\/\/www.insuco.com\/es\/?s={search_term_string}"},"query-input":{"@type":"PropertyValueSpecification","valueRequired":true,"valueName":"search_term_string"}}],"inLanguage":"es"}]}},"_links":{"self":[{"href":"https:\/\/www.insuco.com\/es\/wp-json\/wp\/v2\/pages\/22547","targetHints":{"allow":["GET"]}}],"collection":[{"href":"https:\/\/www.insuco.com\/es\/wp-json\/wp\/v2\/pages"}],"about":[{"href":"https:\/\/www.insuco.com\/es\/wp-json\/wp\/v2\/types\/page"}],"author":[{"embeddable":true,"href":"https:\/\/www.insuco.com\/es\/wp-json\/wp\/v2\/users\/1"}],"replies":[{"embeddable":true,"href":"https:\/\/www.insuco.com\/es\/wp-json\/wp\/v2\/comments?post=22547"}],"version-history":[{"count":53,"href":"https:\/\/www.insuco.com\/es\/wp-json\/wp\/v2\/pages\/22547\/revisions"}],"predecessor-version":[{"id":57034,"href":"https:\/\/www.insuco.com\/es\/wp-json\/wp\/v2\/pages\/22547\/revisions\/57034"}],"wp:attachment":[{"href":"https:\/\/www.insuco.com\/es\/wp-json\/wp\/v2\/media?parent=22547"}],"curies":[{"name":"wp","href":"https:\/\/api.w.org\/{rel}","templated":true}]}}