{"id":22134,"date":"2019-07-30T16:44:01","date_gmt":"2019-07-30T14:44:01","guid":{"rendered":"https:\/\/www.insuco.com\/?page_id=22134"},"modified":"2025-08-26T19:15:19","modified_gmt":"2025-08-26T17:15:19","slug":"politica-de-proteccion-de-datos-personales","status":"publish","type":"page","link":"https:\/\/www.insuco.com\/es\/politica-de-proteccion-de-datos-personales\/","title":{"rendered":"Pol\u00edtica de protecci\u00f3n de datos personales"},"content":{"rendered":"<p>[et_pb_section fb_built=\u00bb1&#8243; _builder_version=\u00bb4.16&#8243; use_background_color_gradient=\u00bbon\u00bb background_color_gradient_stops=\u00bb#00818b 0%|rgba(0,129,139,0.99) 100%\u00bb background_color_gradient_overlays_image=\u00bbon\u00bb background_color_gradient_start=\u00bb#00818b\u00bb background_color_gradient_end=\u00bbrgba(0,129,139,0.99)\u00bb background_image=\u00bbhttps:\/\/www.insuco.com\/wp-content\/uploads\/2019\/04\/insuco-slider2.jpg\u00bb custom_padding=\u00bb65px|0px|23px|0px|false|false\u00bb global_colors_info=\u00bb{}\u00bb][et_pb_row _builder_version=\u00bb4.16&#8243; custom_padding=\u00bb27px|0px|0|0px|false|false\u00bb global_colors_info=\u00bb{}\u00bb][et_pb_column type=\u00bb4_4&#8243; _builder_version=\u00bb4.16&#8243; custom_padding=\u00bb|||\u00bb global_colors_info=\u00bb{}\u00bb custom_padding__hover=\u00bb|||\u00bb][et_pb_text _builder_version=\u00bb4.16&#8243; header_font=\u00bb|300|||||||\u00bb header_text_color=\u00bb#ffffff\u00bb header_font_size=\u00bb70px\u00bb header_2_font=\u00bb||||||||\u00bb header_2_text_color=\u00bb#ffffff\u00bb header_2_font_size=\u00bb60px\u00bb custom_padding=\u00bb|100px||\u00bb animation_style=\u00bbslide\u00bb animation_direction=\u00bbright\u00bb animation_delay=\u00bb500ms\u00bb link_option_url=\u00bb#\u00bb header_font_size_tablet=\u00bb\u00bb header_font_size_phone=\u00bb50px\u00bb header_font_size_last_edited=\u00bbon|phone\u00bb global_colors_info=\u00bb{}\u00bb header_2_text_color__hover_enabled=\u00bbon\u00bb header_2_text_color__hover=\u00bb#b1e3e3&#8243;]<\/p>\n<h1>Pol\u00edtica de protecci\u00f3n de datos personales<\/h1>\n<p>[\/et_pb_text][\/et_pb_column][\/et_pb_row][\/et_pb_section][et_pb_section fb_built=\u00bb1&#8243; _builder_version=\u00bb4.16&#8243; global_colors_info=\u00bb{}\u00bb][et_pb_row _builder_version=\u00bb4.16&#8243; background_size=\u00bbinitial\u00bb background_position=\u00bbtop_left\u00bb background_repeat=\u00bbrepeat\u00bb global_colors_info=\u00bb{}\u00bb][et_pb_column type=\u00bb4_4&#8243; _builder_version=\u00bb4.16&#8243; custom_padding=\u00bb|||\u00bb global_colors_info=\u00bb{}\u00bb custom_padding__hover=\u00bb|||\u00bb][et_pb_text _builder_version=\u00bb4.27.0&#8243; header_font=\u00bb||||||||\u00bb header_2_font=\u00bb||||||||\u00bb header_2_font_size=\u00bb30px\u00bb header_3_font=\u00bb||||||||\u00bb header_3_font_size=\u00bb24px\u00bb background_size=\u00bbinitial\u00bb background_position=\u00bbtop_left\u00bb background_repeat=\u00bbrepeat\u00bb global_colors_info=\u00bb{}\u00bb]<\/p>\n<h2>1. Introducci\u00f3n<\/h2>\n<p>Insuco est\u00e1 comprometida con un proceso continuo de cumplimiento de la legislaci\u00f3n local de los pa\u00edses donde opera particularmente y de los est\u00e1ndares y buenas pr\u00e1cticas internacionales en general. En esta l\u00f3gica, el respeto a la privacidad y la protecci\u00f3n de los datos personales constituyen valores que sit\u00faa en el centro de sus actividades. Hasta entonces, constituyen un compromiso moral, a veces contractual, destinado a reforzar su legitimidad y credibilidad como oficina de dise\u00f1o de dimensi\u00f3n internacional.<\/p>\n<p>Con la adopci\u00f3n y entrada en vigor en Europa del Reglamento General de Protecci\u00f3n de Datos (GDPR) del 27 de abril de 2016, Insuco fortalece su pr\u00e1ctica implementando una pol\u00edtica real formalizada en materia de protecci\u00f3n de datos personales para garantizar la recopilaci\u00f3n y el procesamiento. de datos personales de forma transparente, confidencial y segura.<\/p>\n<p>Cada persona jur\u00eddica del Grupo Insuco que recopila y\/o utiliza datos personales en el contexto de sus actividades, act\u00faa como Responsable del tratamiento y se compromete a implementar medidas adecuadas para garantizar la protecci\u00f3n, confidencialidad y seguridad de los datos personales de cualquier persona de quien dichos datos se recopilan de acuerdo con los requisitos legales, incluido el Reglamento europeo de protecci\u00f3n de datos personales y las leyes nacionales aplicables.<\/p>\n<h2>2. Alcance<\/h2>\n<p>Nuestra pol\u00edtica de protecci\u00f3n de datos personales se aplica a todo el procesamiento por parte de Insuco, como Controlador de datos, de datos personales de clientes, socios, subcontratistas, proveedores, expertos, empleados permanentes, empleados ocasionales, candidatos a reclutamiento, todas las dem\u00e1s personas y entidades contactadas en el curso de nuestra actividades.<\/p>\n<p>El almacenamiento de sus datos personales en nuestros sistemas es ante todo una decisi\u00f3n libre y voluntaria de su parte. Bajo ninguna circunstancia los tomamos o recogemos sin su conocimiento y sin que usted sea informado.<\/p>\n<h2>3. Datos recopilados<\/h2>\n<p>Los \u00fanicos datos personales que recopilamos son aquellos que son relevantes, adecuados y estrictamente necesarios para asegurar nuestro funcionamiento normal y \u00e9tico como oficina de dise\u00f1o con respecto a nuestros empleados, nuestros proveedores, subcontratistas y a la prestaci\u00f3n de servicios a nuestros clientes. La naturaleza y el uso de la gran mayor\u00eda de estos datos tambi\u00e9n est\u00e1n dictados por la legislaci\u00f3n nacional e internacional y por nuestros compromisos contractuales y \u00e9ticos.<\/p>\n<h2>4. Destinatarios de los datos recogidos<\/h2>\n<p>Los destinatarios de los datos que recopilamos son para uso exclusivo de nuestros servicios internos autorizados a recibirlos con el fin de procesarlos dentro del \u00e1mbito de su competencia. Il s&#8217;agit principalement de nos services administratifs et des ressources-humaines, de nos services commerciaux ou techniques, de nos sous-traitants ou partenaires r\u00e9pondant avec nous \u00e0 des offres de services de clients communs, \u00e0 des clients nous sollicitant ou non pour des prestaciones de servicios.<\/p>\n<h2>5. Finalidad del tratamiento<\/h2>\n<p>Recopilamos y procesamos informaci\u00f3n o datos que le conciernen en condiciones generales de transparencia y seguridad del procesamiento de datos personales para cumplir con fines espec\u00edficos y leg\u00edtimos. Sus datos personales tambi\u00e9n podr\u00e1n ser tratados con las siguientes finalidades:<\/p>\n<ul>\n<li>Seguimiento de su expediente de solicitud,<\/li>\n<li>Relaci\u00f3n contractual con sus empleados,<\/li>\n<li>Relaci\u00f3n comercial con sus clientes,<\/li>\n<li>Relaci\u00f3n comercial con sus proveedores, socios y subcontratistas,<\/li>\n<li>Respuesta a sus solicitudes de colaboraci\u00f3n.<\/li>\n<\/ul>\n<p>Utilizamos sus datos personales principalmente en el contexto de la gesti\u00f3n de nuestros clientes y, en particular, para responder a sus solicitudes o para enviarle peri\u00f3dicamente informaci\u00f3n sobre nuestros servicios, nuestras novedades y\/o nuestros soportes que puedan responder a sus expectativas.<\/p>\n<h2>6. Tratamiento de datos personales<\/h2>\n<p>Los datos personales son tratados de conformidad con lo dispuesto en la normativa general de protecci\u00f3n de datos y en la medida necesaria para las finalidades antes mencionadas.<\/p>\n<p>El tratamiento de la informaci\u00f3n o de los datos que recogemos y\/o que nos transmiten est\u00e1 condicionado por dos criterios que lo hacen posible para la finalidad para la que lo destinamos:<\/p>\n<ul>\n<li><span style=\"font-size: 16px;\">El interesado ha dado su consentimiento para el tratamiento de sus datos personales para uno o m\u00e1s fines espec\u00edficos;<\/span><\/li>\n<li>El tratamiento es necesario para el cumplimiento de una obligaci\u00f3n legal a la que est\u00e1 sujeto el responsable del tratamiento.<\/li>\n<\/ul>\n<p>Por lo tanto, usted es responsable de la exactitud de los datos personales que nos proporciona.<\/p>\n<h2>7. Transmisi\u00f3n de tus datos<\/h2>\n<p>La confidencialidad de la informaci\u00f3n que utilizamos, cuando se trata de datos personales de personas f\u00edsicas, y el respeto al secreto profesional nos impiden comunicar cualquier dato o informaci\u00f3n relativa a una persona f\u00edsica a terceros sin el consentimiento previo de los interesados. Sin embargo, la transmisi\u00f3n de datos personales relativos a personas f\u00edsicas a terceros puede estar justificada por una serie de circunstancias, por ejemplo:<\/p>\n<ul>\n<li>Comunicaci\u00f3n a instituciones y organismos de derecho p\u00fablico o privado cuando as\u00ed est\u00e9 previsto, exigido y\/o regulado por la ley;<\/li>\n<li>La transmisi\u00f3n de sus datos personales a nuestros subcontratistas cuando sean necesarios para la realizaci\u00f3n de los servicios que usted nos ha encargado como parte de la ejecuci\u00f3n de nuestra misi\u00f3n;<\/li>\n<li>Compartir datos de la aplicaci\u00f3n con las diferentes entidades del grupo.<\/li>\n<\/ul>\n<p>Sujeto a lo indicado en esta pol\u00edtica de protecci\u00f3n de datos personales o salvo que hayamos obtenido previamente su consentimiento, podremos comunicar sus datos personales a personas empleadas del grupo Insuco o a nuestros subcontratistas y socios para los fines anteriormente mencionados, y s\u00f3lo en la medida estricta. necesarios para el cumplimiento de las tareas que les sean encomendadas. Estas personas pueden comunicarse con usted directamente utilizando los datos de contacto que nos ha proporcionado. Tenga en cuenta que exigimos estrictamente a nuestros contratistas y socios que utilicen sus datos personales \u00fanicamente para gestionar los servicios que les solicitamos que proporcionen. Tambi\u00e9n pedimos a nuestros subcontratistas y proveedores de servicios que act\u00faen siempre de conformidad con las leyes aplicables en materia de protecci\u00f3n de datos personales y que presten especial atenci\u00f3n a la confidencialidad de estos datos. Insuco garantiza que sus datos sigan benefici\u00e1ndose de un nivel adecuado de protecci\u00f3n en t\u00e9rminos de seguridad y confidencialidad.<\/p>\n<h2>8. Retenci\u00f3n de datos<\/h2>\n<p>Dependiendo de la naturaleza de los datos personales, la finalidad del procesamiento y\/o los requisitos legales o reglamentarios, los per\u00edodos de retenci\u00f3n var\u00edan. Sin embargo, implementamos procesos para anonimizar datos personales cuando es necesario que conservemos cierta informaci\u00f3n adjunta a estos datos personales sin que sea estrictamente obligatorio identificar a las personas f\u00edsicas con las que se relacionan.<\/p>\n<h2>9. Seguridad de los datos<\/h2>\n<p>Prestamos especial atenci\u00f3n a la seguridad de nuestros datos en general y m\u00e1s espec\u00edficamente cuando se trata de sus datos personales. Adem\u00e1s, nuestro objetivo es conservar siempre sus datos personales de la manera m\u00e1s segura y protegida, y solo durante el per\u00edodo necesario para lograr el prop\u00f3sito perseguido por el procesamiento y de conformidad con la legislaci\u00f3n vigente, en particular a solicitud de una autoridad autorizada. por ley. Para ello, adoptamos las medidas f\u00edsicas, t\u00e9cnicas y organizativas adecuadas para evitar, en la medida de lo posible, cualquier alteraci\u00f3n o p\u00e9rdida de sus datos o cualquier acceso no autorizado a los mismos, implementando la protecci\u00f3n de sus datos mediante el uso de medios de seguridad f\u00edsicos y l\u00f3gicos.<\/p>\n<p>Por lo tanto, el acceso a los datos personales en todas nuestras redes est\u00e1 sujeto a estrictas condiciones de autorizaci\u00f3n establecidas a nivel de cada entidad del grupo.<\/p>\n<h2>10. Derechos de los interesados<\/h2>\n<p>De acuerdo con la legislaci\u00f3n aplicable en materia de protecci\u00f3n de datos personales, usted tiene derechos de consulta, rectificaci\u00f3n o modificaci\u00f3n, queja, supresi\u00f3n de sus datos personales recopilados y conservados por Insuco.<br \/>Estos derechos pueden ejercerse envi\u00e1ndonos un correo electr\u00f3nico a <a href=\"correo a:contact@insuco.com.%20\">privacy@insuco.com.<\/a><\/p>\n<h2>11. Modificaci\u00f3n de la pol\u00edtica<\/h2>\n<p>Este documento, que constituye nuestra pol\u00edtica general de protecci\u00f3n de datos personales, podr\u00e1 ser actualizado en cualquier momento para tener en cuenta las \u00faltimas novedades legislativas o el \u00e1mbito en el que se supone deben aplicarse. Lo compartiremos con usted cada vez que entremos en contacto con usted para la recopilaci\u00f3n o el uso de sus datos personales, con el fin de mantenerlo informado sobre las condiciones bajo las cuales procesamos estos datos.<\/p>\n<p>Para cualquier solicitud relacionada con nuestra pol\u00edtica general de protecci\u00f3n de datos personales, env\u00ede un correo electr\u00f3nico a contact@insuco.com.<\/p>\n<p>[\/et_pb_text][\/et_pb_column][\/et_pb_row][\/et_pb_section]<\/p>\n","protected":false},"excerpt":{"rendered":"<p>Pol\u00edtica de protecci\u00f3n de datos personales1. Introducci\u00f3n Insuco est\u00e1 comprometida con un proceso continuo de cumplimiento de la legislaci\u00f3n local de los pa\u00edses donde opera particularmente y de los est\u00e1ndares y buenas pr\u00e1cticas internacionales en general. En esta l\u00f3gica, el respeto a la privacidad y la protecci\u00f3n de los datos personales constituyen valores que sit\u00faa [&hellip;]<\/p>\n","protected":false},"author":1,"featured_media":0,"parent":0,"menu_order":0,"comment_status":"closed","ping_status":"closed","template":"","meta":{"_acf_changed":false,"_et_pb_use_builder":"on","_et_pb_old_content":"","_et_gb_content_width":"","footnotes":""},"class_list":["post-22134","page","type-page","status-publish","hentry"],"acf":[],"yoast_head":"<!-- This site is optimized with the Yoast SEO plugin v26.0 - https:\/\/yoast.com\/wordpress\/plugins\/seo\/ -->\n<title>Pol\u00edtica de protecci\u00f3n de datos personales - Insuco<\/title>\n<meta name=\"robots\" content=\"index, follow, max-snippet:-1, max-image-preview:large, max-video-preview:-1\" \/>\n<link rel=\"canonical\" href=\"https:\/\/www.insuco.com\/es\/politica-de-proteccion-de-datos-personales\/\" \/>\n<meta property=\"og:locale\" content=\"es_ES\" \/>\n<meta property=\"og:type\" content=\"article\" \/>\n<meta property=\"og:title\" content=\"Pol\u00edtica de protecci\u00f3n de datos personales - Insuco\" \/>\n<meta property=\"og:description\" content=\"Pol\u00edtica de protecci\u00f3n de datos personales1. Introducci\u00f3n Insuco est\u00e1 comprometida con un proceso continuo de cumplimiento de la legislaci\u00f3n local de los pa\u00edses donde opera particularmente y de los est\u00e1ndares y buenas pr\u00e1cticas internacionales en general. En esta l\u00f3gica, el respeto a la privacidad y la protecci\u00f3n de los datos personales constituyen valores que sit\u00faa [&hellip;]\" \/>\n<meta property=\"og:url\" content=\"https:\/\/www.insuco.com\/es\/politica-de-proteccion-de-datos-personales\/\" \/>\n<meta property=\"og:site_name\" content=\"Insuco\" \/>\n<meta property=\"article:modified_time\" content=\"2025-08-26T17:15:19+00:00\" \/>\n<meta name=\"twitter:card\" content=\"summary_large_image\" \/>\n<meta name=\"twitter:label1\" content=\"Tiempo de lectura\" \/>\n\t<meta name=\"twitter:data1\" content=\"8 minutos\" \/>\n<script type=\"application\/ld+json\" class=\"yoast-schema-graph\">{\"@context\":\"https:\/\/schema.org\",\"@graph\":[{\"@type\":\"WebPage\",\"@id\":\"https:\/\/www.insuco.com\/es\/politica-de-proteccion-de-datos-personales\/\",\"url\":\"https:\/\/www.insuco.com\/es\/politica-de-proteccion-de-datos-personales\/\",\"name\":\"Pol\u00edtica de protecci\u00f3n de datos personales - Insuco\",\"isPartOf\":{\"@id\":\"https:\/\/www.insuco.com\/es\/#website\"},\"datePublished\":\"2019-07-30T14:44:01+00:00\",\"dateModified\":\"2025-08-26T17:15:19+00:00\",\"breadcrumb\":{\"@id\":\"https:\/\/www.insuco.com\/es\/politica-de-proteccion-de-datos-personales\/#breadcrumb\"},\"inLanguage\":\"es\",\"potentialAction\":[{\"@type\":\"ReadAction\",\"target\":[\"https:\/\/www.insuco.com\/es\/politica-de-proteccion-de-datos-personales\/\"]}]},{\"@type\":\"BreadcrumbList\",\"@id\":\"https:\/\/www.insuco.com\/es\/politica-de-proteccion-de-datos-personales\/#breadcrumb\",\"itemListElement\":[{\"@type\":\"ListItem\",\"position\":1,\"name\":\"Accueil\",\"item\":\"https:\/\/www.insuco.com\/es\/\"},{\"@type\":\"ListItem\",\"position\":2,\"name\":\"Pol\u00edtica de protecci\u00f3n de datos personales\"}]},{\"@type\":\"WebSite\",\"@id\":\"https:\/\/www.insuco.com\/es\/#website\",\"url\":\"https:\/\/www.insuco.com\/es\/\",\"name\":\"Insuco\",\"description\":\"Local understanding for sustainable solutions\",\"potentialAction\":[{\"@type\":\"SearchAction\",\"target\":{\"@type\":\"EntryPoint\",\"urlTemplate\":\"https:\/\/www.insuco.com\/es\/?s={search_term_string}\"},\"query-input\":{\"@type\":\"PropertyValueSpecification\",\"valueRequired\":true,\"valueName\":\"search_term_string\"}}],\"inLanguage\":\"es\"}]}<\/script>\n<!-- \/ Yoast SEO plugin. -->","yoast_head_json":{"title":"Pol\u00edtica de protecci\u00f3n de datos personales - Insuco","robots":{"index":"index","follow":"follow","max-snippet":"max-snippet:-1","max-image-preview":"max-image-preview:large","max-video-preview":"max-video-preview:-1"},"canonical":"https:\/\/www.insuco.com\/es\/politica-de-proteccion-de-datos-personales\/","og_locale":"es_ES","og_type":"article","og_title":"Pol\u00edtica de protecci\u00f3n de datos personales - Insuco","og_description":"Pol\u00edtica de protecci\u00f3n de datos personales1. Introducci\u00f3n Insuco est\u00e1 comprometida con un proceso continuo de cumplimiento de la legislaci\u00f3n local de los pa\u00edses donde opera particularmente y de los est\u00e1ndares y buenas pr\u00e1cticas internacionales en general. En esta l\u00f3gica, el respeto a la privacidad y la protecci\u00f3n de los datos personales constituyen valores que sit\u00faa [&hellip;]","og_url":"https:\/\/www.insuco.com\/es\/politica-de-proteccion-de-datos-personales\/","og_site_name":"Insuco","article_modified_time":"2025-08-26T17:15:19+00:00","twitter_card":"summary_large_image","twitter_misc":{"Tiempo de lectura":"8 minutos"},"schema":{"@context":"https:\/\/schema.org","@graph":[{"@type":"WebPage","@id":"https:\/\/www.insuco.com\/es\/politica-de-proteccion-de-datos-personales\/","url":"https:\/\/www.insuco.com\/es\/politica-de-proteccion-de-datos-personales\/","name":"Pol\u00edtica de protecci\u00f3n de datos personales - Insuco","isPartOf":{"@id":"https:\/\/www.insuco.com\/es\/#website"},"datePublished":"2019-07-30T14:44:01+00:00","dateModified":"2025-08-26T17:15:19+00:00","breadcrumb":{"@id":"https:\/\/www.insuco.com\/es\/politica-de-proteccion-de-datos-personales\/#breadcrumb"},"inLanguage":"es","potentialAction":[{"@type":"ReadAction","target":["https:\/\/www.insuco.com\/es\/politica-de-proteccion-de-datos-personales\/"]}]},{"@type":"BreadcrumbList","@id":"https:\/\/www.insuco.com\/es\/politica-de-proteccion-de-datos-personales\/#breadcrumb","itemListElement":[{"@type":"ListItem","position":1,"name":"Accueil","item":"https:\/\/www.insuco.com\/es\/"},{"@type":"ListItem","position":2,"name":"Pol\u00edtica de protecci\u00f3n de datos personales"}]},{"@type":"WebSite","@id":"https:\/\/www.insuco.com\/es\/#website","url":"https:\/\/www.insuco.com\/es\/","name":"Insuco","description":"Local understanding for sustainable solutions","potentialAction":[{"@type":"SearchAction","target":{"@type":"EntryPoint","urlTemplate":"https:\/\/www.insuco.com\/es\/?s={search_term_string}"},"query-input":{"@type":"PropertyValueSpecification","valueRequired":true,"valueName":"search_term_string"}}],"inLanguage":"es"}]}},"_links":{"self":[{"href":"https:\/\/www.insuco.com\/es\/wp-json\/wp\/v2\/pages\/22134","targetHints":{"allow":["GET"]}}],"collection":[{"href":"https:\/\/www.insuco.com\/es\/wp-json\/wp\/v2\/pages"}],"about":[{"href":"https:\/\/www.insuco.com\/es\/wp-json\/wp\/v2\/types\/page"}],"author":[{"embeddable":true,"href":"https:\/\/www.insuco.com\/es\/wp-json\/wp\/v2\/users\/1"}],"replies":[{"embeddable":true,"href":"https:\/\/www.insuco.com\/es\/wp-json\/wp\/v2\/comments?post=22134"}],"version-history":[{"count":4,"href":"https:\/\/www.insuco.com\/es\/wp-json\/wp\/v2\/pages\/22134\/revisions"}],"predecessor-version":[{"id":58040,"href":"https:\/\/www.insuco.com\/es\/wp-json\/wp\/v2\/pages\/22134\/revisions\/58040"}],"wp:attachment":[{"href":"https:\/\/www.insuco.com\/es\/wp-json\/wp\/v2\/media?parent=22134"}],"curies":[{"name":"wp","href":"https:\/\/api.w.org\/{rel}","templated":true}]}}