{"id":23011,"date":"2019-08-01T21:50:34","date_gmt":"2019-08-01T19:50:34","guid":{"rendered":"https:\/\/www.insuco.com\/?page_id=23011"},"modified":"2024-08-07T13:37:21","modified_gmt":"2024-08-07T11:37:21","slug":"legal-reviews","status":"publish","type":"page","link":"https:\/\/www.insuco.com\/en\/legal-reviews\/","title":{"rendered":"Legal reviews"},"content":{"rendered":"<p>[et_pb_section fb_built=&#8221;1&#8243; disabled_on=&#8221;off|off|off&#8221; _builder_version=&#8221;4.16&#8243; use_background_color_gradient=&#8221;on&#8221; background_color_gradient_stops=&#8221;#00818b 0%|rgba(0,129,139,0.99) 100%&#8221; background_color_gradient_overlays_image=&#8221;on&#8221; background_color_gradient_start=&#8221;#00818b&#8221; background_color_gradient_end=&#8221;rgba(0,129,139,0.99)&#8221; background_image=&#8221;https:\/\/www.insuco.com\/wp-content\/uploads\/2019\/04\/insuco-slider2.jpg&#8221; custom_padding=&#8221;65px|0px|23px|0px|false|false&#8221; global_colors_info=&#8221;{}&#8221;][et_pb_row _builder_version=&#8221;4.16&#8243; custom_padding=&#8221;27px|0px|0|0px|false|false&#8221; global_colors_info=&#8221;{}&#8221;][et_pb_column type=&#8221;4_4&#8243; _builder_version=&#8221;4.16&#8243; custom_padding=&#8221;|||&#8221; global_colors_info=&#8221;{}&#8221; custom_padding__hover=&#8221;|||&#8221;][et_pb_text _builder_version=&#8221;4.16&#8243; header_font=&#8221;|300|||||||&#8221; header_text_color=&#8221;#ffffff&#8221; header_font_size=&#8221;70px&#8221; header_2_font=&#8221;||||||||&#8221; header_2_text_color=&#8221;#ffffff&#8221; header_2_font_size=&#8221;60px&#8221; custom_padding=&#8221;|||&#8221; animation_style=&#8221;slide&#8221; animation_direction=&#8221;right&#8221; animation_delay=&#8221;500ms&#8221; header_font_size_tablet=&#8221;&#8221; header_font_size_phone=&#8221;50px&#8221; header_font_size_last_edited=&#8221;on|phone&#8221; global_colors_info=&#8221;{}&#8221; header_2_text_color__hover_enabled=&#8221;on&#8221; header_2_text_color__hover=&#8221;#b1e3e3&#8243;]<\/p>\n<h1>Services<\/h1>\n<p>[\/et_pb_text][\/et_pb_column][\/et_pb_row][\/et_pb_section][et_pb_section fb_built=&#8221;1&#8243; _builder_version=&#8221;4.16&#8243; custom_padding=&#8221;21px|0px|37px|0px|false|false&#8221; global_colors_info=&#8221;{}&#8221;][et_pb_row make_equal=&#8221;on&#8221; _builder_version=&#8221;4.16&#8243; custom_margin=&#8221;16px|auto||auto||&#8221; global_colors_info=&#8221;{}&#8221;][et_pb_column type=&#8221;4_4&#8243; _builder_version=&#8221;4.16&#8243; custom_padding=&#8221;|||&#8221; global_colors_info=&#8221;{}&#8221; custom_padding__hover=&#8221;|||&#8221;][et_pb_text _builder_version=&#8221;4.16&#8243; text_font=&#8221;||||||||&#8221; header_font=&#8221;||||||||&#8221; header_2_font=&#8221;||||||||&#8221; header_2_text_color=&#8221;#00818b&#8221; header_2_font_size=&#8221;55px&#8221; module_alignment=&#8221;center&#8221; custom_padding=&#8221;0px|||||&#8221; header_2_font_size_tablet=&#8221;&#8221; header_2_font_size_phone=&#8221;40px&#8221; header_2_font_size_last_edited=&#8221;on|phone&#8221; global_colors_info=&#8221;{}&#8221;]<\/p>\n<h2>Legal reviews<\/h2>\n<p>[\/et_pb_text][\/et_pb_column][\/et_pb_row][et_pb_row column_structure=&#8221;1_2,1_2&#8243; use_custom_gutter=&#8221;on&#8221; gutter_width=&#8221;2&#8243; _builder_version=&#8221;4.16&#8243; custom_padding=&#8221;||16px|||&#8221; global_colors_info=&#8221;{}&#8221;][et_pb_column type=&#8221;1_2&#8243; _builder_version=&#8221;4.16&#8243; custom_padding=&#8221;|||&#8221; global_colors_info=&#8221;{}&#8221; custom_padding__hover=&#8221;|||&#8221;][et_pb_image src=&#8221;https:\/\/www.insuco.com\/wp-content\/uploads\/2019\/06\/Etudes-8-revues-legales.jpg&#8221; align_tablet=&#8221;center&#8221; align_phone=&#8221;&#8221; align_last_edited=&#8221;on|desktop&#8221; _builder_version=&#8221;4.16&#8243; global_colors_info=&#8221;{}&#8221;][\/et_pb_image][\/et_pb_column][et_pb_column type=&#8221;1_2&#8243; _builder_version=&#8221;4.16&#8243; custom_padding=&#8221;|||&#8221; global_colors_info=&#8221;{}&#8221; custom_padding__hover=&#8221;|||&#8221;][et_pb_text _builder_version=&#8221;4.27.0&#8243; header_font=&#8221;||||||||&#8221; header_2_font=&#8221;||||||||&#8221; header_2_font_size=&#8221;40px&#8221; header_3_font=&#8221;|300|on||||||&#8221; header_3_font_size=&#8221;32px&#8221; hover_enabled=&#8221;0&#8243; global_colors_info=&#8221;{}&#8221; sticky_enabled=&#8221;0&#8243;]<\/p>\n<p>In a transverse manner to our services, we offer legal reviews in order to legally secure any development or industrial project, with regard to the standards applicable in the social field, both at national and international level.<\/p>\n<p>This service is based on a comparative approach of various national and local standards, legal or customary, in relation to the multiplicity of international requirements and standards (IFC, EITI, etc\u2026). It allows us to define an immediately applicable, overall legal framework. <\/p>\n<p>Our approach combines pragmatism and rigour in order to understand both the set of legal norms applicable to a given location and the various legal conceptions of the stakeholders interested in this location. We offer operational recommendations to fill any gaps, considering the actual capacities of local and national institutions in the field.  <\/p>\n<p>[\/et_pb_text][\/et_pb_column][\/et_pb_row][\/et_pb_section][et_pb_section fb_built=&#8221;1&#8243; _builder_version=&#8221;4.16&#8243; background_color=&#8221;rgba(177,227,227,0.25)&#8221; custom_padding=&#8221;0|0px|0|0px|false|false&#8221; global_colors_info=&#8221;{}&#8221;][et_pb_row column_structure=&#8221;1_2,1_2&#8243; use_custom_gutter=&#8221;on&#8221; gutter_width=&#8221;1&#8243; make_equal=&#8221;on&#8221; module_class=&#8221; et_pb_row_fullwidth&#8221; _builder_version=&#8221;4.16&#8243; background_color=&#8221;#00818b&#8221; use_background_color_gradient=&#8221;on&#8221; background_color_gradient_overlays_image=&#8221;on&#8221; width=&#8221;100%&#8221; width_tablet=&#8221;100%&#8221; width_phone=&#8221;&#8221; width_last_edited=&#8221;on|desktop&#8221; max_width=&#8221;100%&#8221; max_width_tablet=&#8221;100%&#8221; max_width_phone=&#8221;&#8221; max_width_last_edited=&#8221;on|desktop&#8221; custom_padding=&#8221;0|0px|0|0px|false|false&#8221; make_fullwidth=&#8221;on&#8221; global_colors_info=&#8221;{}&#8221;][et_pb_column type=&#8221;1_2&#8243; _builder_version=&#8221;4.16&#8243; background_color=&#8221;#00818b&#8221; custom_padding=&#8221;50px||50px|&#8221; global_colors_info=&#8221;{}&#8221; custom_padding__hover=&#8221;|||&#8221;][et_pb_cta title=&#8221;Our sectors of intervention&#8221; button_url=&#8221;https:\/\/www.insuco.com\/en\/sectors\/&#8221; button_text=&#8221;Discover our sectors&#8221; _builder_version=&#8221;4.27.0&#8243; header_font=&#8221;||||||||&#8221; header_text_color=&#8221;#ffffff&#8221; header_font_size=&#8221;34px&#8221; body_font=&#8221;||||||||&#8221; body_text_color=&#8221;#ffffff&#8221; background_color=&#8221;rgba(89,175,181,0)&#8221; custom_button=&#8221;on&#8221; button_bg_color=&#8221;#59afb5&#8243; button_border_color=&#8221;#59afb5&#8243; button_font=&#8221;||||||||&#8221; background_layout=&#8221;light&#8221; max_width=&#8221;600px&#8221; module_alignment=&#8221;center&#8221; animation_style=&#8221;zoom&#8221; link_option_url=&#8221;https:\/\/www.insuco.com\/en\/sectors\/&#8221; global_module=&#8221;13784&#8243; saved_tabs=&#8221;all&#8221; global_colors_info=&#8221;{}&#8221;]<\/p>\n<p>Nous intervenons aupr\u00e8s de nombreux secteurs pour la ma\u00eetrise des enjeux sociaux et la compr\u00e9hension des contextes locaux. Depuis 13 ans, d\u00e9j\u00e0 pr\u00e8s de 350 organisations nous ont fait confiance.<\/p>\n<p>[\/et_pb_cta][\/et_pb_column][et_pb_column type=&#8221;1_2&#8243; _builder_version=&#8221;4.16&#8243; background_color=&#8221;rgba(0,129,139,0)&#8221; use_background_color_gradient=&#8221;on&#8221; background_color_gradient_stops=&#8221;rgba(0,129,139,0.69) 0%|rgba(0,129,139,0.58) 100%&#8221; background_color_gradient_overlays_image=&#8221;on&#8221; background_color_gradient_start=&#8221;rgba(0,129,139,0.69)&#8221; background_color_gradient_end=&#8221;rgba(0,129,139,0.58)&#8221; background_image=&#8221;https:\/\/www.insuco.com\/wp-content\/uploads\/2019\/05\/Terrain_BF.jpg&#8221; custom_padding=&#8221;50px||50px|&#8221; global_colors_info=&#8221;{}&#8221; custom_padding__hover=&#8221;|||&#8221;][et_pb_cta title=&#8221;Tell us about your project!&#8221; button_url=&#8221;https:\/\/www.insuco.com\/en\/contact\/&#8221; button_text=&#8221;Contact us&#8221; _builder_version=&#8221;3.26&#8243; header_font=&#8221;||||||||&#8221; header_text_color=&#8221;#ffffff&#8221; header_font_size=&#8221;34px&#8221; body_font=&#8221;||||||||&#8221; body_text_color=&#8221;#ffffff&#8221; background_color=&#8221;rgba(89,175,181,0)&#8221; custom_button=&#8221;on&#8221; button_bg_color=&#8221;#59afb5&#8243; button_border_color=&#8221;#59afb5&#8243; button_font=&#8221;||||||||&#8221; background_layout=&#8221;light&#8221; max_width=&#8221;600px&#8221; module_alignment=&#8221;center&#8221; animation_style=&#8221;slide&#8221; link_option_url=&#8221;https:\/\/www.insuco.com\/en\/contact\/&#8221; z_index_tablet=&#8221;500&#8243; global_module=&#8221;13524&#8243; global_colors_info=&#8221;{}&#8221;]<\/p>\n<p>Vous souhaitez \u00e9changer sur votre projet et ses enjeux ? En savoir plus sur Insuco et nos expertises ? Nous rencontrer ?<\/p>\n<p>[\/et_pb_cta][\/et_pb_column][\/et_pb_row][\/et_pb_section][et_pb_section fb_built=&#8221;1&#8243; _builder_version=&#8221;4.16&#8243; background_color=&#8221;#59afb5&#8243; custom_padding=&#8221;59px||0px|||&#8221; global_colors_info=&#8221;{}&#8221;][et_pb_row use_custom_gutter=&#8221;on&#8221; gutter_width=&#8221;2&#8243; _builder_version=&#8221;4.16&#8243; width=&#8221;100%&#8221; min_height=&#8221;405px&#8221; custom_margin_tablet=&#8221;&#8221; custom_margin_phone=&#8221;&#8221; custom_margin_last_edited=&#8221;on|phone&#8221; custom_padding=&#8221;|20px|6px|20px||&#8221; global_colors_info=&#8221;{}&#8221;][et_pb_column type=&#8221;4_4&#8243; _builder_version=&#8221;4.16&#8243; custom_padding=&#8221;|||&#8221; global_colors_info=&#8221;{}&#8221; custom_padding__hover=&#8221;|||&#8221;][et_pb_portfolio fullwidth=&#8221;off&#8221; posts_number=&#8221;3&#8243; include_categories=&#8221;228&#8243; show_categories=&#8221;off&#8221; show_pagination=&#8221;off&#8221; module_class=&#8221;projets-associes&#8221; _builder_version=&#8221;4.16&#8243; title_font=&#8221;|600|||||||&#8221; title_text_color=&#8221;#00818b&#8221; title_font_size=&#8221;19px&#8221; title_line_height=&#8221;1.2em&#8221; background_color=&#8221;rgba(255,255,255,0.87)&#8221; custom_padding=&#8221;||||false|false&#8221; title_font_size_tablet=&#8221;&#8221; title_font_size_phone=&#8221;16px&#8221; title_font_size_last_edited=&#8221;on|desktop&#8221; custom_css_portfolio_image=&#8221;margin:-1px;&#8221; border_width_all=&#8221;1px&#8221; border_color_all=&#8221;rgba(0,129,139,0.29)&#8221; global_colors_info=&#8221;{}&#8221;][\/et_pb_portfolio][\/et_pb_column][\/et_pb_row][\/et_pb_section][et_pb_section fb_built=&#8221;1&#8243; _builder_version=&#8221;4.16&#8243; background_color=&#8221;#59afb5&#8243; custom_padding=&#8221;26px|||||&#8221; link_option_url=&#8221;https:\/\/www.insuco.com\/projets-recents-ou-en-cours\/&#8221; global_colors_info=&#8221;{}&#8221;][et_pb_row _builder_version=&#8221;4.16&#8243; custom_padding=&#8221;0|0px|1px|0px|false|false&#8221; global_colors_info=&#8221;{}&#8221;][et_pb_column type=&#8221;4_4&#8243; _builder_version=&#8221;4.16&#8243; custom_padding=&#8221;|||&#8221; global_colors_info=&#8221;{}&#8221; custom_padding__hover=&#8221;|||&#8221;][et_pb_text _builder_version=&#8221;4.16&#8243; header_font=&#8221;||||||||&#8221; header_2_font=&#8221;||||||||&#8221; header_2_text_align=&#8221;center&#8221; header_2_text_color=&#8221;#ffffff&#8221; header_2_font_size=&#8221;34px&#8221; header_2_font_size_tablet=&#8221;&#8221; header_2_font_size_phone=&#8221;30px&#8221; header_2_font_size_last_edited=&#8221;on|phone&#8221; global_colors_info=&#8221;{}&#8221;]<\/p>\n<h2>Explore our projects<\/h2>\n<p>[\/et_pb_text][et_pb_button button_url=&#8221;https:\/\/www.insuco.com\/en\/recent-and-ongoing-projects\/&#8221; button_text=&#8221;All our projects&#8221; button_alignment=&#8221;center&#8221; _builder_version=&#8221;4.16&#8243; custom_button=&#8221;on&#8221; button_text_color=&#8221;#ffffff&#8221; button_bg_color=&#8221;#00818b&#8221; button_border_color=&#8221;#00818b&#8221; button_font=&#8221;||||||||&#8221; custom_margin=&#8221;30px|50px|30px|50px&#8221; global_colors_info=&#8221;{}&#8221;][\/et_pb_button][\/et_pb_column][\/et_pb_row][\/et_pb_section]<\/p>\n","protected":false},"excerpt":{"rendered":"<p>ServicesLegal reviewsIn a transverse manner to our services, we offer legal reviews in order to legally secure any development or industrial project, with regard to the standards applicable in the social field, both at national and international level. This service is based on a comparative approach of various national and local standards, legal or customary, [&hellip;]<\/p>\n","protected":false},"author":1,"featured_media":0,"parent":0,"menu_order":0,"comment_status":"closed","ping_status":"closed","template":"","meta":{"_acf_changed":false,"_et_pb_use_builder":"on","_et_pb_old_content":"","_et_gb_content_width":"","footnotes":""},"class_list":["post-23011","page","type-page","status-publish","hentry"],"acf":[],"yoast_head":"<!-- This site is optimized with the Yoast SEO plugin v26.0 - https:\/\/yoast.com\/wordpress\/plugins\/seo\/ -->\n<title>Legal reviews - Insuco<\/title>\n<meta name=\"robots\" content=\"index, follow, max-snippet:-1, max-image-preview:large, max-video-preview:-1\" \/>\n<link rel=\"canonical\" href=\"https:\/\/www.insuco.com\/en\/legal-reviews\/\" \/>\n<meta property=\"og:locale\" content=\"en_US\" \/>\n<meta property=\"og:type\" content=\"article\" \/>\n<meta property=\"og:title\" content=\"Legal reviews - Insuco\" \/>\n<meta property=\"og:description\" content=\"ServicesLegal reviewsIn a transverse manner to our services, we offer legal reviews in order to legally secure any development or industrial project, with regard to the standards applicable in the social field, both at national and international level. This service is based on a comparative approach of various national and local standards, legal or customary, [&hellip;]\" \/>\n<meta property=\"og:url\" content=\"https:\/\/www.insuco.com\/en\/legal-reviews\/\" \/>\n<meta property=\"og:site_name\" content=\"Insuco\" \/>\n<meta property=\"article:modified_time\" content=\"2024-08-07T11:37:21+00:00\" \/>\n<meta name=\"twitter:card\" content=\"summary_large_image\" \/>\n<meta name=\"twitter:label1\" content=\"Est. reading time\" \/>\n\t<meta name=\"twitter:data1\" content=\"6 minutes\" \/>\n<script type=\"application\/ld+json\" class=\"yoast-schema-graph\">{\"@context\":\"https:\/\/schema.org\",\"@graph\":[{\"@type\":\"WebPage\",\"@id\":\"https:\/\/www.insuco.com\/en\/legal-reviews\/\",\"url\":\"https:\/\/www.insuco.com\/en\/legal-reviews\/\",\"name\":\"Legal reviews - Insuco\",\"isPartOf\":{\"@id\":\"https:\/\/www.insuco.com\/en\/#website\"},\"datePublished\":\"2019-08-01T19:50:34+00:00\",\"dateModified\":\"2024-08-07T11:37:21+00:00\",\"breadcrumb\":{\"@id\":\"https:\/\/www.insuco.com\/en\/legal-reviews\/#breadcrumb\"},\"inLanguage\":\"en-US\",\"potentialAction\":[{\"@type\":\"ReadAction\",\"target\":[\"https:\/\/www.insuco.com\/en\/legal-reviews\/\"]}]},{\"@type\":\"BreadcrumbList\",\"@id\":\"https:\/\/www.insuco.com\/en\/legal-reviews\/#breadcrumb\",\"itemListElement\":[{\"@type\":\"ListItem\",\"position\":1,\"name\":\"Accueil\",\"item\":\"https:\/\/www.insuco.com\/en\/\"},{\"@type\":\"ListItem\",\"position\":2,\"name\":\"Legal reviews\"}]},{\"@type\":\"WebSite\",\"@id\":\"https:\/\/www.insuco.com\/en\/#website\",\"url\":\"https:\/\/www.insuco.com\/en\/\",\"name\":\"Insuco\",\"description\":\"Local understanding for sustainable solutions\",\"potentialAction\":[{\"@type\":\"SearchAction\",\"target\":{\"@type\":\"EntryPoint\",\"urlTemplate\":\"https:\/\/www.insuco.com\/en\/?s={search_term_string}\"},\"query-input\":{\"@type\":\"PropertyValueSpecification\",\"valueRequired\":true,\"valueName\":\"search_term_string\"}}],\"inLanguage\":\"en-US\"}]}<\/script>\n<!-- \/ Yoast SEO plugin. -->","yoast_head_json":{"title":"Legal reviews - Insuco","robots":{"index":"index","follow":"follow","max-snippet":"max-snippet:-1","max-image-preview":"max-image-preview:large","max-video-preview":"max-video-preview:-1"},"canonical":"https:\/\/www.insuco.com\/en\/legal-reviews\/","og_locale":"en_US","og_type":"article","og_title":"Legal reviews - Insuco","og_description":"ServicesLegal reviewsIn a transverse manner to our services, we offer legal reviews in order to legally secure any development or industrial project, with regard to the standards applicable in the social field, both at national and international level. This service is based on a comparative approach of various national and local standards, legal or customary, [&hellip;]","og_url":"https:\/\/www.insuco.com\/en\/legal-reviews\/","og_site_name":"Insuco","article_modified_time":"2024-08-07T11:37:21+00:00","twitter_card":"summary_large_image","twitter_misc":{"Est. reading time":"6 minutes"},"schema":{"@context":"https:\/\/schema.org","@graph":[{"@type":"WebPage","@id":"https:\/\/www.insuco.com\/en\/legal-reviews\/","url":"https:\/\/www.insuco.com\/en\/legal-reviews\/","name":"Legal reviews - Insuco","isPartOf":{"@id":"https:\/\/www.insuco.com\/en\/#website"},"datePublished":"2019-08-01T19:50:34+00:00","dateModified":"2024-08-07T11:37:21+00:00","breadcrumb":{"@id":"https:\/\/www.insuco.com\/en\/legal-reviews\/#breadcrumb"},"inLanguage":"en-US","potentialAction":[{"@type":"ReadAction","target":["https:\/\/www.insuco.com\/en\/legal-reviews\/"]}]},{"@type":"BreadcrumbList","@id":"https:\/\/www.insuco.com\/en\/legal-reviews\/#breadcrumb","itemListElement":[{"@type":"ListItem","position":1,"name":"Accueil","item":"https:\/\/www.insuco.com\/en\/"},{"@type":"ListItem","position":2,"name":"Legal reviews"}]},{"@type":"WebSite","@id":"https:\/\/www.insuco.com\/en\/#website","url":"https:\/\/www.insuco.com\/en\/","name":"Insuco","description":"Local understanding for sustainable solutions","potentialAction":[{"@type":"SearchAction","target":{"@type":"EntryPoint","urlTemplate":"https:\/\/www.insuco.com\/en\/?s={search_term_string}"},"query-input":{"@type":"PropertyValueSpecification","valueRequired":true,"valueName":"search_term_string"}}],"inLanguage":"en-US"}]}},"_links":{"self":[{"href":"https:\/\/www.insuco.com\/en\/wp-json\/wp\/v2\/pages\/23011","targetHints":{"allow":["GET"]}}],"collection":[{"href":"https:\/\/www.insuco.com\/en\/wp-json\/wp\/v2\/pages"}],"about":[{"href":"https:\/\/www.insuco.com\/en\/wp-json\/wp\/v2\/types\/page"}],"author":[{"embeddable":true,"href":"https:\/\/www.insuco.com\/en\/wp-json\/wp\/v2\/users\/1"}],"replies":[{"embeddable":true,"href":"https:\/\/www.insuco.com\/en\/wp-json\/wp\/v2\/comments?post=23011"}],"version-history":[{"count":10,"href":"https:\/\/www.insuco.com\/en\/wp-json\/wp\/v2\/pages\/23011\/revisions"}],"predecessor-version":[{"id":53264,"href":"https:\/\/www.insuco.com\/en\/wp-json\/wp\/v2\/pages\/23011\/revisions\/53264"}],"wp:attachment":[{"href":"https:\/\/www.insuco.com\/en\/wp-json\/wp\/v2\/media?parent=23011"}],"curies":[{"name":"wp","href":"https:\/\/api.w.org\/{rel}","templated":true}]}}