{"id":53220,"date":"2024-08-07T13:27:58","date_gmt":"2024-08-07T11:27:58","guid":{"rendered":"https:\/\/www.insuco.com\/%d8%a7%d9%84%d8%af%d8%b1%d8%a7%d8%b3%d8%a7%d8%aa-%d8%a7%d9%84%d9%82%d8%b7%d8%a7%d8%b9%d9%8a%d8%a9-%d9%88%d8%af%d8%b1%d8%a7%d8%b3%d8%a7%d8%aa-%d8%a7%d9%84%d8%b3%d9%88%d9%82\/"},"modified":"2024-08-08T16:35:39","modified_gmt":"2024-08-08T14:35:39","slug":"%d8%a7%d9%84%d8%af%d8%b1%d8%a7%d8%b3%d8%a7%d8%aa-%d8%a7%d9%84%d9%82%d8%b7%d8%a7%d8%b9%d9%8a%d8%a9-%d9%88%d8%af%d8%b1%d8%a7%d8%b3%d8%a7%d8%aa-%d8%a7%d9%84%d8%b3%d9%88%d9%82","status":"publish","type":"page","link":"https:\/\/www.insuco.com\/ar\/%d8%a7%d9%84%d8%af%d8%b1%d8%a7%d8%b3%d8%a7%d8%aa-%d8%a7%d9%84%d9%82%d8%b7%d8%a7%d8%b9%d9%8a%d8%a9-%d9%88%d8%af%d8%b1%d8%a7%d8%b3%d8%a7%d8%aa-%d8%a7%d9%84%d8%b3%d9%88%d9%82\/","title":{"rendered":"\u0627\u0644\u062f\u0631\u0627\u0633\u0627\u062a \u0627\u0644\u0642\u0637\u0627\u0639\u064a\u0629 \u0648\u062f\u0631\u0627\u0633\u0627\u062a \u0627\u0644\u0633\u0648\u0642"},"content":{"rendered":"<p>[et_pb_section fb_built=&#8221;1&#8243; disabled_on=&#8221;off|off|off&#8221; _builder_version=&#8221;4.16&#8243; use_background_color_gradient=&#8221;on&#8221; background_color_gradient_stops=&#8221;#00818b 0%|rgba(0,129,139,0.99) 100%&#8221; background_color_gradient_overlays_image=&#8221;on&#8221; background_color_gradient_start=&#8221;#00818b&#8221; background_color_gradient_end=&#8221;rgba(0,129,139,0.99)&#8221; background_image=&#8221;https:\/\/www.insuco.com\/wp-content\/uploads\/2019\/04\/insuco-slider2.jpg&#8221; custom_padding=&#8221;65px|0px|23px|0px|false|false&#8221; global_colors_info=&#8221;{}&#8221;][et_pb_row _builder_version=&#8221;4.16&#8243; custom_padding=&#8221;27px|0px|0|0px|false|false&#8221; global_colors_info=&#8221;{}&#8221;][et_pb_column type=&#8221;4_4&#8243; _builder_version=&#8221;4.16&#8243; custom_padding=&#8221;|||&#8221; global_colors_info=&#8221;{}&#8221; custom_padding__hover=&#8221;|||&#8221;][et_pb_text _builder_version=&#8221;4.16&#8243; header_font=&#8221;|300|||||||&#8221; header_text_color=&#8221;#ffffff&#8221; header_font_size=&#8221;70px&#8221; header_2_font=&#8221;||||||||&#8221; header_2_text_color=&#8221;#ffffff&#8221; header_2_font_size=&#8221;60px&#8221; custom_padding=&#8221;|||&#8221; animation_style=&#8221;slide&#8221; animation_direction=&#8221;right&#8221; animation_delay=&#8221;500ms&#8221; header_font_size_tablet=&#8221;&#8221; header_font_size_phone=&#8221;50px&#8221; header_font_size_last_edited=&#8221;on|phone&#8221; global_colors_info=&#8221;{}&#8221; header_2_text_color__hover_enabled=&#8221;on&#8221; header_2_text_color__hover=&#8221;#b1e3e3&#8243;]<\/p>\n<h1>\u062e\u062f\u0645\u0627\u062a<\/h1>\n<p>[\/et_pb_text][\/et_pb_column][\/et_pb_row][\/et_pb_section][et_pb_section fb_built=&#8221;1&#8243; _builder_version=&#8221;4.16&#8243; custom_padding=&#8221;21px|0px|37px|0px|false|false&#8221; global_colors_info=&#8221;{}&#8221;][et_pb_row make_equal=&#8221;on&#8221; _builder_version=&#8221;4.16&#8243; custom_margin=&#8221;16px|auto||auto||&#8221; global_colors_info=&#8221;{}&#8221;][et_pb_column type=&#8221;4_4&#8243; _builder_version=&#8221;4.16&#8243; custom_padding=&#8221;|||&#8221; global_colors_info=&#8221;{}&#8221; custom_padding__hover=&#8221;|||&#8221;][et_pb_text _builder_version=&#8221;4.27.0&#8243; text_font=&#8221;||||||||&#8221; header_font=&#8221;||||||||&#8221; header_2_font=&#8221;||||||||&#8221; header_2_text_color=&#8221;#00818b&#8221; header_2_font_size=&#8221;55px&#8221; module_alignment=&#8221;center&#8221; custom_padding=&#8221;0px|||||&#8221; hover_enabled=&#8221;0&#8243; header_2_font_size_tablet=&#8221;&#8221; header_2_font_size_phone=&#8221;40px&#8221; header_2_font_size_last_edited=&#8221;on|phone&#8221; global_colors_info=&#8221;{}&#8221; sticky_enabled=&#8221;0&#8243;]<\/p>\n<h2>\u0627\u0644\u062f\u0631\u0627\u0633\u0627\u062a \u0627\u0644\u0642\u0637\u0627\u0639\u064a\u0629 \u0648\u062f\u0631\u0627\u0633\u0627\u062a \u0627\u0644\u0633\u0648\u0642<\/h2>\n<p>[\/et_pb_text][\/et_pb_column][\/et_pb_row][et_pb_row column_structure=&#8221;1_2,1_2&#8243; use_custom_gutter=&#8221;on&#8221; gutter_width=&#8221;2&#8243; _builder_version=&#8221;4.16&#8243; custom_padding=&#8221;||16px|||&#8221; global_colors_info=&#8221;{}&#8221;][et_pb_column type=&#8221;1_2&#8243; _builder_version=&#8221;4.16&#8243; custom_padding=&#8221;|||&#8221; global_colors_info=&#8221;{}&#8221; custom_padding__hover=&#8221;|||&#8221;][et_pb_image src=&#8221;https:\/\/www.insuco.com\/wp-content\/uploads\/2019\/06\/Etudes-5-filiere.jpg&#8221; align_tablet=&#8221;center&#8221; align_phone=&#8221;&#8221; align_last_edited=&#8221;on|desktop&#8221; _builder_version=&#8221;4.16&#8243; global_colors_info=&#8221;{}&#8221;][\/et_pb_image][\/et_pb_column][et_pb_column type=&#8221;1_2&#8243; _builder_version=&#8221;4.16&#8243; custom_padding=&#8221;|||&#8221; global_colors_info=&#8221;{}&#8221; custom_padding__hover=&#8221;|||&#8221;][et_pb_text _builder_version=&#8221;4.27.0&#8243; header_font=&#8221;||||||||&#8221; header_2_font=&#8221;||||||||&#8221; header_2_font_size=&#8221;40px&#8221; header_3_font=&#8221;|300|on||||||&#8221; header_3_font_size=&#8221;32px&#8221; hover_enabled=&#8221;0&#8243; global_colors_info=&#8221;{}&#8221; sticky_enabled=&#8221;0&#8243;]<\/p>\n<p>Nous produisons des \u00e9tudes d\u00e9taill\u00e9es pour accompagner nos clients dans la mise en place d\u2019un syst\u00e8me d\u2019approvisionnement, d\u2019une politique d\u2019int\u00e9gration, de nouveaux investissements, ou encore lors de la formulation d\u2019actions \u00e0 mener dans le cadre de l\u2019accompagnement de communaut\u00e9s.\u00a0<\/p>\n<p>Nos \u00e9tudes permettent ainsi de produire une description quantifi\u00e9e au niveau technique, \u00e9conomique et organisationnel des syst\u00e8mes de production, ainsi que de la fili\u00e8re commerciale jusqu\u2019au consommateur. Elles permettent d\u2019identifier les points forts d\u2019un syst\u00e8me, ses points faibles, ainsi que les potentiels goulets d\u2019\u00e9tranglement, synergies et liaisons intersectorielles, afin de pouvoir d\u00e9finir des politiques d\u2019accompagnement pertinentes, ou de d\u00e9velopper un produit ou service adapt\u00e9 aux strat\u00e9gies locales et tendances du march\u00e9. Cela passe notamment par la compr\u00e9hension des logiques des syst\u00e8mes de production et leur capacit\u00e9 ou non \u00e0 d\u00e9velopper un produit en termes de volumes.<\/p>\n<p>[\/et_pb_text][\/et_pb_column][\/et_pb_row][\/et_pb_section][et_pb_section fb_built=&#8221;1&#8243; _builder_version=&#8221;4.16&#8243; background_color=&#8221;rgba(177,227,227,0.25)&#8221; custom_padding=&#8221;0|0px|0|0px|false|false&#8221; global_colors_info=&#8221;{}&#8221;][et_pb_row column_structure=&#8221;1_2,1_2&#8243; use_custom_gutter=&#8221;on&#8221; gutter_width=&#8221;1&#8243; make_equal=&#8221;on&#8221; module_class=&#8221; et_pb_row_fullwidth&#8221; _builder_version=&#8221;4.16&#8243; background_color=&#8221;#00818b&#8221; use_background_color_gradient=&#8221;on&#8221; background_color_gradient_overlays_image=&#8221;on&#8221; width=&#8221;100%&#8221; width_tablet=&#8221;100%&#8221; width_phone=&#8221;&#8221; width_last_edited=&#8221;on|desktop&#8221; max_width=&#8221;100%&#8221; max_width_tablet=&#8221;100%&#8221; max_width_phone=&#8221;&#8221; max_width_last_edited=&#8221;on|desktop&#8221; custom_padding=&#8221;0|0px|0|0px|false|false&#8221; make_fullwidth=&#8221;on&#8221; global_colors_info=&#8221;{}&#8221;][et_pb_column type=&#8221;1_2&#8243; _builder_version=&#8221;4.16&#8243; background_color=&#8221;#00818b&#8221; custom_padding=&#8221;50px||50px|&#8221; global_colors_info=&#8221;{}&#8221; custom_padding__hover=&#8221;|||&#8221;][et_pb_cta title=&#8221;\u0642\u0637\u0627\u0639\u0627\u062a \u0627\u0644\u062a\u062f\u062e\u0644 \u0644\u062f\u064a\u0646\u0627&#8221; button_url=&#8221;https:\/\/www.insuco.com\/ar\/%d8%a7%d9%84%d9%82%d8%b7%d8%a7%d8%b9%d8%a7%d8%aa\/&#8221; button_text=&#8221;\u0627\u0643\u062a\u0634\u0641 \u0642\u0637\u0627\u0639\u0627\u062a\u0646\u0627&#8221; _builder_version=&#8221;4.27.0&#8243; header_font=&#8221;||||||||&#8221; header_text_color=&#8221;#ffffff&#8221; header_font_size=&#8221;34px&#8221; body_font=&#8221;||||||||&#8221; body_text_color=&#8221;#ffffff&#8221; background_color=&#8221;rgba(89,175,181,0)&#8221; custom_button=&#8221;on&#8221; button_bg_color=&#8221;#59afb5&#8243; button_border_color=&#8221;#59afb5&#8243; button_font=&#8221;||||||||&#8221; background_layout=&#8221;light&#8221; max_width=&#8221;600px&#8221; module_alignment=&#8221;center&#8221; animation_style=&#8221;zoom&#8221; link_option_url=&#8221;https:\/\/www.insuco.com\/ar\/%d8%a7%d9%84%d9%82%d8%b7%d8%a7%d8%b9%d8%a7%d8%aa\/&#8221; global_module=&#8221;13784&#8243; saved_tabs=&#8221;all&#8221; global_colors_info=&#8221;{}&#8221;]<\/p>\n<p>Nous intervenons aupr\u00e8s de nombreux secteurs pour la ma\u00eetrise des enjeux sociaux et la compr\u00e9hension des contextes locaux. Depuis 13 ans, d\u00e9j\u00e0 pr\u00e8s de 350 organisations nous ont fait confiance.<\/p>\n<p>[\/et_pb_cta][\/et_pb_column][et_pb_column type=&#8221;1_2&#8243; _builder_version=&#8221;4.16&#8243; background_color=&#8221;rgba(0,129,139,0)&#8221; use_background_color_gradient=&#8221;on&#8221; background_color_gradient_stops=&#8221;rgba(0,129,139,0.69) 0%|rgba(0,129,139,0.58) 100%&#8221; background_color_gradient_overlays_image=&#8221;on&#8221; background_color_gradient_start=&#8221;rgba(0,129,139,0.69)&#8221; background_color_gradient_end=&#8221;rgba(0,129,139,0.58)&#8221; background_image=&#8221;https:\/\/www.insuco.com\/wp-content\/uploads\/2019\/05\/Terrain_BF.jpg&#8221; custom_padding=&#8221;50px||50px|&#8221; global_colors_info=&#8221;{}&#8221; custom_padding__hover=&#8221;|||&#8221;][et_pb_cta title=&#8221;\u0623\u062e\u0628\u0631\u0646\u0627 \u0639\u0646 \u0645\u0634\u0631\u0648\u0639\u0643!&#8221; button_url=&#8221;https:\/\/www.insuco.com\/ar\/%d8%a7%d8%aa%d8%b5%d9%84-%d8%a8%d9%86%d8%a7\/&#8221; button_text=&#8221;\u0627\u062a\u0635\u0644 \u0628\u0646\u0627&#8221; _builder_version=&#8221;3.26&#8243; header_font=&#8221;||||||||&#8221; header_text_color=&#8221;#ffffff&#8221; header_font_size=&#8221;34px&#8221; body_font=&#8221;||||||||&#8221; body_text_color=&#8221;#ffffff&#8221; background_color=&#8221;rgba(89,175,181,0)&#8221; custom_button=&#8221;on&#8221; button_bg_color=&#8221;#59afb5&#8243; button_border_color=&#8221;#59afb5&#8243; button_font=&#8221;||||||||&#8221; background_layout=&#8221;light&#8221; max_width=&#8221;600px&#8221; module_alignment=&#8221;center&#8221; animation_style=&#8221;slide&#8221; link_option_url=&#8221;https:\/\/www.insuco.com\/ar\/%d8%a7%d8%aa%d8%b5%d9%84-%d8%a8%d9%86%d8%a7\/&#8221; z_index_tablet=&#8221;500&#8243; global_module=&#8221;13524&#8243; global_colors_info=&#8221;{}&#8221;]<\/p>\n<p>Vous souhaitez \u00e9changer sur votre projet et ses enjeux ? En savoir plus sur Insuco et nos expertises ? Nous rencontrer ?<\/p>\n<p>[\/et_pb_cta][\/et_pb_column][\/et_pb_row][\/et_pb_section][et_pb_section fb_built=&#8221;1&#8243; _builder_version=&#8221;4.16&#8243; background_color=&#8221;#59afb5&#8243; custom_padding=&#8221;59px||0px|||&#8221; global_colors_info=&#8221;{}&#8221;][et_pb_row use_custom_gutter=&#8221;on&#8221; gutter_width=&#8221;2&#8243; _builder_version=&#8221;4.16&#8243; width=&#8221;100%&#8221; min_height=&#8221;405px&#8221; custom_margin_tablet=&#8221;&#8221; custom_margin_phone=&#8221;&#8221; custom_margin_last_edited=&#8221;on|phone&#8221; custom_padding=&#8221;|20px|6px|20px||&#8221; global_colors_info=&#8221;{}&#8221;][et_pb_column type=&#8221;4_4&#8243; _builder_version=&#8221;4.16&#8243; custom_padding=&#8221;|||&#8221; global_colors_info=&#8221;{}&#8221; custom_padding__hover=&#8221;|||&#8221;][et_pb_portfolio fullwidth=&#8221;off&#8221; posts_number=&#8221;3&#8243; include_categories=&#8221;225&#8243; show_categories=&#8221;off&#8221; show_pagination=&#8221;off&#8221; module_class=&#8221;projets-associes&#8221; _builder_version=&#8221;4.16&#8243; title_font=&#8221;|600|||||||&#8221; title_text_color=&#8221;#00818b&#8221; title_font_size=&#8221;19px&#8221; title_line_height=&#8221;1.2em&#8221; background_color=&#8221;rgba(255,255,255,0.87)&#8221; custom_padding=&#8221;||||false|false&#8221; title_font_size_tablet=&#8221;&#8221; title_font_size_phone=&#8221;16px&#8221; title_font_size_last_edited=&#8221;on|desktop&#8221; custom_css_portfolio_image=&#8221;margin:-1px;&#8221; border_width_all=&#8221;1px&#8221; border_color_all=&#8221;rgba(0,129,139,0.29)&#8221; global_colors_info=&#8221;{}&#8221;][\/et_pb_portfolio][\/et_pb_column][\/et_pb_row][\/et_pb_section][et_pb_section fb_built=&#8221;1&#8243; _builder_version=&#8221;4.16&#8243; background_color=&#8221;#59afb5&#8243; custom_padding=&#8221;26px|||||&#8221; link_option_url=&#8221;https:\/\/www.insuco.com\/projets-recents-ou-en-cours\/&#8221; global_colors_info=&#8221;{}&#8221;][et_pb_row _builder_version=&#8221;4.16&#8243; custom_padding=&#8221;0|0px|1px|0px|false|false&#8221; global_colors_info=&#8221;{}&#8221;][et_pb_column type=&#8221;4_4&#8243; _builder_version=&#8221;4.16&#8243; custom_padding=&#8221;|||&#8221; global_colors_info=&#8221;{}&#8221; custom_padding__hover=&#8221;|||&#8221;][et_pb_text _builder_version=&#8221;4.16&#8243; header_font=&#8221;||||||||&#8221; header_2_font=&#8221;||||||||&#8221; header_2_text_align=&#8221;center&#8221; header_2_text_color=&#8221;#ffffff&#8221; header_2_font_size=&#8221;34px&#8221; header_2_font_size_tablet=&#8221;&#8221; header_2_font_size_phone=&#8221;30px&#8221; header_2_font_size_last_edited=&#8221;on|phone&#8221; global_colors_info=&#8221;{}&#8221;]<\/p>\n<h2>\u0627\u0643\u062a\u0634\u0641 \u0645\u0634\u0627\u0631\u064a\u0639\u0646\u0627<\/h2>\n<p>[\/et_pb_text][et_pb_button button_url=&#8221;https:\/\/www.insuco.com\/ar\/%d8%a7%d9%84%d9%85%d8%b4%d8%a7%d8%b1%d9%8a%d8%b9-%d8%a7%d9%84%d8%ad%d8%af%d9%8a%d8%ab%d8%a9-%d8%a3%d9%88-%d8%a7%d9%84%d8%ad%d8%a7%d9%84%d9%8a%d8%a9\/&#8221; button_text=&#8221;\u062c\u0645\u064a\u0639 \u0645\u0634\u0627\u0631\u064a\u0639\u0646\u0627&#8221; button_alignment=&#8221;center&#8221; _builder_version=&#8221;4.16&#8243; custom_button=&#8221;on&#8221; button_text_color=&#8221;#ffffff&#8221; button_bg_color=&#8221;#00818b&#8221; button_border_color=&#8221;#00818b&#8221; button_font=&#8221;||||||||&#8221; custom_margin=&#8221;30px|50px|30px|50px&#8221; global_colors_info=&#8221;{}&#8221;][\/et_pb_button][\/et_pb_column][\/et_pb_row][\/et_pb_section]<\/p>\n","protected":false},"excerpt":{"rendered":"<p>\u062e\u062f\u0645\u0627\u062a\u0627\u0644\u062f\u0631\u0627\u0633\u0627\u062a \u0627\u0644\u0642\u0637\u0627\u0639\u064a\u0629 \u0648\u062f\u0631\u0627\u0633\u0627\u062a \u0627\u0644\u0633\u0648\u0642Nous produisons des \u00e9tudes d\u00e9taill\u00e9es pour accompagner nos clients dans la mise en place d\u2019un syst\u00e8me d\u2019approvisionnement, d\u2019une politique d\u2019int\u00e9gration, de nouveaux investissements, ou encore lors de la formulation d\u2019actions \u00e0 mener dans le cadre de l\u2019accompagnement de communaut\u00e9s.\u00a0 Nos \u00e9tudes permettent ainsi de produire une description quantifi\u00e9e au niveau technique, \u00e9conomique [&hellip;]<\/p>\n","protected":false},"author":1,"featured_media":0,"parent":0,"menu_order":0,"comment_status":"closed","ping_status":"closed","template":"","meta":{"_acf_changed":false,"_et_pb_use_builder":"on","_et_pb_old_content":"","_et_gb_content_width":"","footnotes":""},"class_list":["post-53220","page","type-page","status-publish","hentry"],"acf":[],"yoast_head":"<!-- This site is optimized with the Yoast SEO plugin v26.0 - https:\/\/yoast.com\/wordpress\/plugins\/seo\/ -->\n<title>\u0627\u0644\u062f\u0631\u0627\u0633\u0627\u062a \u0627\u0644\u0642\u0637\u0627\u0639\u064a\u0629 \u0648\u062f\u0631\u0627\u0633\u0627\u062a \u0627\u0644\u0633\u0648\u0642 - Insuco<\/title>\n<meta name=\"robots\" content=\"index, follow, max-snippet:-1, max-image-preview:large, max-video-preview:-1\" \/>\n<link rel=\"canonical\" href=\"https:\/\/www.insuco.com\/ar\/%d8%a7%d9%84%d8%af%d8%b1%d8%a7%d8%b3%d8%a7%d8%aa-%d8%a7%d9%84%d9%82%d8%b7%d8%a7%d8%b9%d9%8a%d8%a9-%d9%88%d8%af%d8%b1%d8%a7%d8%b3%d8%a7%d8%aa-%d8%a7%d9%84%d8%b3%d9%88%d9%82\/\" \/>\n<meta property=\"og:locale\" content=\"ar_AR\" \/>\n<meta property=\"og:type\" content=\"article\" \/>\n<meta property=\"og:title\" content=\"\u0627\u0644\u062f\u0631\u0627\u0633\u0627\u062a \u0627\u0644\u0642\u0637\u0627\u0639\u064a\u0629 \u0648\u062f\u0631\u0627\u0633\u0627\u062a \u0627\u0644\u0633\u0648\u0642 - Insuco\" \/>\n<meta property=\"og:description\" content=\"\u062e\u062f\u0645\u0627\u062a\u0627\u0644\u062f\u0631\u0627\u0633\u0627\u062a \u0627\u0644\u0642\u0637\u0627\u0639\u064a\u0629 \u0648\u062f\u0631\u0627\u0633\u0627\u062a \u0627\u0644\u0633\u0648\u0642Nous produisons des \u00e9tudes d\u00e9taill\u00e9es pour accompagner nos clients dans la mise en place d\u2019un syst\u00e8me d\u2019approvisionnement, d\u2019une politique d\u2019int\u00e9gration, de nouveaux investissements, ou encore lors de la formulation d\u2019actions \u00e0 mener dans le cadre de l\u2019accompagnement de communaut\u00e9s.\u00a0 Nos \u00e9tudes permettent ainsi de produire une description quantifi\u00e9e au niveau technique, \u00e9conomique [&hellip;]\" \/>\n<meta property=\"og:url\" content=\"https:\/\/www.insuco.com\/ar\/%d8%a7%d9%84%d8%af%d8%b1%d8%a7%d8%b3%d8%a7%d8%aa-%d8%a7%d9%84%d9%82%d8%b7%d8%a7%d8%b9%d9%8a%d8%a9-%d9%88%d8%af%d8%b1%d8%a7%d8%b3%d8%a7%d8%aa-%d8%a7%d9%84%d8%b3%d9%88%d9%82\/\" \/>\n<meta property=\"og:site_name\" content=\"Insuco\" \/>\n<meta property=\"article:modified_time\" content=\"2024-08-08T14:35:39+00:00\" \/>\n<meta name=\"twitter:card\" content=\"summary_large_image\" \/>\n<meta name=\"twitter:label1\" content=\"\u0648\u0642\u062a \u0627\u0644\u0642\u0631\u0627\u0621\u0629 \u0627\u0644\u0645\u064f\u0642\u062f\u0651\u0631\" \/>\n\t<meta name=\"twitter:data1\" content=\"7 \u062f\u0642\u0627\u0626\u0642\" \/>\n<script type=\"application\/ld+json\" class=\"yoast-schema-graph\">{\"@context\":\"https:\/\/schema.org\",\"@graph\":[{\"@type\":\"WebPage\",\"@id\":\"https:\/\/www.insuco.com\/ar\/%d8%a7%d9%84%d8%af%d8%b1%d8%a7%d8%b3%d8%a7%d8%aa-%d8%a7%d9%84%d9%82%d8%b7%d8%a7%d8%b9%d9%8a%d8%a9-%d9%88%d8%af%d8%b1%d8%a7%d8%b3%d8%a7%d8%aa-%d8%a7%d9%84%d8%b3%d9%88%d9%82\/\",\"url\":\"https:\/\/www.insuco.com\/ar\/%d8%a7%d9%84%d8%af%d8%b1%d8%a7%d8%b3%d8%a7%d8%aa-%d8%a7%d9%84%d9%82%d8%b7%d8%a7%d8%b9%d9%8a%d8%a9-%d9%88%d8%af%d8%b1%d8%a7%d8%b3%d8%a7%d8%aa-%d8%a7%d9%84%d8%b3%d9%88%d9%82\/\",\"name\":\"\u0627\u0644\u062f\u0631\u0627\u0633\u0627\u062a \u0627\u0644\u0642\u0637\u0627\u0639\u064a\u0629 \u0648\u062f\u0631\u0627\u0633\u0627\u062a \u0627\u0644\u0633\u0648\u0642 - Insuco\",\"isPartOf\":{\"@id\":\"https:\/\/www.insuco.com\/ar\/#website\"},\"datePublished\":\"2024-08-07T11:27:58+00:00\",\"dateModified\":\"2024-08-08T14:35:39+00:00\",\"breadcrumb\":{\"@id\":\"https:\/\/www.insuco.com\/ar\/%d8%a7%d9%84%d8%af%d8%b1%d8%a7%d8%b3%d8%a7%d8%aa-%d8%a7%d9%84%d9%82%d8%b7%d8%a7%d8%b9%d9%8a%d8%a9-%d9%88%d8%af%d8%b1%d8%a7%d8%b3%d8%a7%d8%aa-%d8%a7%d9%84%d8%b3%d9%88%d9%82\/#breadcrumb\"},\"inLanguage\":\"ar\",\"potentialAction\":[{\"@type\":\"ReadAction\",\"target\":[\"https:\/\/www.insuco.com\/ar\/%d8%a7%d9%84%d8%af%d8%b1%d8%a7%d8%b3%d8%a7%d8%aa-%d8%a7%d9%84%d9%82%d8%b7%d8%a7%d8%b9%d9%8a%d8%a9-%d9%88%d8%af%d8%b1%d8%a7%d8%b3%d8%a7%d8%aa-%d8%a7%d9%84%d8%b3%d9%88%d9%82\/\"]}]},{\"@type\":\"BreadcrumbList\",\"@id\":\"https:\/\/www.insuco.com\/ar\/%d8%a7%d9%84%d8%af%d8%b1%d8%a7%d8%b3%d8%a7%d8%aa-%d8%a7%d9%84%d9%82%d8%b7%d8%a7%d8%b9%d9%8a%d8%a9-%d9%88%d8%af%d8%b1%d8%a7%d8%b3%d8%a7%d8%aa-%d8%a7%d9%84%d8%b3%d9%88%d9%82\/#breadcrumb\",\"itemListElement\":[{\"@type\":\"ListItem\",\"position\":1,\"name\":\"Accueil\",\"item\":\"https:\/\/www.insuco.com\/ar\/\"},{\"@type\":\"ListItem\",\"position\":2,\"name\":\"\u0627\u0644\u062f\u0631\u0627\u0633\u0627\u062a \u0627\u0644\u0642\u0637\u0627\u0639\u064a\u0629 \u0648\u062f\u0631\u0627\u0633\u0627\u062a \u0627\u0644\u0633\u0648\u0642\"}]},{\"@type\":\"WebSite\",\"@id\":\"https:\/\/www.insuco.com\/ar\/#website\",\"url\":\"https:\/\/www.insuco.com\/ar\/\",\"name\":\"Insuco\",\"description\":\"Local understanding for sustainable solutions\",\"potentialAction\":[{\"@type\":\"SearchAction\",\"target\":{\"@type\":\"EntryPoint\",\"urlTemplate\":\"https:\/\/www.insuco.com\/ar\/?s={search_term_string}\"},\"query-input\":{\"@type\":\"PropertyValueSpecification\",\"valueRequired\":true,\"valueName\":\"search_term_string\"}}],\"inLanguage\":\"ar\"}]}<\/script>\n<!-- \/ Yoast SEO plugin. -->","yoast_head_json":{"title":"\u0627\u0644\u062f\u0631\u0627\u0633\u0627\u062a \u0627\u0644\u0642\u0637\u0627\u0639\u064a\u0629 \u0648\u062f\u0631\u0627\u0633\u0627\u062a \u0627\u0644\u0633\u0648\u0642 - Insuco","robots":{"index":"index","follow":"follow","max-snippet":"max-snippet:-1","max-image-preview":"max-image-preview:large","max-video-preview":"max-video-preview:-1"},"canonical":"https:\/\/www.insuco.com\/ar\/%d8%a7%d9%84%d8%af%d8%b1%d8%a7%d8%b3%d8%a7%d8%aa-%d8%a7%d9%84%d9%82%d8%b7%d8%a7%d8%b9%d9%8a%d8%a9-%d9%88%d8%af%d8%b1%d8%a7%d8%b3%d8%a7%d8%aa-%d8%a7%d9%84%d8%b3%d9%88%d9%82\/","og_locale":"ar_AR","og_type":"article","og_title":"\u0627\u0644\u062f\u0631\u0627\u0633\u0627\u062a \u0627\u0644\u0642\u0637\u0627\u0639\u064a\u0629 \u0648\u062f\u0631\u0627\u0633\u0627\u062a \u0627\u0644\u0633\u0648\u0642 - Insuco","og_description":"\u062e\u062f\u0645\u0627\u062a\u0627\u0644\u062f\u0631\u0627\u0633\u0627\u062a \u0627\u0644\u0642\u0637\u0627\u0639\u064a\u0629 \u0648\u062f\u0631\u0627\u0633\u0627\u062a \u0627\u0644\u0633\u0648\u0642Nous produisons des \u00e9tudes d\u00e9taill\u00e9es pour accompagner nos clients dans la mise en place d\u2019un syst\u00e8me d\u2019approvisionnement, d\u2019une politique d\u2019int\u00e9gration, de nouveaux investissements, ou encore lors de la formulation d\u2019actions \u00e0 mener dans le cadre de l\u2019accompagnement de communaut\u00e9s.\u00a0 Nos \u00e9tudes permettent ainsi de produire une description quantifi\u00e9e au niveau technique, \u00e9conomique [&hellip;]","og_url":"https:\/\/www.insuco.com\/ar\/%d8%a7%d9%84%d8%af%d8%b1%d8%a7%d8%b3%d8%a7%d8%aa-%d8%a7%d9%84%d9%82%d8%b7%d8%a7%d8%b9%d9%8a%d8%a9-%d9%88%d8%af%d8%b1%d8%a7%d8%b3%d8%a7%d8%aa-%d8%a7%d9%84%d8%b3%d9%88%d9%82\/","og_site_name":"Insuco","article_modified_time":"2024-08-08T14:35:39+00:00","twitter_card":"summary_large_image","twitter_misc":{"\u0648\u0642\u062a \u0627\u0644\u0642\u0631\u0627\u0621\u0629 \u0627\u0644\u0645\u064f\u0642\u062f\u0651\u0631":"7 \u062f\u0642\u0627\u0626\u0642"},"schema":{"@context":"https:\/\/schema.org","@graph":[{"@type":"WebPage","@id":"https:\/\/www.insuco.com\/ar\/%d8%a7%d9%84%d8%af%d8%b1%d8%a7%d8%b3%d8%a7%d8%aa-%d8%a7%d9%84%d9%82%d8%b7%d8%a7%d8%b9%d9%8a%d8%a9-%d9%88%d8%af%d8%b1%d8%a7%d8%b3%d8%a7%d8%aa-%d8%a7%d9%84%d8%b3%d9%88%d9%82\/","url":"https:\/\/www.insuco.com\/ar\/%d8%a7%d9%84%d8%af%d8%b1%d8%a7%d8%b3%d8%a7%d8%aa-%d8%a7%d9%84%d9%82%d8%b7%d8%a7%d8%b9%d9%8a%d8%a9-%d9%88%d8%af%d8%b1%d8%a7%d8%b3%d8%a7%d8%aa-%d8%a7%d9%84%d8%b3%d9%88%d9%82\/","name":"\u0627\u0644\u062f\u0631\u0627\u0633\u0627\u062a \u0627\u0644\u0642\u0637\u0627\u0639\u064a\u0629 \u0648\u062f\u0631\u0627\u0633\u0627\u062a \u0627\u0644\u0633\u0648\u0642 - Insuco","isPartOf":{"@id":"https:\/\/www.insuco.com\/ar\/#website"},"datePublished":"2024-08-07T11:27:58+00:00","dateModified":"2024-08-08T14:35:39+00:00","breadcrumb":{"@id":"https:\/\/www.insuco.com\/ar\/%d8%a7%d9%84%d8%af%d8%b1%d8%a7%d8%b3%d8%a7%d8%aa-%d8%a7%d9%84%d9%82%d8%b7%d8%a7%d8%b9%d9%8a%d8%a9-%d9%88%d8%af%d8%b1%d8%a7%d8%b3%d8%a7%d8%aa-%d8%a7%d9%84%d8%b3%d9%88%d9%82\/#breadcrumb"},"inLanguage":"ar","potentialAction":[{"@type":"ReadAction","target":["https:\/\/www.insuco.com\/ar\/%d8%a7%d9%84%d8%af%d8%b1%d8%a7%d8%b3%d8%a7%d8%aa-%d8%a7%d9%84%d9%82%d8%b7%d8%a7%d8%b9%d9%8a%d8%a9-%d9%88%d8%af%d8%b1%d8%a7%d8%b3%d8%a7%d8%aa-%d8%a7%d9%84%d8%b3%d9%88%d9%82\/"]}]},{"@type":"BreadcrumbList","@id":"https:\/\/www.insuco.com\/ar\/%d8%a7%d9%84%d8%af%d8%b1%d8%a7%d8%b3%d8%a7%d8%aa-%d8%a7%d9%84%d9%82%d8%b7%d8%a7%d8%b9%d9%8a%d8%a9-%d9%88%d8%af%d8%b1%d8%a7%d8%b3%d8%a7%d8%aa-%d8%a7%d9%84%d8%b3%d9%88%d9%82\/#breadcrumb","itemListElement":[{"@type":"ListItem","position":1,"name":"Accueil","item":"https:\/\/www.insuco.com\/ar\/"},{"@type":"ListItem","position":2,"name":"\u0627\u0644\u062f\u0631\u0627\u0633\u0627\u062a \u0627\u0644\u0642\u0637\u0627\u0639\u064a\u0629 \u0648\u062f\u0631\u0627\u0633\u0627\u062a \u0627\u0644\u0633\u0648\u0642"}]},{"@type":"WebSite","@id":"https:\/\/www.insuco.com\/ar\/#website","url":"https:\/\/www.insuco.com\/ar\/","name":"Insuco","description":"Local understanding for sustainable solutions","potentialAction":[{"@type":"SearchAction","target":{"@type":"EntryPoint","urlTemplate":"https:\/\/www.insuco.com\/ar\/?s={search_term_string}"},"query-input":{"@type":"PropertyValueSpecification","valueRequired":true,"valueName":"search_term_string"}}],"inLanguage":"ar"}]}},"_links":{"self":[{"href":"https:\/\/www.insuco.com\/ar\/wp-json\/wp\/v2\/pages\/53220","targetHints":{"allow":["GET"]}}],"collection":[{"href":"https:\/\/www.insuco.com\/ar\/wp-json\/wp\/v2\/pages"}],"about":[{"href":"https:\/\/www.insuco.com\/ar\/wp-json\/wp\/v2\/types\/page"}],"author":[{"embeddable":true,"href":"https:\/\/www.insuco.com\/ar\/wp-json\/wp\/v2\/users\/1"}],"replies":[{"embeddable":true,"href":"https:\/\/www.insuco.com\/ar\/wp-json\/wp\/v2\/comments?post=53220"}],"version-history":[{"count":10,"href":"https:\/\/www.insuco.com\/ar\/wp-json\/wp\/v2\/pages\/53220\/revisions"}],"predecessor-version":[{"id":54245,"href":"https:\/\/www.insuco.com\/ar\/wp-json\/wp\/v2\/pages\/53220\/revisions\/54245"}],"wp:attachment":[{"href":"https:\/\/www.insuco.com\/ar\/wp-json\/wp\/v2\/media?parent=53220"}],"curies":[{"name":"wp","href":"https:\/\/api.w.org\/{rel}","templated":true}]}}